{"id":3547,"date":"2023-07-29T19:14:29","date_gmt":"2023-07-29T17:14:29","guid":{"rendered":"https:\/\/elixar.it\/tribe-de\/"},"modified":"2024-03-11T10:55:37","modified_gmt":"2024-03-11T09:55:37","slug":"tribe","status":"publish","type":"page","link":"https:\/\/elixar.it\/de\/tribe\/","title":{"rendered":"Tribe"},"content":{"rendered":"\n<h2 class=\"wp-block-heading has-large-font-size\">Der Elixar-Stamm<\/h2>\n\n<p class=\"wp-block-paragraph\">Der Elixar-Stamm besteht aus Menschen, die GL\u00c4NZEN (shine) und HELFEN (help), w\u00e4hrend sie TUN (do), was sie LIEBEN (love). Gemeinsam werden sie zu einer <em>Ikigai-Akademie<\/em> &#8230; einer treibenden Kraft f\u00fcr Elixar und einer Inspiration, Ihren eigenen Weg zum Wohlbefinden zu finden:<\/p>\n\n<figure class=\"wp-block-image aligncenter size-full is-resized\"><img data-recalc-dims=\"1\" loading=\"lazy\" decoding=\"async\" width=\"600\" height=\"600\" src=\"https:\/\/i0.wp.com\/elixar.it\/wp-content\/uploads\/2024\/03\/Ikigai.png?resize=600%2C600&#038;ssl=1\" alt=\"\" class=\"wp-image-6115\" style=\"width:352px;height:auto\" srcset=\"https:\/\/i0.wp.com\/elixar.it\/wp-content\/uploads\/2024\/03\/Ikigai.png?w=600&amp;ssl=1 600w, https:\/\/i0.wp.com\/elixar.it\/wp-content\/uploads\/2024\/03\/Ikigai.png?resize=300%2C300&amp;ssl=1 300w, https:\/\/i0.wp.com\/elixar.it\/wp-content\/uploads\/2024\/03\/Ikigai.png?resize=150%2C150&amp;ssl=1 150w, https:\/\/i0.wp.com\/elixar.it\/wp-content\/uploads\/2024\/03\/Ikigai.png?resize=400%2C400&amp;ssl=1 400w, https:\/\/i0.wp.com\/elixar.it\/wp-content\/uploads\/2024\/03\/Ikigai.png?resize=200%2C200&amp;ssl=1 200w, https:\/\/i0.wp.com\/elixar.it\/wp-content\/uploads\/2024\/03\/Ikigai.png?resize=450%2C450&amp;ssl=1 450w, https:\/\/i0.wp.com\/elixar.it\/wp-content\/uploads\/2024\/03\/Ikigai.png?resize=100%2C100&amp;ssl=1 100w\" sizes=\"auto, (max-width: 600px) 100vw, 600px\" \/><\/figure>\n\n<p class=\"wp-block-paragraph\">Ein Netzwerk inspirierender Unternehmer, Coaches, Handwerker und Experten &#8230; Der Elixar Tribe vermittelt gute Lebensgef\u00fchle durch ein breites Spektrum erg\u00e4nzender Disziplinen wie Design, Essen, Musik und Sport.<\/p>\n\n<figure class=\"wp-block-image aligncenter size-full is-resized\"><img data-recalc-dims=\"1\" loading=\"lazy\" decoding=\"async\" width=\"300\" height=\"300\" src=\"https:\/\/i0.wp.com\/elixar.it\/wp-content\/uploads\/2023\/07\/Tribe-Transparent.png?resize=300%2C300&#038;ssl=1\" alt=\"Entdecken Sie unseren Stamm\" class=\"wp-image-1401\" style=\"width:104px;height:auto\" srcset=\"https:\/\/i0.wp.com\/elixar.it\/wp-content\/uploads\/2023\/07\/Tribe-Transparent.png?w=300&amp;ssl=1 300w, https:\/\/i0.wp.com\/elixar.it\/wp-content\/uploads\/2023\/07\/Tribe-Transparent.png?resize=150%2C150&amp;ssl=1 150w, https:\/\/i0.wp.com\/elixar.it\/wp-content\/uploads\/2023\/07\/Tribe-Transparent.png?resize=200%2C200&amp;ssl=1 200w, https:\/\/i0.wp.com\/elixar.it\/wp-content\/uploads\/2023\/07\/Tribe-Transparent.png?resize=100%2C100&amp;ssl=1 100w\" sizes=\"auto, (max-width: 300px) 100vw, 300px\" \/><\/figure>\n\n<p class=\"wp-block-paragraph\">Wir pr\u00e4sentieren hier, was der TRIBE mit der Welt zu teilen hat. Tats\u00e4chlich tr\u00e4gt jedes dieser Individuen zur <strong><em>Alchemie der Sinne<\/em><\/strong> bei, indem es K\u00f6rper, Menschen und Orte miteinander verbindet. Auf ihre Art sch\u00fcren sie die <strong><em>Flamme des Lebens<\/em><\/strong> und bewahren die Lebenskunst f\u00fcr kommende Generationen.<\/p>\n","protected":false},"excerpt":{"rendered":"<p>Der Elixar-Stamm Der Elixar-Stamm besteht aus Menschen, die GL\u00c4NZEN (shine) und HELFEN (help), w\u00e4hrend sie TUN (do), was sie LIEBEN (love). Gemeinsam werden sie zu einer Ikigai-Akademie &#8230; einer treibenden Kraft f\u00fcr Elixar und einer Inspiration, Ihren eigenen Weg zum Wohlbefinden zu finden: Ein Netzwerk inspirierender Unternehmer, Coaches, Handwerker und Experten &#8230; Der Elixar Tribe [&hellip;]<\/p>\n","protected":false},"author":144146929,"featured_media":2985,"parent":0,"menu_order":0,"comment_status":"closed","ping_status":"closed","template":"wp-custom-template-tribe-together","meta":{"_crdt_document":"","jetpack_post_was_ever_published":false,"footnotes":""},"class_list":["post-3547","page","type-page","status-publish","has-post-thumbnail","hentry"],"yoast_head":"<!-- This site is optimized with the Yoast SEO plugin v27.2 - https:\/\/yoast.com\/product\/yoast-seo-wordpress\/ -->\n<title>Tribe - Elixar<\/title>\n<meta name=\"robots\" content=\"index, follow, max-snippet:-1, max-image-preview:large, max-video-preview:-1\" \/>\n<link rel=\"canonical\" href=\"https:\/\/elixar.it\/de\/tribe\/\" \/>\n<meta property=\"og:locale\" content=\"de_DE\" \/>\n<meta property=\"og:type\" content=\"article\" \/>\n<meta property=\"og:title\" content=\"Tribe - Elixar\" \/>\n<meta property=\"og:description\" content=\"Der Elixar-Stamm Der Elixar-Stamm besteht aus Menschen, die GL\u00c4NZEN (shine) und HELFEN (help), w\u00e4hrend sie TUN (do), was sie LIEBEN (love). Gemeinsam werden sie zu einer Ikigai-Akademie &#8230; einer treibenden Kraft f\u00fcr Elixar und einer Inspiration, Ihren eigenen Weg zum Wohlbefinden zu finden: Ein Netzwerk inspirierender Unternehmer, Coaches, Handwerker und Experten &#8230; Der Elixar Tribe [&hellip;]\" \/>\n<meta property=\"og:url\" content=\"https:\/\/elixar.it\/de\/tribe\/\" \/>\n<meta property=\"og:site_name\" content=\"Elixar\" \/>\n<meta property=\"article:modified_time\" content=\"2024-03-11T09:55:37+00:00\" \/>\n<meta property=\"og:image\" content=\"https:\/\/i0.wp.com\/elixar.it\/wp-content\/uploads\/2023\/07\/Tribe-Transparent.png?fit=300%2C300&ssl=1\" \/>\n\t<meta property=\"og:image:width\" content=\"300\" \/>\n\t<meta property=\"og:image:height\" content=\"300\" \/>\n\t<meta property=\"og:image:type\" content=\"image\/png\" \/>\n<meta name=\"twitter:card\" content=\"summary_large_image\" \/>\n<meta name=\"twitter:label1\" content=\"Gesch\u00e4tzte Lesezeit\" \/>\n\t<meta name=\"twitter:data1\" content=\"1\u00a0Minute\" \/>\n<script type=\"application\/ld+json\" class=\"yoast-schema-graph\">{\"@context\":\"https:\/\/schema.org\",\"@graph\":[{\"@type\":\"WebPage\",\"@id\":\"https:\/\/elixar.it\/de\/tribe\/\",\"url\":\"https:\/\/elixar.it\/de\/tribe\/\",\"name\":\"Tribe - Elixar\",\"isPartOf\":{\"@id\":\"https:\/\/elixar.it\/de\/#website\"},\"primaryImageOfPage\":{\"@id\":\"https:\/\/elixar.it\/de\/tribe\/#primaryimage\"},\"image\":{\"@id\":\"https:\/\/elixar.it\/de\/tribe\/#primaryimage\"},\"thumbnailUrl\":\"https:\/\/i0.wp.com\/elixar.it\/wp-content\/uploads\/2023\/07\/Tribe-Transparent.png?fit=300%2C300&ssl=1\",\"datePublished\":\"2023-07-29T17:14:29+00:00\",\"dateModified\":\"2024-03-11T09:55:37+00:00\",\"breadcrumb\":{\"@id\":\"https:\/\/elixar.it\/de\/tribe\/#breadcrumb\"},\"inLanguage\":\"de\",\"potentialAction\":[{\"@type\":\"ReadAction\",\"target\":[\"https:\/\/elixar.it\/de\/tribe\/\"]}]},{\"@type\":\"ImageObject\",\"inLanguage\":\"de\",\"@id\":\"https:\/\/elixar.it\/de\/tribe\/#primaryimage\",\"url\":\"https:\/\/i0.wp.com\/elixar.it\/wp-content\/uploads\/2023\/07\/Tribe-Transparent.png?fit=300%2C300&ssl=1\",\"contentUrl\":\"https:\/\/i0.wp.com\/elixar.it\/wp-content\/uploads\/2023\/07\/Tribe-Transparent.png?fit=300%2C300&ssl=1\",\"width\":300,\"height\":300},{\"@type\":\"BreadcrumbList\",\"@id\":\"https:\/\/elixar.it\/de\/tribe\/#breadcrumb\",\"itemListElement\":[{\"@type\":\"ListItem\",\"position\":1,\"name\":\"Home\",\"item\":\"https:\/\/elixar.it\/de\/\"},{\"@type\":\"ListItem\",\"position\":2,\"name\":\"Tribe\"}]},{\"@type\":\"WebSite\",\"@id\":\"https:\/\/elixar.it\/de\/#website\",\"url\":\"https:\/\/elixar.it\/de\/\",\"name\":\"Elixar\",\"description\":\"activate your senses and shine\",\"publisher\":{\"@id\":\"https:\/\/elixar.it\/de\/#organization\"},\"potentialAction\":[{\"@type\":\"SearchAction\",\"target\":{\"@type\":\"EntryPoint\",\"urlTemplate\":\"https:\/\/elixar.it\/de\/?s={search_term_string}\"},\"query-input\":{\"@type\":\"PropertyValueSpecification\",\"valueRequired\":true,\"valueName\":\"search_term_string\"}}],\"inLanguage\":\"de\"},{\"@type\":\"Organization\",\"@id\":\"https:\/\/elixar.it\/de\/#organization\",\"name\":\"Elixar\",\"url\":\"https:\/\/elixar.it\/de\/\",\"logo\":{\"@type\":\"ImageObject\",\"inLanguage\":\"de\",\"@id\":\"https:\/\/elixar.it\/de\/#\/schema\/logo\/image\/\",\"url\":\"https:\/\/i0.wp.com\/elixar.it\/wp-content\/uploads\/2025\/10\/Color-logo-no-flame-no-background-L-Copy.png?fit=2592%2C1267&ssl=1\",\"contentUrl\":\"https:\/\/i0.wp.com\/elixar.it\/wp-content\/uploads\/2025\/10\/Color-logo-no-flame-no-background-L-Copy.png?fit=2592%2C1267&ssl=1\",\"width\":2592,\"height\":1267,\"caption\":\"Elixar\"},\"image\":{\"@id\":\"https:\/\/elixar.it\/de\/#\/schema\/logo\/image\/\"}}]}<\/script>\n<!-- \/ Yoast SEO plugin. -->","yoast_head_json":{"title":"Tribe - Elixar","robots":{"index":"index","follow":"follow","max-snippet":"max-snippet:-1","max-image-preview":"max-image-preview:large","max-video-preview":"max-video-preview:-1"},"canonical":"https:\/\/elixar.it\/de\/tribe\/","og_locale":"de_DE","og_type":"article","og_title":"Tribe - Elixar","og_description":"Der Elixar-Stamm Der Elixar-Stamm besteht aus Menschen, die GL\u00c4NZEN (shine) und HELFEN (help), w\u00e4hrend sie TUN (do), was sie LIEBEN (love). Gemeinsam werden sie zu einer Ikigai-Akademie &#8230; einer treibenden Kraft f\u00fcr Elixar und einer Inspiration, Ihren eigenen Weg zum Wohlbefinden zu finden: Ein Netzwerk inspirierender Unternehmer, Coaches, Handwerker und Experten &#8230; Der Elixar Tribe [&hellip;]","og_url":"https:\/\/elixar.it\/de\/tribe\/","og_site_name":"Elixar","article_modified_time":"2024-03-11T09:55:37+00:00","og_image":[{"width":300,"height":300,"url":"https:\/\/i0.wp.com\/elixar.it\/wp-content\/uploads\/2023\/07\/Tribe-Transparent.png?fit=300%2C300&ssl=1","type":"image\/png"}],"twitter_card":"summary_large_image","twitter_misc":{"Gesch\u00e4tzte Lesezeit":"1\u00a0Minute"},"schema":{"@context":"https:\/\/schema.org","@graph":[{"@type":"WebPage","@id":"https:\/\/elixar.it\/de\/tribe\/","url":"https:\/\/elixar.it\/de\/tribe\/","name":"Tribe - Elixar","isPartOf":{"@id":"https:\/\/elixar.it\/de\/#website"},"primaryImageOfPage":{"@id":"https:\/\/elixar.it\/de\/tribe\/#primaryimage"},"image":{"@id":"https:\/\/elixar.it\/de\/tribe\/#primaryimage"},"thumbnailUrl":"https:\/\/i0.wp.com\/elixar.it\/wp-content\/uploads\/2023\/07\/Tribe-Transparent.png?fit=300%2C300&ssl=1","datePublished":"2023-07-29T17:14:29+00:00","dateModified":"2024-03-11T09:55:37+00:00","breadcrumb":{"@id":"https:\/\/elixar.it\/de\/tribe\/#breadcrumb"},"inLanguage":"de","potentialAction":[{"@type":"ReadAction","target":["https:\/\/elixar.it\/de\/tribe\/"]}]},{"@type":"ImageObject","inLanguage":"de","@id":"https:\/\/elixar.it\/de\/tribe\/#primaryimage","url":"https:\/\/i0.wp.com\/elixar.it\/wp-content\/uploads\/2023\/07\/Tribe-Transparent.png?fit=300%2C300&ssl=1","contentUrl":"https:\/\/i0.wp.com\/elixar.it\/wp-content\/uploads\/2023\/07\/Tribe-Transparent.png?fit=300%2C300&ssl=1","width":300,"height":300},{"@type":"BreadcrumbList","@id":"https:\/\/elixar.it\/de\/tribe\/#breadcrumb","itemListElement":[{"@type":"ListItem","position":1,"name":"Home","item":"https:\/\/elixar.it\/de\/"},{"@type":"ListItem","position":2,"name":"Tribe"}]},{"@type":"WebSite","@id":"https:\/\/elixar.it\/de\/#website","url":"https:\/\/elixar.it\/de\/","name":"Elixar","description":"activate your senses and shine","publisher":{"@id":"https:\/\/elixar.it\/de\/#organization"},"potentialAction":[{"@type":"SearchAction","target":{"@type":"EntryPoint","urlTemplate":"https:\/\/elixar.it\/de\/?s={search_term_string}"},"query-input":{"@type":"PropertyValueSpecification","valueRequired":true,"valueName":"search_term_string"}}],"inLanguage":"de"},{"@type":"Organization","@id":"https:\/\/elixar.it\/de\/#organization","name":"Elixar","url":"https:\/\/elixar.it\/de\/","logo":{"@type":"ImageObject","inLanguage":"de","@id":"https:\/\/elixar.it\/de\/#\/schema\/logo\/image\/","url":"https:\/\/i0.wp.com\/elixar.it\/wp-content\/uploads\/2025\/10\/Color-logo-no-flame-no-background-L-Copy.png?fit=2592%2C1267&ssl=1","contentUrl":"https:\/\/i0.wp.com\/elixar.it\/wp-content\/uploads\/2025\/10\/Color-logo-no-flame-no-background-L-Copy.png?fit=2592%2C1267&ssl=1","width":2592,"height":1267,"caption":"Elixar"},"image":{"@id":"https:\/\/elixar.it\/de\/#\/schema\/logo\/image\/"}}]}},"jetpack_sharing_enabled":true,"jetpack_likes_enabled":true,"jetpack_shortlink":"https:\/\/wp.me\/PeVjk8-Vd","jetpack-related-posts":[],"_links":{"self":[{"href":"https:\/\/elixar.it\/de\/wp-json\/wp\/v2\/pages\/3547","targetHints":{"allow":["GET"]}}],"collection":[{"href":"https:\/\/elixar.it\/de\/wp-json\/wp\/v2\/pages"}],"about":[{"href":"https:\/\/elixar.it\/de\/wp-json\/wp\/v2\/types\/page"}],"author":[{"embeddable":true,"href":"https:\/\/elixar.it\/de\/wp-json\/wp\/v2\/users\/144146929"}],"replies":[{"embeddable":true,"href":"https:\/\/elixar.it\/de\/wp-json\/wp\/v2\/comments?post=3547"}],"version-history":[{"count":3,"href":"https:\/\/elixar.it\/de\/wp-json\/wp\/v2\/pages\/3547\/revisions"}],"predecessor-version":[{"id":6312,"href":"https:\/\/elixar.it\/de\/wp-json\/wp\/v2\/pages\/3547\/revisions\/6312"}],"wp:featuredmedia":[{"embeddable":true,"href":"https:\/\/elixar.it\/de\/wp-json\/wp\/v2\/media\/2985"}],"wp:attachment":[{"href":"https:\/\/elixar.it\/de\/wp-json\/wp\/v2\/media?parent=3547"}],"curies":[{"name":"wp","href":"https:\/\/api.w.org\/{rel}","templated":true}]}}