{"id":3749,"date":"2023-08-01T21:15:27","date_gmt":"2023-08-01T19:15:27","guid":{"rendered":"https:\/\/elixar.it\/stiftung\/"},"modified":"2025-03-27T16:55:00","modified_gmt":"2025-03-27T15:55:00","slug":"stiftung","status":"publish","type":"page","link":"https:\/\/elixar.it\/de\/stiftung\/","title":{"rendered":"Stiftung"},"content":{"rendered":"\n<div class=\"wp-block-cover is-light has-parallax is-repeated has-custom-content-position is-position-center-right\" style=\"margin-top:0;margin-bottom:0;padding-top:0;padding-right:var(--wp--preset--spacing--50);padding-bottom:0;padding-left:var(--wp--preset--spacing--50);min-height:459px;aspect-ratio:unset;\"><span aria-hidden=\"true\" class=\"wp-block-cover__background has-background-dim-40 has-background-dim\"><\/span><div class=\"wp-block-cover__image-background wp-image-965 has-parallax is-repeated\" style=\"background-position:23% 25%;background-image:url(https:\/\/elixar.it\/wp-content\/uploads\/2023\/07\/pexels-andrea-piacquadio-3777729.jpg)\"><\/div><div class=\"wp-block-cover__inner-container is-layout-flow wp-block-cover-is-layout-flow\">\n<p class=\"has-text-align-right has-custom-color-5-color has-text-color has-x-large-font-size wp-block-paragraph\"><strong>Erhellen Sie das Leben mit einer kostbaren Geste<\/strong><\/p>\n\n\n\n<p class=\"has-text-align-right has-custom-color-5-color has-text-color has-medium-font-size wp-block-paragraph\">Soziale und sensorische Faktoren, die den Willen zur Zugeh\u00f6rigkeit und zur Initiative anregen <\/p>\n<\/div><\/div>\n\n<div class=\"wp-block-group has-background is-layout-flow wp-container-core-group-is-layout-cb0997eb wp-block-group-is-layout-flow wp-container-2 is-position-sticky\" style=\"background:linear-gradient(0deg,rgba(7,146,227,0) 0%,rgb(0,0,0) 100%);margin-top:0;margin-bottom:0;padding-top:0;padding-right:var(--wp--preset--spacing--50);padding-bottom:0;padding-left:var(--wp--preset--spacing--50)\">\n<div class=\"wp-block-columns is-layout-flex wp-container-core-columns-is-layout-79fb870f wp-block-columns-is-layout-flex\">\n<div class=\"wp-block-column is-layout-flow wp-block-column-is-layout-flow\" style=\"flex-basis:25%\"><\/div>\n\n\n\n<div class=\"wp-block-column is-layout-flow wp-block-column-is-layout-flow\" style=\"flex-basis:3%\">\n<p class=\"has-text-align-center wp-block-paragraph\"> <a href=\"https:\/\/www.elixar.it\" data-type=\"URL\" data-id=\"https:\/\/www.elixar.it\"><img data-recalc-dims=\"1\" loading=\"lazy\" decoding=\"async\" width=\"30\" height=\"55\" class=\"wp-image-276\" style=\"width: 30px;\" src=\"https:\/\/i0.wp.com\/elixar.it\/wp-content\/uploads\/2023\/07\/Elixar-Flame-Transparent-Background.png?resize=30%2C55&#038;ssl=1\" alt=\"\" srcset=\"https:\/\/i0.wp.com\/elixar.it\/wp-content\/uploads\/2023\/07\/Elixar-Flame-Transparent-Background.png?w=300&amp;ssl=1 300w, https:\/\/i0.wp.com\/elixar.it\/wp-content\/uploads\/2023\/07\/Elixar-Flame-Transparent-Background.png?resize=164%2C300&amp;ssl=1 164w\" sizes=\"auto, (max-width: 30px) 100vw, 30px\" \/><\/a><\/p>\n<\/div>\n\n\n\n<div class=\"wp-block-column is-layout-flow wp-block-column-is-layout-flow\" style=\"flex-basis:45%\"><nav class=\"is-responsive items-justified-center wp-block-navigation is-content-justification-center is-layout-flex wp-container-core-navigation-is-layout-132ff9fc wp-block-navigation-is-layout-flex\" aria-label=\"Brands Menu\" \n\t\t data-wp-interactive=\"core\/navigation\" data-wp-context='{\"overlayOpenedBy\":{\"click\":false,\"hover\":false,\"focus\":false},\"type\":\"overlay\",\"roleAttribute\":\"\",\"ariaLabel\":\"Men\\u00fc\"}'><button aria-haspopup=\"dialog\" aria-label=\"Men\u00fc \u00f6ffnen\" class=\"wp-block-navigation__responsive-container-open\" \n\t\t\t\tdata-wp-on--click=\"actions.openMenuOnClick\"\n\t\t\t\tdata-wp-on--keydown=\"actions.handleMenuKeydown\"\n\t\t\t><svg width=\"24\" height=\"24\" xmlns=\"http:\/\/www.w3.org\/2000\/svg\" viewBox=\"0 0 24 24\"><path d=\"M5 5v1.5h14V5H5z\"><\/path><path d=\"M5 12.8h14v-1.5H5v1.5z\"><\/path><path d=\"M5 19h14v-1.5H5V19z\"><\/path><\/svg><\/button>\n\t\t\t\t<div class=\"wp-block-navigation__responsive-container has-text-color has-custom-color-4-color has-background\" style=\"background-color: #254e38\" id=\"modal-1\" \n\t\t\t\tdata-wp-class--has-modal-open=\"state.isMenuOpen\"\n\t\t\t\tdata-wp-class--is-menu-open=\"state.isMenuOpen\"\n\t\t\t\tdata-wp-watch=\"callbacks.initMenu\"\n\t\t\t\tdata-wp-on--keydown=\"actions.handleMenuKeydown\"\n\t\t\t\tdata-wp-on--focusout=\"actions.handleMenuFocusout\"\n\t\t\t\ttabindex=\"-1\"\n\t\t\t>\n\t\t\t\t\t<div class=\"wp-block-navigation__responsive-close\" tabindex=\"-1\">\n\t\t\t\t\t\t<div class=\"wp-block-navigation__responsive-dialog\" \n\t\t\t\tdata-wp-bind--aria-modal=\"state.ariaModal\"\n\t\t\t\tdata-wp-bind--aria-label=\"state.ariaLabel\"\n\t\t\t\tdata-wp-bind--role=\"state.roleAttribute\"\n\t\t\t>\n\t\t\t\t\t\t\t<button aria-label=\"Men\u00fc schlie\u00dfen\" class=\"wp-block-navigation__responsive-container-close\" \n\t\t\t\tdata-wp-on--click=\"actions.closeMenuOnClick\"\n\t\t\t><svg xmlns=\"http:\/\/www.w3.org\/2000\/svg\" viewBox=\"0 0 24 24\" width=\"24\" height=\"24\" aria-hidden=\"true\" focusable=\"false\"><path d=\"m13.06 12 6.47-6.47-1.06-1.06L12 10.94 5.53 4.47 4.47 5.53 10.94 12l-6.47 6.47 1.06 1.06L12 13.06l6.47 6.47 1.06-1.06L13.06 12Z\"><\/path><\/svg><\/button>\n\t\t\t\t\t\t\t<div class=\"wp-block-navigation__responsive-container-content\" \n\t\t\t\tdata-wp-watch=\"callbacks.focusFirstElement\"\n\t\t\t id=\"modal-1-content\">\n\t\t\t\t\t\t\t\t<ul class=\"wp-block-navigation__container is-responsive items-justified-center wp-block-navigation\"><li class=\" wp-block-navigation-item wp-block-navigation-link\"><a class=\"wp-block-navigation-item__content\"  href=\"https:\/\/elixar.it\/academy\/\"><span class=\"wp-block-navigation-item__label\">Academy<\/span><\/a><\/li><li class=\" wp-block-navigation-item wp-block-navigation-link\"><a class=\"wp-block-navigation-item__content\"  href=\"https:\/\/elixar.it\/brand\/elixar-design\/\"><span class=\"wp-block-navigation-item__label\">Design<\/span><\/a><\/li><\/ul>\n\t\t\t\t\t\t\t\t\n\t\t\t\t\t\t\t<\/div>\n\t\t\t\t\t\t<\/div>\n\t\t\t\t\t<\/div>\n\t\t\t\t<\/div><\/nav><\/div>\n<\/div>\n<\/div>\n\n<div class=\"wp-block-group has-background is-layout-flow wp-block-group-is-layout-flow\" style=\"background:linear-gradient(90deg,rgb(37,78,56) 0%,rgb(37,78,56) 58%,rgb(0,0,0) 100%);margin-top:0;margin-bottom:0;padding-top:0.67rem;padding-right:var(--wp--preset--spacing--50);padding-bottom:0.67rem;padding-left:var(--wp--preset--spacing--50)\">\n<p class=\"has-background-color has-text-color has-background has-large-font-size wp-block-paragraph\" id=\"mission\" style=\"background:linear-gradient(330deg,rgb(0,0,0) 0%,rgb(37,78,56) 100%)\"><strong><em>Unsere Aufgabe <\/em><\/strong><\/p>\n\n\n\n<div class=\"wp-block-media-text has-media-on-the-right is-stacked-on-mobile\" style=\"grid-template-columns:auto 19%\"><div class=\"wp-block-media-text__content\">\n<h3 class=\"wp-block-heading\">Bringt Dich zum Strahlen!<\/h3>\n\n\n\n<p class=\"wp-block-paragraph\">Das Projekt von Elixar ist eine Geschichte der Leidenschaft f\u00fcr die Freuden des Lebens, die wir mit anderen teilen, die unvergessliche Momente schaffen und uns neue Kraft geben.<\/p>\n\n\n\n<p class=\"wp-block-paragraph\">Die Elixar Foundation ist sich der Tatsache bewusst, dass viel zu viele junge Menschen nicht mehr die richtige Motivation finden, voranzukommen, sich neu zu erfinden und die Freuden des irdischen Lebens zu genie\u00dfen \u2026<\/p>\n\n\n\n<p class=\"wp-block-paragraph\">Elixar glaubt, dass dieses h\u00e4ufige Unwohlsein vermeidbar ist und es sich auf jeden Fall lohnt, es r\u00fcckg\u00e4ngig zu machen, um sicherzustellen, dass die jungen Generationen mit den besten Impulsen beginnen, sich mit unserer technologischen und emotionalen Welt zu verbinden und daran teilzunehmen.<\/p>\n\n\n\n<p class=\"wp-block-paragraph\">Die Elixar Foundation leitet dann die Elixar Company an, Produkte und Dienstleistungen anzubieten, die dazu beitragen, die Flamme, die wir alle in uns tragen, zu entfachen.<\/p>\n<\/div><figure class=\"wp-block-media-text__media\"><img data-recalc-dims=\"1\" loading=\"lazy\" decoding=\"async\" width=\"300\" height=\"300\" src=\"https:\/\/i0.wp.com\/elixar.it\/wp-content\/uploads\/2024\/04\/Flame-of-Life-Icon.png?resize=300%2C300&#038;ssl=1\" alt=\"\" class=\"wp-image-6998 size-full\" srcset=\"https:\/\/i0.wp.com\/elixar.it\/wp-content\/uploads\/2024\/04\/Flame-of-Life-Icon.png?w=300&amp;ssl=1 300w, https:\/\/i0.wp.com\/elixar.it\/wp-content\/uploads\/2024\/04\/Flame-of-Life-Icon.png?resize=150%2C150&amp;ssl=1 150w, https:\/\/i0.wp.com\/elixar.it\/wp-content\/uploads\/2024\/04\/Flame-of-Life-Icon.png?resize=200%2C200&amp;ssl=1 200w, https:\/\/i0.wp.com\/elixar.it\/wp-content\/uploads\/2024\/04\/Flame-of-Life-Icon.png?resize=100%2C100&amp;ssl=1 100w\" sizes=\"auto, (max-width: 300px) 100vw, 300px\" \/><\/figure><\/div>\n\n\n\n<p class=\"has-background-color has-text-color has-background has-large-font-size wp-block-paragraph\" id=\"values\" style=\"background:linear-gradient(330deg,rgb(0,0,0) 0%,rgb(37,78,56) 100%)\"><strong><em>Unsere Werte<\/em><\/strong><\/p>\n\n\n\n<div class=\"wp-block-media-text is-stacked-on-mobile\" style=\"grid-template-columns:19% auto\"><figure class=\"wp-block-media-text__media\"><img data-recalc-dims=\"1\" loading=\"lazy\" decoding=\"async\" width=\"300\" height=\"300\" src=\"https:\/\/i0.wp.com\/elixar.it\/wp-content\/uploads\/2024\/04\/Seasons-sharp.png?resize=300%2C300&#038;ssl=1\" alt=\"\" class=\"wp-image-7406 size-full\" srcset=\"https:\/\/i0.wp.com\/elixar.it\/wp-content\/uploads\/2024\/04\/Seasons-sharp.png?w=300&amp;ssl=1 300w, https:\/\/i0.wp.com\/elixar.it\/wp-content\/uploads\/2024\/04\/Seasons-sharp.png?resize=150%2C150&amp;ssl=1 150w, https:\/\/i0.wp.com\/elixar.it\/wp-content\/uploads\/2024\/04\/Seasons-sharp.png?resize=200%2C200&amp;ssl=1 200w, https:\/\/i0.wp.com\/elixar.it\/wp-content\/uploads\/2024\/04\/Seasons-sharp.png?resize=100%2C100&amp;ssl=1 100w\" sizes=\"auto, (max-width: 300px) 100vw, 300px\" \/><\/figure><div class=\"wp-block-media-text__content\">\n<h4 class=\"wp-block-heading\">Das Leben feiern<\/h4>\n\n\n\n<p class=\"wp-block-paragraph\">Wir lieben es zu feiern. Die meisten unserer traditionellen Feste haben einen \u00e4lteren Ursprung, als wir vielleicht denken. Sie beziehen sich auf den Beginn oder das Ende einer \u201eJahreszeit\u201c der Erde oder Ihres Lebens. F\u00fcr uns sind Feste der Schl\u00fcssel zur Erneuerung unserer Bindungen zu anderen und zu den Kreisl\u00e4ufen der Natur.<\/p>\n<\/div><\/div>\n\n\n\n<div class=\"wp-block-media-text has-media-on-the-right is-stacked-on-mobile\" style=\"grid-template-columns:auto 15%\"><div class=\"wp-block-media-text__content\">\n<h4 class=\"wp-block-heading\">Lassen Sie sich inspirieren<\/h4>\n\n\n\n<p class=\"wp-block-paragraph\">Um die Kreativit\u00e4t zu f\u00f6rdern, setzt Elixir auf Vielfalt und Offenheit, um Ihre Sinne mit einem Funken zu erwecken, der Erinnerungen wachruft oder Sie mit \u00dcberraschungen erleuchtet.<\/p>\n<\/div><figure class=\"wp-block-media-text__media\"><img data-recalc-dims=\"1\" loading=\"lazy\" decoding=\"async\" width=\"300\" height=\"300\" src=\"https:\/\/i0.wp.com\/elixar.it\/wp-content\/uploads\/2024\/04\/Inspired-sharp.png?resize=300%2C300&#038;ssl=1\" alt=\"\" class=\"wp-image-7418 size-full\" srcset=\"https:\/\/i0.wp.com\/elixar.it\/wp-content\/uploads\/2024\/04\/Inspired-sharp.png?w=300&amp;ssl=1 300w, https:\/\/i0.wp.com\/elixar.it\/wp-content\/uploads\/2024\/04\/Inspired-sharp.png?resize=150%2C150&amp;ssl=1 150w, https:\/\/i0.wp.com\/elixar.it\/wp-content\/uploads\/2024\/04\/Inspired-sharp.png?resize=200%2C200&amp;ssl=1 200w, https:\/\/i0.wp.com\/elixar.it\/wp-content\/uploads\/2024\/04\/Inspired-sharp.png?resize=100%2C100&amp;ssl=1 100w\" sizes=\"auto, (max-width: 300px) 100vw, 300px\" \/><\/figure><\/div>\n\n\n\n<div class=\"wp-block-media-text is-stacked-on-mobile\" style=\"grid-template-columns:18% auto\"><figure class=\"wp-block-media-text__media\"><img data-recalc-dims=\"1\" loading=\"lazy\" decoding=\"async\" width=\"300\" height=\"300\" src=\"https:\/\/i0.wp.com\/elixar.it\/wp-content\/uploads\/2024\/04\/Friendship-sharp.png?resize=300%2C300&#038;ssl=1\" alt=\"\" class=\"wp-image-7412 size-full\" srcset=\"https:\/\/i0.wp.com\/elixar.it\/wp-content\/uploads\/2024\/04\/Friendship-sharp.png?w=300&amp;ssl=1 300w, https:\/\/i0.wp.com\/elixar.it\/wp-content\/uploads\/2024\/04\/Friendship-sharp.png?resize=150%2C150&amp;ssl=1 150w, https:\/\/i0.wp.com\/elixar.it\/wp-content\/uploads\/2024\/04\/Friendship-sharp.png?resize=200%2C200&amp;ssl=1 200w, https:\/\/i0.wp.com\/elixar.it\/wp-content\/uploads\/2024\/04\/Friendship-sharp.png?resize=100%2C100&amp;ssl=1 100w\" sizes=\"auto, (max-width: 300px) 100vw, 300px\" \/><\/figure><div class=\"wp-block-media-text__content\">\n<h4 class=\"wp-block-heading\">Erz\u00e4hlen Sie unbeschreiblich<\/h4>\n\n\n\n<p class=\"wp-block-paragraph\">Wie eine Musik&#8230; Sch\u00f6nheits- und Sinnesprodukte k\u00f6nnen Botschaften transportieren, wenn Worte nicht ausreichen. Wir glauben, dass Geschenke und Belohnungen wichtig sind, um auszudr\u00fccken, wie sehr man sich durch eine gemeinsame Geschichte verbindet und wie sehr man sich um eine Person k\u00fcmmert.<\/p>\n<\/div><\/div>\n<\/div>\n","protected":false},"excerpt":{"rendered":"<p>Unsere Aufgabe Bringt Dich zum Strahlen! Das Projekt von Elixar ist eine Geschichte der Leidenschaft f\u00fcr die Freuden des Lebens, die wir mit anderen teilen, die unvergessliche Momente schaffen und uns neue Kraft geben. Die Elixar Foundation ist sich der Tatsache bewusst, dass viel zu viele junge Menschen nicht mehr die richtige Motivation finden, voranzukommen, [&hellip;]<\/p>\n","protected":false},"author":144146929,"featured_media":3005,"parent":0,"menu_order":0,"comment_status":"closed","ping_status":"closed","template":"wp-custom-template-foundation-multilingual","meta":{"_crdt_document":"","footnotes":""},"class_list":["post-3749","page","type-page","status-publish","has-post-thumbnail","hentry"],"yoast_head":"<!-- This site is optimized with the Yoast SEO plugin v27.4 - https:\/\/yoast.com\/product\/yoast-seo-wordpress\/ -->\n<title>Stiftung - Elixar<\/title>\n<meta name=\"robots\" content=\"index, follow, max-snippet:-1, max-image-preview:large, max-video-preview:-1\" \/>\n<link rel=\"canonical\" href=\"https:\/\/elixar.it\/de\/stiftung\/\" \/>\n<meta property=\"og:locale\" content=\"de_DE\" \/>\n<meta property=\"og:type\" content=\"article\" \/>\n<meta property=\"og:title\" content=\"Stiftung - Elixar\" \/>\n<meta property=\"og:description\" content=\"Unsere Aufgabe Bringt Dich zum Strahlen! Das Projekt von Elixar ist eine Geschichte der Leidenschaft f\u00fcr die Freuden des Lebens, die wir mit anderen teilen, die unvergessliche Momente schaffen und uns neue Kraft geben. Die Elixar Foundation ist sich der Tatsache bewusst, dass viel zu viele junge Menschen nicht mehr die richtige Motivation finden, voranzukommen, [&hellip;]\" \/>\n<meta property=\"og:url\" content=\"https:\/\/elixar.it\/de\/stiftung\/\" \/>\n<meta property=\"og:site_name\" content=\"Elixar\" \/>\n<meta property=\"article:modified_time\" content=\"2025-03-27T15:55:00+00:00\" \/>\n<meta property=\"og:image\" content=\"https:\/\/i0.wp.com\/elixar.it\/wp-content\/uploads\/2023\/08\/Foundation-Transparent.png?fit=300%2C300&ssl=1\" \/>\n\t<meta property=\"og:image:width\" content=\"300\" \/>\n\t<meta property=\"og:image:height\" content=\"300\" \/>\n\t<meta property=\"og:image:type\" content=\"image\/png\" \/>\n<meta name=\"twitter:card\" content=\"summary_large_image\" \/>\n<meta name=\"twitter:label1\" content=\"Gesch\u00e4tzte Lesezeit\" \/>\n\t<meta name=\"twitter:data1\" content=\"2\u00a0Minuten\" \/>\n<script type=\"application\/ld+json\" class=\"yoast-schema-graph\">{\"@context\":\"https:\\\/\\\/schema.org\",\"@graph\":[{\"@type\":\"WebPage\",\"@id\":\"https:\\\/\\\/elixar.it\\\/de\\\/stiftung\\\/\",\"url\":\"https:\\\/\\\/elixar.it\\\/de\\\/stiftung\\\/\",\"name\":\"Stiftung - Elixar\",\"isPartOf\":{\"@id\":\"https:\\\/\\\/elixar.it\\\/de\\\/#website\"},\"primaryImageOfPage\":{\"@id\":\"https:\\\/\\\/elixar.it\\\/de\\\/stiftung\\\/#primaryimage\"},\"image\":{\"@id\":\"https:\\\/\\\/elixar.it\\\/de\\\/stiftung\\\/#primaryimage\"},\"thumbnailUrl\":\"https:\\\/\\\/i0.wp.com\\\/elixar.it\\\/wp-content\\\/uploads\\\/2023\\\/08\\\/Foundation-Transparent.png?fit=300%2C300&ssl=1\",\"datePublished\":\"2023-08-01T19:15:27+00:00\",\"dateModified\":\"2025-03-27T15:55:00+00:00\",\"breadcrumb\":{\"@id\":\"https:\\\/\\\/elixar.it\\\/de\\\/stiftung\\\/#breadcrumb\"},\"inLanguage\":\"de\",\"potentialAction\":[{\"@type\":\"ReadAction\",\"target\":[\"https:\\\/\\\/elixar.it\\\/de\\\/stiftung\\\/\"]}]},{\"@type\":\"ImageObject\",\"inLanguage\":\"de\",\"@id\":\"https:\\\/\\\/elixar.it\\\/de\\\/stiftung\\\/#primaryimage\",\"url\":\"https:\\\/\\\/i0.wp.com\\\/elixar.it\\\/wp-content\\\/uploads\\\/2023\\\/08\\\/Foundation-Transparent.png?fit=300%2C300&ssl=1\",\"contentUrl\":\"https:\\\/\\\/i0.wp.com\\\/elixar.it\\\/wp-content\\\/uploads\\\/2023\\\/08\\\/Foundation-Transparent.png?fit=300%2C300&ssl=1\",\"width\":300,\"height\":300},{\"@type\":\"BreadcrumbList\",\"@id\":\"https:\\\/\\\/elixar.it\\\/de\\\/stiftung\\\/#breadcrumb\",\"itemListElement\":[{\"@type\":\"ListItem\",\"position\":1,\"name\":\"Home\",\"item\":\"https:\\\/\\\/elixar.it\\\/de\\\/\"},{\"@type\":\"ListItem\",\"position\":2,\"name\":\"Stiftung\"}]},{\"@type\":\"WebSite\",\"@id\":\"https:\\\/\\\/elixar.it\\\/de\\\/#website\",\"url\":\"https:\\\/\\\/elixar.it\\\/de\\\/\",\"name\":\"Elixar\",\"description\":\"activate your senses and shine\",\"publisher\":{\"@id\":\"https:\\\/\\\/elixar.it\\\/de\\\/#organization\"},\"potentialAction\":[{\"@type\":\"SearchAction\",\"target\":{\"@type\":\"EntryPoint\",\"urlTemplate\":\"https:\\\/\\\/elixar.it\\\/de\\\/?s={search_term_string}\"},\"query-input\":{\"@type\":\"PropertyValueSpecification\",\"valueRequired\":true,\"valueName\":\"search_term_string\"}}],\"inLanguage\":\"de\"},{\"@type\":\"Organization\",\"@id\":\"https:\\\/\\\/elixar.it\\\/de\\\/#organization\",\"name\":\"Elixar\",\"url\":\"https:\\\/\\\/elixar.it\\\/de\\\/\",\"logo\":{\"@type\":\"ImageObject\",\"inLanguage\":\"de\",\"@id\":\"https:\\\/\\\/elixar.it\\\/de\\\/#\\\/schema\\\/logo\\\/image\\\/\",\"url\":\"https:\\\/\\\/i0.wp.com\\\/elixar.it\\\/wp-content\\\/uploads\\\/2025\\\/10\\\/Color-logo-no-flame-no-background-L-Copy.png?fit=2592%2C1267&ssl=1\",\"contentUrl\":\"https:\\\/\\\/i0.wp.com\\\/elixar.it\\\/wp-content\\\/uploads\\\/2025\\\/10\\\/Color-logo-no-flame-no-background-L-Copy.png?fit=2592%2C1267&ssl=1\",\"width\":2592,\"height\":1267,\"caption\":\"Elixar\"},\"image\":{\"@id\":\"https:\\\/\\\/elixar.it\\\/de\\\/#\\\/schema\\\/logo\\\/image\\\/\"}}]}<\/script>\n<!-- \/ Yoast SEO plugin. -->","yoast_head_json":{"title":"Stiftung - Elixar","robots":{"index":"index","follow":"follow","max-snippet":"max-snippet:-1","max-image-preview":"max-image-preview:large","max-video-preview":"max-video-preview:-1"},"canonical":"https:\/\/elixar.it\/de\/stiftung\/","og_locale":"de_DE","og_type":"article","og_title":"Stiftung - Elixar","og_description":"Unsere Aufgabe Bringt Dich zum Strahlen! Das Projekt von Elixar ist eine Geschichte der Leidenschaft f\u00fcr die Freuden des Lebens, die wir mit anderen teilen, die unvergessliche Momente schaffen und uns neue Kraft geben. Die Elixar Foundation ist sich der Tatsache bewusst, dass viel zu viele junge Menschen nicht mehr die richtige Motivation finden, voranzukommen, [&hellip;]","og_url":"https:\/\/elixar.it\/de\/stiftung\/","og_site_name":"Elixar","article_modified_time":"2025-03-27T15:55:00+00:00","og_image":[{"width":300,"height":300,"url":"https:\/\/i0.wp.com\/elixar.it\/wp-content\/uploads\/2023\/08\/Foundation-Transparent.png?fit=300%2C300&ssl=1","type":"image\/png"}],"twitter_card":"summary_large_image","twitter_misc":{"Gesch\u00e4tzte Lesezeit":"2\u00a0Minuten"},"schema":{"@context":"https:\/\/schema.org","@graph":[{"@type":"WebPage","@id":"https:\/\/elixar.it\/de\/stiftung\/","url":"https:\/\/elixar.it\/de\/stiftung\/","name":"Stiftung - Elixar","isPartOf":{"@id":"https:\/\/elixar.it\/de\/#website"},"primaryImageOfPage":{"@id":"https:\/\/elixar.it\/de\/stiftung\/#primaryimage"},"image":{"@id":"https:\/\/elixar.it\/de\/stiftung\/#primaryimage"},"thumbnailUrl":"https:\/\/i0.wp.com\/elixar.it\/wp-content\/uploads\/2023\/08\/Foundation-Transparent.png?fit=300%2C300&ssl=1","datePublished":"2023-08-01T19:15:27+00:00","dateModified":"2025-03-27T15:55:00+00:00","breadcrumb":{"@id":"https:\/\/elixar.it\/de\/stiftung\/#breadcrumb"},"inLanguage":"de","potentialAction":[{"@type":"ReadAction","target":["https:\/\/elixar.it\/de\/stiftung\/"]}]},{"@type":"ImageObject","inLanguage":"de","@id":"https:\/\/elixar.it\/de\/stiftung\/#primaryimage","url":"https:\/\/i0.wp.com\/elixar.it\/wp-content\/uploads\/2023\/08\/Foundation-Transparent.png?fit=300%2C300&ssl=1","contentUrl":"https:\/\/i0.wp.com\/elixar.it\/wp-content\/uploads\/2023\/08\/Foundation-Transparent.png?fit=300%2C300&ssl=1","width":300,"height":300},{"@type":"BreadcrumbList","@id":"https:\/\/elixar.it\/de\/stiftung\/#breadcrumb","itemListElement":[{"@type":"ListItem","position":1,"name":"Home","item":"https:\/\/elixar.it\/de\/"},{"@type":"ListItem","position":2,"name":"Stiftung"}]},{"@type":"WebSite","@id":"https:\/\/elixar.it\/de\/#website","url":"https:\/\/elixar.it\/de\/","name":"Elixar","description":"activate your senses and shine","publisher":{"@id":"https:\/\/elixar.it\/de\/#organization"},"potentialAction":[{"@type":"SearchAction","target":{"@type":"EntryPoint","urlTemplate":"https:\/\/elixar.it\/de\/?s={search_term_string}"},"query-input":{"@type":"PropertyValueSpecification","valueRequired":true,"valueName":"search_term_string"}}],"inLanguage":"de"},{"@type":"Organization","@id":"https:\/\/elixar.it\/de\/#organization","name":"Elixar","url":"https:\/\/elixar.it\/de\/","logo":{"@type":"ImageObject","inLanguage":"de","@id":"https:\/\/elixar.it\/de\/#\/schema\/logo\/image\/","url":"https:\/\/i0.wp.com\/elixar.it\/wp-content\/uploads\/2025\/10\/Color-logo-no-flame-no-background-L-Copy.png?fit=2592%2C1267&ssl=1","contentUrl":"https:\/\/i0.wp.com\/elixar.it\/wp-content\/uploads\/2025\/10\/Color-logo-no-flame-no-background-L-Copy.png?fit=2592%2C1267&ssl=1","width":2592,"height":1267,"caption":"Elixar"},"image":{"@id":"https:\/\/elixar.it\/de\/#\/schema\/logo\/image\/"}}]}},"jetpack_sharing_enabled":true,"jetpack_likes_enabled":true,"jetpack_shortlink":"https:\/\/wp.me\/PeVjk8-Yt","jetpack-related-posts":[],"_links":{"self":[{"href":"https:\/\/elixar.it\/de\/wp-json\/wp\/v2\/pages\/3749","targetHints":{"allow":["GET"]}}],"collection":[{"href":"https:\/\/elixar.it\/de\/wp-json\/wp\/v2\/pages"}],"about":[{"href":"https:\/\/elixar.it\/de\/wp-json\/wp\/v2\/types\/page"}],"author":[{"embeddable":true,"href":"https:\/\/elixar.it\/de\/wp-json\/wp\/v2\/users\/144146929"}],"replies":[{"embeddable":true,"href":"https:\/\/elixar.it\/de\/wp-json\/wp\/v2\/comments?post=3749"}],"version-history":[{"count":9,"href":"https:\/\/elixar.it\/de\/wp-json\/wp\/v2\/pages\/3749\/revisions"}],"predecessor-version":[{"id":7537,"href":"https:\/\/elixar.it\/de\/wp-json\/wp\/v2\/pages\/3749\/revisions\/7537"}],"wp:featuredmedia":[{"embeddable":true,"href":"https:\/\/elixar.it\/de\/wp-json\/wp\/v2\/media\/3005"}],"wp:attachment":[{"href":"https:\/\/elixar.it\/de\/wp-json\/wp\/v2\/media?parent=3749"}],"curies":[{"name":"wp","href":"https:\/\/api.w.org\/{rel}","templated":true}]}}