{"id":13252,"date":"2024-03-03T13:53:09","date_gmt":"2024-03-03T12:53:09","guid":{"rendered":"https:\/\/elixar.it\/events\/"},"modified":"2026-02-24T12:53:06","modified_gmt":"2026-02-24T11:53:06","slug":"events","status":"publish","type":"page","link":"https:\/\/elixar.it\/es\/events\/","title":{"rendered":"Eventos"},"content":{"rendered":"\n<div style=\"height:28px\" aria-hidden=\"true\" class=\"wp-block-spacer\"><\/div>\n\n<h2 class=\"wp-block-heading has-text-align-center has-custom-color-4-color has-text-color has-link-color has-roboto-slab-font-family has-x-large-font-size wp-elements-f956d21740abb128d79a79f014eddee1\" style=\"font-style:normal;font-weight:400;letter-spacing:2px\">Liderazgo Sensorial<\/h2>\n\n<div style=\"height:28px\" aria-hidden=\"true\" class=\"wp-block-spacer\"><\/div>\n\n<div class=\"wp-block-columns is-layout-flex wp-container-core-columns-is-layout-97626ec1 wp-block-columns-is-layout-flex\" style=\"margin-top:0;margin-bottom:0;padding-top:0;padding-bottom:0\">\n<div class=\"wp-block-column is-vertically-aligned-top is-layout-flow wp-block-column-is-layout-flow\" style=\"flex-basis:65%\">\n\t\t<figure class=\"wp-block-jetpack-videopress jetpack-videopress-player\" style=\"\" >\n\t\t\t<div class=\"jetpack-videopress-player__wrapper\"> <iframe title=\"VideoPress Video Player\" aria-label='VideoPress Video Player' width='500' height='281' src='https:\/\/videopress.com\/embed\/KXoZ6K4N?cover=1&amp;autoPlay=1&amp;controls=0&amp;loop=1&amp;muted=0&amp;persistVolume=1&amp;playsinline=0&amp;preloadContent=metadata&amp;useAverageColor=1&amp;hd=0' frameborder='0' allowfullscreen data-resize-to-parent=\"true\" allow='clipboard-write'><\/iframe><script src='https:\/\/v0.wordpress.com\/js\/next\/videopress-iframe.js?m=1739540970'><\/script><\/div>\n\t\t\t\n\t\t\t\n\t\t<\/figure>\n\t\t<\/div>\n\n\n\n<div class=\"wp-block-column is-layout-flow wp-block-column-is-layout-flow\" style=\"padding-right:var(--wp--preset--spacing--60);padding-left:var(--wp--preset--spacing--60);flex-basis:35%\">\n<div style=\"height:30px\" aria-hidden=\"true\" class=\"wp-block-spacer\"><\/div>\n\n\n\n<p class=\"has-background-color has-text-color has-link-color has-roboto-slab-font-family has-medium-font-size wp-elements-5bf85238142dd8153d971a83919f0562 wp-block-paragraph\" style=\"font-style:normal;font-weight:100\">En la era de la IA y del trabajo h\u00edbrido, el factor diferencial del \u00e9xito empresarial ser\u00e1 la inteligencia humana en su forma m\u00e1s emocional y relacional.<br\/><br\/>Elixar aprovecha las experiencias sensoriales para desbloquear habilidades y fomentar conexiones significativas en contextos profesionales.<\/p>\n\n\n\n<div class=\"wp-block-group is-content-justification-center is-nowrap is-layout-flex wp-container-core-group-is-layout-6cbc9095 wp-block-group-is-layout-flex\">\n<p class=\"has-text-align-center has-custom-color-4-color has-text-color has-link-color has-roboto-slab-font-family has-small-font-size wp-elements-8a38c7438260d706cab21085a8981d28 wp-block-paragraph\" style=\"font-style:normal;font-weight:300;letter-spacing:2px\"><a href=\"https:\/\/elixar.it\/sensagy\/\" data-type=\"page\" data-id=\"13258\">Sensagy\u2122 Program<\/a><\/p>\n\n\n\n<p class=\"has-text-align-center has-custom-color-4-color has-text-color has-link-color has-roboto-slab-font-family has-small-font-size wp-elements-83b2993cbb64ecc40eea06a57a074ca3 wp-block-paragraph\" style=\"font-style:normal;font-weight:300;letter-spacing:2px\"><a href=\"https:\/\/elixar.it\/olfateam\/\" data-type=\"page\" data-id=\"13258\">OlfaTeam\u2122 Program<\/a><\/p>\n<\/div>\n\n\n\n<p class=\"has-background-color has-text-color has-link-color has-roboto-slab-font-family has-medium-font-size wp-elements-2030bae1bf783e4b1c5e394231fc8026 wp-block-paragraph\" style=\"font-style:normal;font-weight:100\">Esto se traduce en decisiones transformadoras seguidas de acciones cohesionadas.<\/p>\n\n\n\n<div style=\"height:16px\" aria-hidden=\"true\" class=\"wp-block-spacer\"><\/div>\n<\/div>\n<\/div>\n\n<div style=\"height:22px\" aria-hidden=\"true\" class=\"wp-block-spacer\"><\/div>\n\n<div class=\"wp-block-group is-content-justification-center is-layout-flex wp-container-core-group-is-layout-dc41bdf7 wp-block-group-is-layout-flex\">\n<p class=\"has-text-align-center has-custom-color-4-color has-text-color has-link-color has-roboto-slab-font-family has-small-font-size wp-elements-c377b5f622f21d66becc31a4c754919a wp-block-paragraph\" style=\"font-style:normal;font-weight:300;letter-spacing:1px\"><a href=\"https:\/\/elixar.it\/sensory-leadership\/publications\/\" data-type=\"page\" data-id=\"14685\">Nuestras publicaciones<\/a><\/p>\n\n\n\n<p class=\"has-text-align-center has-custom-color-4-color has-text-color has-link-color has-roboto-slab-font-family has-small-font-size wp-elements-da11a110c108832c9c71316fdd4b6248 wp-block-paragraph\" style=\"font-style:normal;font-weight:300;letter-spacing:1px\"><a href=\"https:\/\/elixar.it\/sensory-leadership\/\" data-type=\"link\" data-id=\"https:\/\/elixar.it\/impact\/\">El framework del Sensory Leadership<\/a><\/p>\n\n\n\n<p class=\"has-text-align-center has-custom-color-4-color has-text-color has-link-color has-roboto-slab-font-family has-small-font-size wp-elements-4d0ecf6cad77d4fe1f01877bf92e5718 wp-block-paragraph\" style=\"font-style:normal;font-weight:300;letter-spacing:1px\"><a href=\"https:\/\/elixar.it\/impact\/\" data-type=\"link\" data-id=\"https:\/\/elixar.it\/impact\/\">Impacto en un mundo de IA<\/a><\/p>\n\n\n\n<p class=\"has-text-align-center has-custom-color-4-color has-text-color has-link-color has-roboto-slab-font-family has-small-font-size wp-elements-4d915ccf927cf148f6f8962f62e18a71 wp-block-paragraph\" style=\"font-style:normal;font-weight:300;letter-spacing:1px\"><a href=\"https:\/\/elixar.it\/science\/\" data-type=\"page\" data-id=\"12603\">La ciencia de los sentidos<\/a><\/p>\n<\/div>\n\n<div style=\"height:40px\" aria-hidden=\"true\" class=\"wp-block-spacer\"><\/div>\n\n<hr class=\"wp-block-separator has-alpha-channel-opacity\"\/>\n\n<div style=\"height:70px\" aria-hidden=\"true\" class=\"wp-block-spacer\"><\/div>\n\n<div class=\"wp-block-columns is-layout-flex wp-container-core-columns-is-layout-7b3e84b4 wp-block-columns-is-layout-flex\" style=\"padding-right:var(--wp--preset--spacing--50);padding-left:var(--wp--preset--spacing--50)\">\n<div class=\"wp-block-column is-vertically-aligned-top is-layout-flow wp-block-column-is-layout-flow\" style=\"padding-right:var(--wp--preset--spacing--50);padding-left:var(--wp--preset--spacing--50);flex-basis:70%\">\n<h2 class=\"wp-block-heading has-text-align-center has-custom-color-4-color has-text-color has-link-color has-roboto-slab-font-family has-x-large-font-size wp-elements-8842fd5fb9a0bd0f08ce18f7a756dd19\" style=\"font-style:normal;font-weight:400;letter-spacing:2px\"><strong>Colaboraciones<\/strong><\/h2>\n\n\n\n<div style=\"height:30px\" aria-hidden=\"true\" class=\"wp-block-spacer\"><\/div>\n\n\n\n<p class=\"has-background-color has-text-color has-link-color has-roboto-slab-font-family has-medium-font-size wp-elements-682379caab6fb976acf813e185618900 wp-block-paragraph\" style=\"font-style:normal;font-weight:100\">Al asociar experiencias sensoriales y marcas, Elixar cataliza la fusi\u00f3n de emociones para mostrar mejor su organizaci\u00f3n y sus creaciones.<br\/><\/p>\n<\/div>\n\n\n\n<div class=\"wp-block-column is-vertically-aligned-center is-layout-flow wp-block-column-is-layout-flow\" style=\"flex-basis:30%\">\n\t\t<figure class=\"wp-block-jetpack-videopress jetpack-videopress-player aligncenter wp-block-jetpack-videopress--has-max-width\" style=\"max-width: 196px;\" >\n\t\t\t<div class=\"jetpack-videopress-player__wrapper\"> <iframe title=\"VideoPress Video Player\" aria-label='VideoPress Video Player' width='421' height='750' src='https:\/\/videopress.com\/embed\/ioghZ8j9?cover=1&amp;autoPlay=1&amp;controls=1&amp;loop=1&amp;muted=1&amp;persistVolume=0&amp;playsinline=0&amp;preloadContent=metadata&amp;useAverageColor=1&amp;hd=0' frameborder='0' allowfullscreen data-resize-to-parent=\"true\" allow='clipboard-write'><\/iframe><script src='https:\/\/v0.wordpress.com\/js\/next\/videopress-iframe.js?m=1739540970'><\/script><\/div>\n\t\t\t\n\t\t\t\n\t\t<\/figure>\n\t\t<\/div>\n<\/div>\n\n<div style=\"height:40px\" aria-hidden=\"true\" class=\"wp-block-spacer\"><\/div>\n\n<hr class=\"wp-block-separator has-alpha-channel-opacity\"\/>\n\n<div style=\"height:70px\" aria-hidden=\"true\" class=\"wp-block-spacer\"><\/div>\n\n<div class=\"wp-block-columns is-layout-flex wp-container-core-columns-is-layout-7b3e84b4 wp-block-columns-is-layout-flex\" style=\"padding-right:var(--wp--preset--spacing--50);padding-left:var(--wp--preset--spacing--50)\">\n<div class=\"wp-block-column is-vertically-aligned-center is-layout-flow wp-block-column-is-layout-flow\" style=\"flex-basis:30%\">\n\t\t<figure class=\"wp-block-jetpack-videopress jetpack-videopress-player aligncenter wp-block-jetpack-videopress--has-max-width\" style=\"max-width: 196px;\" >\n\t\t\t<div class=\"jetpack-videopress-player__wrapper\"> <iframe title=\"VideoPress Video Player\" aria-label='VideoPress Video Player' width='421' height='750' src='https:\/\/videopress.com\/embed\/ZYxG4GmQ?cover=1&amp;autoPlay=1&amp;controls=1&amp;loop=1&amp;muted=1&amp;persistVolume=0&amp;playsinline=0&amp;preloadContent=metadata&amp;useAverageColor=1&amp;hd=0' frameborder='0' allowfullscreen data-resize-to-parent=\"true\" allow='clipboard-write'><\/iframe><script src='https:\/\/v0.wordpress.com\/js\/next\/videopress-iframe.js?m=1739540970'><\/script><\/div>\n\t\t\t\n\t\t\t\n\t\t<\/figure>\n\t\t<\/div>\n\n\n\n<div class=\"wp-block-column is-layout-flow wp-block-column-is-layout-flow\" style=\"padding-right:var(--wp--preset--spacing--50);padding-left:var(--wp--preset--spacing--50);flex-basis:70%\">\n<h2 class=\"wp-block-heading has-text-align-center has-custom-color-4-color has-text-color has-link-color has-roboto-slab-font-family has-x-large-font-size wp-elements-e94a1288d1fd9f83e7cee39386840c20\" style=\"font-style:normal;font-weight:400;letter-spacing:2px\"><strong>Eventos<\/strong> \u00abUNVEIL\u00bb<\/h2>\n\n\n\n<div style=\"height:30px\" aria-hidden=\"true\" class=\"wp-block-spacer\"><\/div>\n\n\n\n<p class=\"has-background-color has-text-color has-link-color has-roboto-slab-font-family has-medium-font-size wp-elements-3323dcc7ee509b506f35676533ac10af wp-block-paragraph\" style=\"font-style:normal;font-weight:100\">Seminarios profesionales, equipos deportivos, reuniones especiales&#8230;<br\/><br\/><br\/>Elixar, que emula los cinco sentidos, te ayudar\u00e1 a crear un momento impactante, revelando nuevas perspectivas sobre tu historia, tu equipo y tus ambiciones.<\/p>\n\n\n\n<div style=\"height:22px\" aria-hidden=\"true\" class=\"wp-block-spacer\"><\/div>\n\n\n\n<h2 class=\"wp-block-heading has-text-align-center has-custom-color-4-color has-text-color has-link-color has-roboto-slab-font-family has-medium-font-size wp-elements-2d0fe92172dc629964adff0439caa8fb\" style=\"font-style:normal;font-weight:300;letter-spacing:2px\"><a href=\"https:\/\/elixar.it\/es\/about-us\/\" data-type=\"page\" data-id=\"197\">\u00bfPor qu\u00e9 Elixar?<\/a><\/h2>\n<\/div>\n<\/div>\n\n<div style=\"height:44px\" aria-hidden=\"true\" class=\"wp-block-spacer\"><\/div>\n","protected":false},"excerpt":{"rendered":"<p>Liderazgo Sensorial En la era de la IA y del trabajo h\u00edbrido, el factor diferencial del \u00e9xito empresarial ser\u00e1 la inteligencia humana en su forma m\u00e1s emocional y relacional. Elixar aprovecha las experiencias sensoriales para desbloquear habilidades y fomentar conexiones significativas en contextos profesionales. Sensagy\u2122 Program OlfaTeam\u2122 Program Esto se traduce en decisiones transformadoras seguidas [&hellip;]<\/p>\n","protected":false},"author":144146929,"featured_media":6168,"parent":0,"menu_order":0,"comment_status":"closed","ping_status":"closed","template":"wp-custom-template-home-multilingual","meta":{"_crdt_document":"","footnotes":""},"class_list":["post-13252","page","type-page","status-publish","has-post-thumbnail","hentry"],"yoast_head":"<!-- This site is optimized with the Yoast SEO plugin v27.5 - https:\/\/yoast.com\/product\/yoast-seo-wordpress\/ -->\n<title>Eventos - Elixar<\/title>\n<meta name=\"robots\" content=\"index, follow, max-snippet:-1, max-image-preview:large, max-video-preview:-1\" \/>\n<link rel=\"canonical\" href=\"https:\/\/elixar.it\/es\/events\/\" \/>\n<meta property=\"og:locale\" content=\"es_ES\" \/>\n<meta property=\"og:type\" content=\"article\" \/>\n<meta property=\"og:title\" content=\"Eventos - Elixar\" \/>\n<meta property=\"og:description\" content=\"Liderazgo Sensorial En la era de la IA y del trabajo h\u00edbrido, el factor diferencial del \u00e9xito empresarial ser\u00e1 la inteligencia humana en su forma m\u00e1s emocional y relacional. Elixar aprovecha las experiencias sensoriales para desbloquear habilidades y fomentar conexiones significativas en contextos profesionales. Sensagy\u2122 Program OlfaTeam\u2122 Program Esto se traduce en decisiones transformadoras seguidas [&hellip;]\" \/>\n<meta property=\"og:url\" content=\"https:\/\/elixar.it\/es\/events\/\" \/>\n<meta property=\"og:site_name\" content=\"Elixar\" \/>\n<meta property=\"article:modified_time\" content=\"2026-02-24T11:53:06+00:00\" \/>\n<meta property=\"og:image\" content=\"https:\/\/i0.wp.com\/elixar.it\/wp-content\/uploads\/2024\/03\/Events.png?fit=300%2C300&ssl=1\" \/>\n\t<meta property=\"og:image:width\" content=\"300\" \/>\n\t<meta property=\"og:image:height\" content=\"300\" \/>\n\t<meta property=\"og:image:type\" content=\"image\/png\" \/>\n<meta name=\"twitter:card\" content=\"summary_large_image\" \/>\n<meta name=\"twitter:label1\" content=\"Tiempo de lectura\" \/>\n\t<meta name=\"twitter:data1\" content=\"1 minuto\" \/>\n<script type=\"application\/ld+json\" class=\"yoast-schema-graph\">{\"@context\":\"https:\\\/\\\/schema.org\",\"@graph\":[{\"@type\":\"WebPage\",\"@id\":\"https:\\\/\\\/elixar.it\\\/es\\\/events\\\/\",\"url\":\"https:\\\/\\\/elixar.it\\\/es\\\/events\\\/\",\"name\":\"Eventos - Elixar\",\"isPartOf\":{\"@id\":\"https:\\\/\\\/elixar.it\\\/es\\\/#website\"},\"primaryImageOfPage\":{\"@id\":\"https:\\\/\\\/elixar.it\\\/es\\\/events\\\/#primaryimage\"},\"image\":{\"@id\":\"https:\\\/\\\/elixar.it\\\/es\\\/events\\\/#primaryimage\"},\"thumbnailUrl\":\"https:\\\/\\\/i0.wp.com\\\/elixar.it\\\/wp-content\\\/uploads\\\/2024\\\/03\\\/Events.png?fit=300%2C300&ssl=1\",\"datePublished\":\"2024-03-03T12:53:09+00:00\",\"dateModified\":\"2026-02-24T11:53:06+00:00\",\"breadcrumb\":{\"@id\":\"https:\\\/\\\/elixar.it\\\/es\\\/events\\\/#breadcrumb\"},\"inLanguage\":\"es\",\"potentialAction\":[{\"@type\":\"ReadAction\",\"target\":[\"https:\\\/\\\/elixar.it\\\/es\\\/events\\\/\"]}]},{\"@type\":\"ImageObject\",\"inLanguage\":\"es\",\"@id\":\"https:\\\/\\\/elixar.it\\\/es\\\/events\\\/#primaryimage\",\"url\":\"https:\\\/\\\/i0.wp.com\\\/elixar.it\\\/wp-content\\\/uploads\\\/2024\\\/03\\\/Events.png?fit=300%2C300&ssl=1\",\"contentUrl\":\"https:\\\/\\\/i0.wp.com\\\/elixar.it\\\/wp-content\\\/uploads\\\/2024\\\/03\\\/Events.png?fit=300%2C300&ssl=1\",\"width\":300,\"height\":300},{\"@type\":\"BreadcrumbList\",\"@id\":\"https:\\\/\\\/elixar.it\\\/es\\\/events\\\/#breadcrumb\",\"itemListElement\":[{\"@type\":\"ListItem\",\"position\":1,\"name\":\"Home\",\"item\":\"https:\\\/\\\/elixar.it\\\/es\\\/\"},{\"@type\":\"ListItem\",\"position\":2,\"name\":\"Eventos\"}]},{\"@type\":\"WebSite\",\"@id\":\"https:\\\/\\\/elixar.it\\\/es\\\/#website\",\"url\":\"https:\\\/\\\/elixar.it\\\/es\\\/\",\"name\":\"Elixar\",\"description\":\"activate your senses and shine\",\"publisher\":{\"@id\":\"https:\\\/\\\/elixar.it\\\/es\\\/#organization\"},\"potentialAction\":[{\"@type\":\"SearchAction\",\"target\":{\"@type\":\"EntryPoint\",\"urlTemplate\":\"https:\\\/\\\/elixar.it\\\/es\\\/?s={search_term_string}\"},\"query-input\":{\"@type\":\"PropertyValueSpecification\",\"valueRequired\":true,\"valueName\":\"search_term_string\"}}],\"inLanguage\":\"es\"},{\"@type\":\"Organization\",\"@id\":\"https:\\\/\\\/elixar.it\\\/es\\\/#organization\",\"name\":\"Elixar\",\"url\":\"https:\\\/\\\/elixar.it\\\/es\\\/\",\"logo\":{\"@type\":\"ImageObject\",\"inLanguage\":\"es\",\"@id\":\"https:\\\/\\\/elixar.it\\\/es\\\/#\\\/schema\\\/logo\\\/image\\\/\",\"url\":\"https:\\\/\\\/i0.wp.com\\\/elixar.it\\\/wp-content\\\/uploads\\\/2025\\\/10\\\/Color-logo-no-flame-no-background-L-Copy.png?fit=2592%2C1267&ssl=1\",\"contentUrl\":\"https:\\\/\\\/i0.wp.com\\\/elixar.it\\\/wp-content\\\/uploads\\\/2025\\\/10\\\/Color-logo-no-flame-no-background-L-Copy.png?fit=2592%2C1267&ssl=1\",\"width\":2592,\"height\":1267,\"caption\":\"Elixar\"},\"image\":{\"@id\":\"https:\\\/\\\/elixar.it\\\/es\\\/#\\\/schema\\\/logo\\\/image\\\/\"}}]}<\/script>\n<!-- \/ Yoast SEO plugin. -->","yoast_head_json":{"title":"Eventos - Elixar","robots":{"index":"index","follow":"follow","max-snippet":"max-snippet:-1","max-image-preview":"max-image-preview:large","max-video-preview":"max-video-preview:-1"},"canonical":"https:\/\/elixar.it\/es\/events\/","og_locale":"es_ES","og_type":"article","og_title":"Eventos - Elixar","og_description":"Liderazgo Sensorial En la era de la IA y del trabajo h\u00edbrido, el factor diferencial del \u00e9xito empresarial ser\u00e1 la inteligencia humana en su forma m\u00e1s emocional y relacional. Elixar aprovecha las experiencias sensoriales para desbloquear habilidades y fomentar conexiones significativas en contextos profesionales. Sensagy\u2122 Program OlfaTeam\u2122 Program Esto se traduce en decisiones transformadoras seguidas [&hellip;]","og_url":"https:\/\/elixar.it\/es\/events\/","og_site_name":"Elixar","article_modified_time":"2026-02-24T11:53:06+00:00","og_image":[{"width":300,"height":300,"url":"https:\/\/i0.wp.com\/elixar.it\/wp-content\/uploads\/2024\/03\/Events.png?fit=300%2C300&ssl=1","type":"image\/png"}],"twitter_card":"summary_large_image","twitter_misc":{"Tiempo de lectura":"1 minuto"},"schema":{"@context":"https:\/\/schema.org","@graph":[{"@type":"WebPage","@id":"https:\/\/elixar.it\/es\/events\/","url":"https:\/\/elixar.it\/es\/events\/","name":"Eventos - Elixar","isPartOf":{"@id":"https:\/\/elixar.it\/es\/#website"},"primaryImageOfPage":{"@id":"https:\/\/elixar.it\/es\/events\/#primaryimage"},"image":{"@id":"https:\/\/elixar.it\/es\/events\/#primaryimage"},"thumbnailUrl":"https:\/\/i0.wp.com\/elixar.it\/wp-content\/uploads\/2024\/03\/Events.png?fit=300%2C300&ssl=1","datePublished":"2024-03-03T12:53:09+00:00","dateModified":"2026-02-24T11:53:06+00:00","breadcrumb":{"@id":"https:\/\/elixar.it\/es\/events\/#breadcrumb"},"inLanguage":"es","potentialAction":[{"@type":"ReadAction","target":["https:\/\/elixar.it\/es\/events\/"]}]},{"@type":"ImageObject","inLanguage":"es","@id":"https:\/\/elixar.it\/es\/events\/#primaryimage","url":"https:\/\/i0.wp.com\/elixar.it\/wp-content\/uploads\/2024\/03\/Events.png?fit=300%2C300&ssl=1","contentUrl":"https:\/\/i0.wp.com\/elixar.it\/wp-content\/uploads\/2024\/03\/Events.png?fit=300%2C300&ssl=1","width":300,"height":300},{"@type":"BreadcrumbList","@id":"https:\/\/elixar.it\/es\/events\/#breadcrumb","itemListElement":[{"@type":"ListItem","position":1,"name":"Home","item":"https:\/\/elixar.it\/es\/"},{"@type":"ListItem","position":2,"name":"Eventos"}]},{"@type":"WebSite","@id":"https:\/\/elixar.it\/es\/#website","url":"https:\/\/elixar.it\/es\/","name":"Elixar","description":"activate your senses and shine","publisher":{"@id":"https:\/\/elixar.it\/es\/#organization"},"potentialAction":[{"@type":"SearchAction","target":{"@type":"EntryPoint","urlTemplate":"https:\/\/elixar.it\/es\/?s={search_term_string}"},"query-input":{"@type":"PropertyValueSpecification","valueRequired":true,"valueName":"search_term_string"}}],"inLanguage":"es"},{"@type":"Organization","@id":"https:\/\/elixar.it\/es\/#organization","name":"Elixar","url":"https:\/\/elixar.it\/es\/","logo":{"@type":"ImageObject","inLanguage":"es","@id":"https:\/\/elixar.it\/es\/#\/schema\/logo\/image\/","url":"https:\/\/i0.wp.com\/elixar.it\/wp-content\/uploads\/2025\/10\/Color-logo-no-flame-no-background-L-Copy.png?fit=2592%2C1267&ssl=1","contentUrl":"https:\/\/i0.wp.com\/elixar.it\/wp-content\/uploads\/2025\/10\/Color-logo-no-flame-no-background-L-Copy.png?fit=2592%2C1267&ssl=1","width":2592,"height":1267,"caption":"Elixar"},"image":{"@id":"https:\/\/elixar.it\/es\/#\/schema\/logo\/image\/"}}]}},"jetpack_sharing_enabled":true,"jetpack_likes_enabled":true,"jetpack_shortlink":"https:\/\/wp.me\/PeVjk8-3rK","jetpack-related-posts":[],"_links":{"self":[{"href":"https:\/\/elixar.it\/es\/wp-json\/wp\/v2\/pages\/13252","targetHints":{"allow":["GET"]}}],"collection":[{"href":"https:\/\/elixar.it\/es\/wp-json\/wp\/v2\/pages"}],"about":[{"href":"https:\/\/elixar.it\/es\/wp-json\/wp\/v2\/types\/page"}],"author":[{"embeddable":true,"href":"https:\/\/elixar.it\/es\/wp-json\/wp\/v2\/users\/144146929"}],"replies":[{"embeddable":true,"href":"https:\/\/elixar.it\/es\/wp-json\/wp\/v2\/comments?post=13252"}],"version-history":[{"count":4,"href":"https:\/\/elixar.it\/es\/wp-json\/wp\/v2\/pages\/13252\/revisions"}],"predecessor-version":[{"id":14857,"href":"https:\/\/elixar.it\/es\/wp-json\/wp\/v2\/pages\/13252\/revisions\/14857"}],"wp:featuredmedia":[{"embeddable":true,"href":"https:\/\/elixar.it\/es\/wp-json\/wp\/v2\/media\/6168"}],"wp:attachment":[{"href":"https:\/\/elixar.it\/es\/wp-json\/wp\/v2\/media?parent=13252"}],"curies":[{"name":"wp","href":"https:\/\/api.w.org\/{rel}","templated":true}]}}