{"id":3545,"date":"2023-07-29T19:14:29","date_gmt":"2023-07-29T17:14:29","guid":{"rendered":"https:\/\/elixar.it\/tribe-es\/"},"modified":"2024-03-11T10:50:10","modified_gmt":"2024-03-11T09:50:10","slug":"tribe","status":"publish","type":"page","link":"https:\/\/elixar.it\/es\/tribe\/","title":{"rendered":"Tribu"},"content":{"rendered":"\n<h2 class=\"wp-block-heading has-large-font-size\">La Tribu Elixar (the Tribe)<\/h2>\n\n<p class=\"wp-block-paragraph\">La Tribu Elixar est\u00e1 formada por personas que BRILLAN (shine) y AYUDAN (help) mientras HACEN (do) lo que AMAN (love). Juntos, se convierten en una <em>Academia Ikigai<\/em>&#8230; una fuerza gu\u00eda para Elixar y una inspiraci\u00f3n para encontrar tu propio camino hacia el Bien Vivir:<\/p>\n\n<figure class=\"wp-block-image aligncenter size-full is-resized\"><img data-recalc-dims=\"1\" loading=\"lazy\" decoding=\"async\" width=\"600\" height=\"600\" src=\"https:\/\/i0.wp.com\/elixar.it\/wp-content\/uploads\/2024\/03\/Ikigai.png?resize=600%2C600&#038;ssl=1\" alt=\"\" class=\"wp-image-6115\" style=\"width:352px;height:auto\" srcset=\"https:\/\/i0.wp.com\/elixar.it\/wp-content\/uploads\/2024\/03\/Ikigai.png?w=600&amp;ssl=1 600w, https:\/\/i0.wp.com\/elixar.it\/wp-content\/uploads\/2024\/03\/Ikigai.png?resize=300%2C300&amp;ssl=1 300w, https:\/\/i0.wp.com\/elixar.it\/wp-content\/uploads\/2024\/03\/Ikigai.png?resize=150%2C150&amp;ssl=1 150w, https:\/\/i0.wp.com\/elixar.it\/wp-content\/uploads\/2024\/03\/Ikigai.png?resize=400%2C400&amp;ssl=1 400w, https:\/\/i0.wp.com\/elixar.it\/wp-content\/uploads\/2024\/03\/Ikigai.png?resize=200%2C200&amp;ssl=1 200w, https:\/\/i0.wp.com\/elixar.it\/wp-content\/uploads\/2024\/03\/Ikigai.png?resize=450%2C450&amp;ssl=1 450w, https:\/\/i0.wp.com\/elixar.it\/wp-content\/uploads\/2024\/03\/Ikigai.png?resize=100%2C100&amp;ssl=1 100w\" sizes=\"auto, (max-width: 600px) 100vw, 600px\" \/><\/figure>\n\n<p class=\"wp-block-paragraph\">Una inspiradora red de emprendedores, formadores, expertos y artesanos&#8230; a trav\u00e9s de una variedad de disciplinas complementarias, del dise\u00f1o a la m\u00fasica, de la alimentaci\u00f3n al deporte, El C\u00edrculo Elixar transmite una profunda positividad por la vida.<\/p>\n\n<figure class=\"wp-block-image aligncenter size-full is-resized\"><img data-recalc-dims=\"1\" loading=\"lazy\" decoding=\"async\" width=\"300\" height=\"300\" src=\"https:\/\/i0.wp.com\/elixar.it\/wp-content\/uploads\/2023\/07\/Tribe-Transparent.png?resize=300%2C300&#038;ssl=1\" alt=\"Descubre nuestra Tribu\" class=\"wp-image-1401\" style=\"width:104px;height:auto\" srcset=\"https:\/\/i0.wp.com\/elixar.it\/wp-content\/uploads\/2023\/07\/Tribe-Transparent.png?w=300&amp;ssl=1 300w, https:\/\/i0.wp.com\/elixar.it\/wp-content\/uploads\/2023\/07\/Tribe-Transparent.png?resize=150%2C150&amp;ssl=1 150w, https:\/\/i0.wp.com\/elixar.it\/wp-content\/uploads\/2023\/07\/Tribe-Transparent.png?resize=200%2C200&amp;ssl=1 200w, https:\/\/i0.wp.com\/elixar.it\/wp-content\/uploads\/2023\/07\/Tribe-Transparent.png?resize=100%2C100&amp;ssl=1 100w\" sizes=\"auto, (max-width: 300px) 100vw, 300px\" \/><\/figure>\n\n<p class=\"wp-block-paragraph\">Presentamos aqu\u00ed lo que la TRIBE tiene para compartir con el mundo. De hecho, cada uno de estos individuos contribuye a la <strong><em>Alquimia de los Sentidos<\/em><\/strong> conectando cuerpo, personas y lugares. A su manera, alimentan la l<strong><em>lama de la vida<\/em><\/strong> y perpet\u00faan el arte de vivir para las generaciones venideras.<\/p>\n","protected":false},"excerpt":{"rendered":"<p>La Tribu Elixar (the Tribe) La Tribu Elixar est\u00e1 formada por personas que BRILLAN (shine) y AYUDAN (help) mientras HACEN (do) lo que AMAN (love). Juntos, se convierten en una Academia Ikigai&#8230; una fuerza gu\u00eda para Elixar y una inspiraci\u00f3n para encontrar tu propio camino hacia el Bien Vivir: Una inspiradora red de emprendedores, formadores, [&hellip;]<\/p>\n","protected":false},"author":144146929,"featured_media":2988,"parent":0,"menu_order":0,"comment_status":"closed","ping_status":"closed","template":"wp-custom-template-tribe-together","meta":{"_crdt_document":"","footnotes":""},"class_list":["post-3545","page","type-page","status-publish","has-post-thumbnail","hentry"],"yoast_head":"<!-- This site is optimized with the Yoast SEO plugin v27.4 - https:\/\/yoast.com\/product\/yoast-seo-wordpress\/ -->\n<title>Tribu - Elixar<\/title>\n<meta name=\"robots\" content=\"index, follow, max-snippet:-1, max-image-preview:large, max-video-preview:-1\" \/>\n<link rel=\"canonical\" href=\"https:\/\/elixar.it\/es\/tribe\/\" \/>\n<meta property=\"og:locale\" content=\"es_ES\" \/>\n<meta property=\"og:type\" content=\"article\" \/>\n<meta property=\"og:title\" content=\"Tribu - Elixar\" \/>\n<meta property=\"og:description\" content=\"La Tribu Elixar (the Tribe) La Tribu Elixar est\u00e1 formada por personas que BRILLAN (shine) y AYUDAN (help) mientras HACEN (do) lo que AMAN (love). Juntos, se convierten en una Academia Ikigai&#8230; una fuerza gu\u00eda para Elixar y una inspiraci\u00f3n para encontrar tu propio camino hacia el Bien Vivir: Una inspiradora red de emprendedores, formadores, [&hellip;]\" \/>\n<meta property=\"og:url\" content=\"https:\/\/elixar.it\/es\/tribe\/\" \/>\n<meta property=\"og:site_name\" content=\"Elixar\" \/>\n<meta property=\"article:modified_time\" content=\"2024-03-11T09:50:10+00:00\" \/>\n<meta property=\"og:image\" content=\"https:\/\/i0.wp.com\/elixar.it\/wp-content\/uploads\/2023\/07\/Tribe-Transparent.png?fit=300%2C300&ssl=1\" \/>\n\t<meta property=\"og:image:width\" content=\"300\" \/>\n\t<meta property=\"og:image:height\" content=\"300\" \/>\n\t<meta property=\"og:image:type\" content=\"image\/png\" \/>\n<meta name=\"twitter:card\" content=\"summary_large_image\" \/>\n<meta name=\"twitter:label1\" content=\"Tiempo de lectura\" \/>\n\t<meta name=\"twitter:data1\" content=\"1 minuto\" \/>\n<script type=\"application\/ld+json\" class=\"yoast-schema-graph\">{\"@context\":\"https:\\\/\\\/schema.org\",\"@graph\":[{\"@type\":\"WebPage\",\"@id\":\"https:\\\/\\\/elixar.it\\\/es\\\/tribe\\\/\",\"url\":\"https:\\\/\\\/elixar.it\\\/es\\\/tribe\\\/\",\"name\":\"Tribu - Elixar\",\"isPartOf\":{\"@id\":\"https:\\\/\\\/elixar.it\\\/es\\\/#website\"},\"primaryImageOfPage\":{\"@id\":\"https:\\\/\\\/elixar.it\\\/es\\\/tribe\\\/#primaryimage\"},\"image\":{\"@id\":\"https:\\\/\\\/elixar.it\\\/es\\\/tribe\\\/#primaryimage\"},\"thumbnailUrl\":\"https:\\\/\\\/i0.wp.com\\\/elixar.it\\\/wp-content\\\/uploads\\\/2023\\\/07\\\/Tribe-Transparent.png?fit=300%2C300&ssl=1\",\"datePublished\":\"2023-07-29T17:14:29+00:00\",\"dateModified\":\"2024-03-11T09:50:10+00:00\",\"breadcrumb\":{\"@id\":\"https:\\\/\\\/elixar.it\\\/es\\\/tribe\\\/#breadcrumb\"},\"inLanguage\":\"es\",\"potentialAction\":[{\"@type\":\"ReadAction\",\"target\":[\"https:\\\/\\\/elixar.it\\\/es\\\/tribe\\\/\"]}]},{\"@type\":\"ImageObject\",\"inLanguage\":\"es\",\"@id\":\"https:\\\/\\\/elixar.it\\\/es\\\/tribe\\\/#primaryimage\",\"url\":\"https:\\\/\\\/i0.wp.com\\\/elixar.it\\\/wp-content\\\/uploads\\\/2023\\\/07\\\/Tribe-Transparent.png?fit=300%2C300&ssl=1\",\"contentUrl\":\"https:\\\/\\\/i0.wp.com\\\/elixar.it\\\/wp-content\\\/uploads\\\/2023\\\/07\\\/Tribe-Transparent.png?fit=300%2C300&ssl=1\",\"width\":300,\"height\":300},{\"@type\":\"BreadcrumbList\",\"@id\":\"https:\\\/\\\/elixar.it\\\/es\\\/tribe\\\/#breadcrumb\",\"itemListElement\":[{\"@type\":\"ListItem\",\"position\":1,\"name\":\"Home\",\"item\":\"https:\\\/\\\/elixar.it\\\/es\\\/\"},{\"@type\":\"ListItem\",\"position\":2,\"name\":\"Tribu\"}]},{\"@type\":\"WebSite\",\"@id\":\"https:\\\/\\\/elixar.it\\\/es\\\/#website\",\"url\":\"https:\\\/\\\/elixar.it\\\/es\\\/\",\"name\":\"Elixar\",\"description\":\"activate your senses and shine\",\"publisher\":{\"@id\":\"https:\\\/\\\/elixar.it\\\/es\\\/#organization\"},\"potentialAction\":[{\"@type\":\"SearchAction\",\"target\":{\"@type\":\"EntryPoint\",\"urlTemplate\":\"https:\\\/\\\/elixar.it\\\/es\\\/?s={search_term_string}\"},\"query-input\":{\"@type\":\"PropertyValueSpecification\",\"valueRequired\":true,\"valueName\":\"search_term_string\"}}],\"inLanguage\":\"es\"},{\"@type\":\"Organization\",\"@id\":\"https:\\\/\\\/elixar.it\\\/es\\\/#organization\",\"name\":\"Elixar\",\"url\":\"https:\\\/\\\/elixar.it\\\/es\\\/\",\"logo\":{\"@type\":\"ImageObject\",\"inLanguage\":\"es\",\"@id\":\"https:\\\/\\\/elixar.it\\\/es\\\/#\\\/schema\\\/logo\\\/image\\\/\",\"url\":\"https:\\\/\\\/i0.wp.com\\\/elixar.it\\\/wp-content\\\/uploads\\\/2025\\\/10\\\/Color-logo-no-flame-no-background-L-Copy.png?fit=2592%2C1267&ssl=1\",\"contentUrl\":\"https:\\\/\\\/i0.wp.com\\\/elixar.it\\\/wp-content\\\/uploads\\\/2025\\\/10\\\/Color-logo-no-flame-no-background-L-Copy.png?fit=2592%2C1267&ssl=1\",\"width\":2592,\"height\":1267,\"caption\":\"Elixar\"},\"image\":{\"@id\":\"https:\\\/\\\/elixar.it\\\/es\\\/#\\\/schema\\\/logo\\\/image\\\/\"}}]}<\/script>\n<!-- \/ Yoast SEO plugin. -->","yoast_head_json":{"title":"Tribu - Elixar","robots":{"index":"index","follow":"follow","max-snippet":"max-snippet:-1","max-image-preview":"max-image-preview:large","max-video-preview":"max-video-preview:-1"},"canonical":"https:\/\/elixar.it\/es\/tribe\/","og_locale":"es_ES","og_type":"article","og_title":"Tribu - Elixar","og_description":"La Tribu Elixar (the Tribe) La Tribu Elixar est\u00e1 formada por personas que BRILLAN (shine) y AYUDAN (help) mientras HACEN (do) lo que AMAN (love). Juntos, se convierten en una Academia Ikigai&#8230; una fuerza gu\u00eda para Elixar y una inspiraci\u00f3n para encontrar tu propio camino hacia el Bien Vivir: Una inspiradora red de emprendedores, formadores, [&hellip;]","og_url":"https:\/\/elixar.it\/es\/tribe\/","og_site_name":"Elixar","article_modified_time":"2024-03-11T09:50:10+00:00","og_image":[{"width":300,"height":300,"url":"https:\/\/i0.wp.com\/elixar.it\/wp-content\/uploads\/2023\/07\/Tribe-Transparent.png?fit=300%2C300&ssl=1","type":"image\/png"}],"twitter_card":"summary_large_image","twitter_misc":{"Tiempo de lectura":"1 minuto"},"schema":{"@context":"https:\/\/schema.org","@graph":[{"@type":"WebPage","@id":"https:\/\/elixar.it\/es\/tribe\/","url":"https:\/\/elixar.it\/es\/tribe\/","name":"Tribu - Elixar","isPartOf":{"@id":"https:\/\/elixar.it\/es\/#website"},"primaryImageOfPage":{"@id":"https:\/\/elixar.it\/es\/tribe\/#primaryimage"},"image":{"@id":"https:\/\/elixar.it\/es\/tribe\/#primaryimage"},"thumbnailUrl":"https:\/\/i0.wp.com\/elixar.it\/wp-content\/uploads\/2023\/07\/Tribe-Transparent.png?fit=300%2C300&ssl=1","datePublished":"2023-07-29T17:14:29+00:00","dateModified":"2024-03-11T09:50:10+00:00","breadcrumb":{"@id":"https:\/\/elixar.it\/es\/tribe\/#breadcrumb"},"inLanguage":"es","potentialAction":[{"@type":"ReadAction","target":["https:\/\/elixar.it\/es\/tribe\/"]}]},{"@type":"ImageObject","inLanguage":"es","@id":"https:\/\/elixar.it\/es\/tribe\/#primaryimage","url":"https:\/\/i0.wp.com\/elixar.it\/wp-content\/uploads\/2023\/07\/Tribe-Transparent.png?fit=300%2C300&ssl=1","contentUrl":"https:\/\/i0.wp.com\/elixar.it\/wp-content\/uploads\/2023\/07\/Tribe-Transparent.png?fit=300%2C300&ssl=1","width":300,"height":300},{"@type":"BreadcrumbList","@id":"https:\/\/elixar.it\/es\/tribe\/#breadcrumb","itemListElement":[{"@type":"ListItem","position":1,"name":"Home","item":"https:\/\/elixar.it\/es\/"},{"@type":"ListItem","position":2,"name":"Tribu"}]},{"@type":"WebSite","@id":"https:\/\/elixar.it\/es\/#website","url":"https:\/\/elixar.it\/es\/","name":"Elixar","description":"activate your senses and shine","publisher":{"@id":"https:\/\/elixar.it\/es\/#organization"},"potentialAction":[{"@type":"SearchAction","target":{"@type":"EntryPoint","urlTemplate":"https:\/\/elixar.it\/es\/?s={search_term_string}"},"query-input":{"@type":"PropertyValueSpecification","valueRequired":true,"valueName":"search_term_string"}}],"inLanguage":"es"},{"@type":"Organization","@id":"https:\/\/elixar.it\/es\/#organization","name":"Elixar","url":"https:\/\/elixar.it\/es\/","logo":{"@type":"ImageObject","inLanguage":"es","@id":"https:\/\/elixar.it\/es\/#\/schema\/logo\/image\/","url":"https:\/\/i0.wp.com\/elixar.it\/wp-content\/uploads\/2025\/10\/Color-logo-no-flame-no-background-L-Copy.png?fit=2592%2C1267&ssl=1","contentUrl":"https:\/\/i0.wp.com\/elixar.it\/wp-content\/uploads\/2025\/10\/Color-logo-no-flame-no-background-L-Copy.png?fit=2592%2C1267&ssl=1","width":2592,"height":1267,"caption":"Elixar"},"image":{"@id":"https:\/\/elixar.it\/es\/#\/schema\/logo\/image\/"}}]}},"jetpack_sharing_enabled":true,"jetpack_likes_enabled":true,"jetpack_shortlink":"https:\/\/wp.me\/PeVjk8-Vb","jetpack-related-posts":[],"_links":{"self":[{"href":"https:\/\/elixar.it\/es\/wp-json\/wp\/v2\/pages\/3545","targetHints":{"allow":["GET"]}}],"collection":[{"href":"https:\/\/elixar.it\/es\/wp-json\/wp\/v2\/pages"}],"about":[{"href":"https:\/\/elixar.it\/es\/wp-json\/wp\/v2\/types\/page"}],"author":[{"embeddable":true,"href":"https:\/\/elixar.it\/es\/wp-json\/wp\/v2\/users\/144146929"}],"replies":[{"embeddable":true,"href":"https:\/\/elixar.it\/es\/wp-json\/wp\/v2\/comments?post=3545"}],"version-history":[{"count":4,"href":"https:\/\/elixar.it\/es\/wp-json\/wp\/v2\/pages\/3545\/revisions"}],"predecessor-version":[{"id":6308,"href":"https:\/\/elixar.it\/es\/wp-json\/wp\/v2\/pages\/3545\/revisions\/6308"}],"wp:featuredmedia":[{"embeddable":true,"href":"https:\/\/elixar.it\/es\/wp-json\/wp\/v2\/media\/2988"}],"wp:attachment":[{"href":"https:\/\/elixar.it\/es\/wp-json\/wp\/v2\/media?parent=3545"}],"curies":[{"name":"wp","href":"https:\/\/api.w.org\/{rel}","templated":true}]}}