{"id":14640,"date":"2025-10-05T18:06:10","date_gmt":"2025-10-05T16:06:10","guid":{"rendered":"https:\/\/elixar.it\/sensagy\/"},"modified":"2026-02-11T10:04:05","modified_gmt":"2026-02-11T09:04:05","slug":"sensagy","status":"publish","type":"page","link":"https:\/\/elixar.it\/fr\/sensagy\/","title":{"rendered":"Sensagy"},"content":{"rendered":"\n<div class=\"wp-block-columns is-layout-flex wp-container-core-columns-is-layout-79fb870f wp-block-columns-is-layout-flex\">\n<div class=\"wp-block-column is-layout-flow wp-block-column-is-layout-flow\" style=\"flex-basis:5%\"><\/div>\n\n\n\n<div class=\"wp-block-column is-layout-flow wp-block-column-is-layout-flow\" style=\"flex-basis:35%\">\n<div style=\"height:30px\" aria-hidden=\"true\" class=\"wp-block-spacer\"><\/div>\n\n\n\n<h2 class=\"wp-block-heading has-text-align-center has-custom-color-4-color has-text-color has-link-color has-roboto-slab-font-family has-x-large-font-size wp-elements-ed4d501322073fe2db67766bb7a9b1d8\" style=\"font-style:normal;font-weight:400;letter-spacing:2px\"><strong>Sensagy<sup>\u2122<\/sup><\/strong><\/h2>\n\n\n\n<div style=\"height:21px\" aria-hidden=\"true\" class=\"wp-block-spacer\"><\/div>\n\n\n\n<p class=\"has-text-align-center has-background-color has-text-color has-link-color has-roboto-slab-font-family has-medium-font-size wp-elements-f4e73fc3e9b036aa354409f3fe3c6bb9 wp-block-paragraph\" style=\"margin-top:0;margin-right:0;margin-bottom:0;margin-left:0;padding-top:0;padding-right:var(--wp--preset--spacing--40);padding-bottom:0;padding-left:var(--wp--preset--spacing--40);font-style:normal;font-weight:200\">est un programme de leadership sensoriel<br\/>qui relie tout ce que nous ressentons \u00e0 la pens\u00e9e strat\u00e9gique.<\/p>\n\n\n\n<div style=\"height:21px\" aria-hidden=\"true\" class=\"wp-block-spacer\"><\/div>\n\n\n\n<p class=\"has-text-align-center has-background-color has-text-color has-link-color has-roboto-slab-font-family has-medium-font-size wp-elements-000bbd835adf99a9069744ce274708e0 wp-block-paragraph\" style=\"margin-top:0;margin-right:0;margin-bottom:0;margin-left:0;padding-top:0;padding-right:var(--wp--preset--spacing--40);padding-bottom:0;padding-left:var(--wp--preset--spacing--40);font-style:normal;font-weight:200\">Le programme <em>Sensagy<\/em><sup>\u2122<\/sup> transforme la fa\u00e7on dont les \u00e9quipes apprennent, se connectent et fonctionnent.<br\/>Nous associons le d\u00e9veloppement des comp\u00e9tences g\u00e9n\u00e9rales<br\/>\u00e0 de puissantes m\u00e9thodes de planification et de gestion d\u2019entreprise.<\/p>\n\n\n\n<div style=\"height:21px\" aria-hidden=\"true\" class=\"wp-block-spacer\"><\/div>\n<\/div>\n\n\n\n<div class=\"wp-block-column is-vertically-aligned-center is-layout-flow wp-block-column-is-layout-flow\" style=\"flex-basis:60%\">\n\t\t<figure class=\"wp-block-jetpack-videopress jetpack-videopress-player\" style=\"\" >\n\t\t\t<div class=\"jetpack-videopress-player__wrapper\"> <iframe title=\"VideoPress Video Player\" aria-label='VideoPress Video Player' width='500' height='281' src='https:\/\/videopress.com\/embed\/4aLYRcuc?cover=1&amp;autoPlay=1&amp;controls=0&amp;loop=1&amp;muted=0&amp;persistVolume=1&amp;playsinline=0&amp;preloadContent=metadata&amp;useAverageColor=1&amp;hd=0' frameborder='0' allowfullscreen data-resize-to-parent=\"true\" allow='clipboard-write'><\/iframe><script src='https:\/\/v0.wordpress.com\/js\/next\/videopress-iframe.js?m=1770107250'><\/script><\/div>\n\t\t\t\n\t\t\t\n\t\t<\/figure>\n\t\t<\/div>\n<\/div>\n\n<div style=\"height:51px\" aria-hidden=\"true\" class=\"wp-block-spacer\"><\/div>\n\n<div class=\"wp-block-cover aligncenter has-parallax has-aspect-ratio wp-duotone-unset-1\" style=\"border-style:none;border-width:0px;border-radius:0px;margin-top:0;margin-bottom:0;padding-right:0;padding-left:0;aspect-ratio:auto;height:unset;min-height:unset;\"><div class=\"wp-block-cover__image-background wp-image-11773 size-large has-parallax\" style=\"background-position:50% 50%;background-image:url(https:\/\/elixar.it\/wp-content\/uploads\/2025\/08\/Fumes-4-1024x683.png)\"><\/div><span aria-hidden=\"true\" class=\"wp-block-cover__background has-foreground-background-color has-background-dim\"><\/span><div class=\"wp-block-cover__inner-container is-layout-flow wp-container-core-cover-is-layout-aac4cc17 wp-block-cover-is-layout-flow\">\n<div style=\"height:40px\" aria-hidden=\"true\" class=\"wp-block-spacer\"><\/div>\n\n\n\n<div class=\"wp-block-columns is-layout-flex wp-container-core-columns-is-layout-79fb870f wp-block-columns-is-layout-flex\">\n<div class=\"wp-block-column is-layout-flow wp-block-column-is-layout-flow\" style=\"padding-right:var(--wp--preset--spacing--60);padding-left:var(--wp--preset--spacing--60)\">\n<p class=\"has-text-align-left has-background-color has-text-color has-link-color has-roboto-slab-font-family has-medium-font-size wp-elements-419138a5e078ab39dc9a1e52053cff71 wp-block-paragraph\" style=\"margin-top:0;margin-right:0;margin-bottom:0;margin-left:0;padding-top:0;padding-right:var(--wp--preset--spacing--40);padding-bottom:0;padding-left:var(--wp--preset--spacing--40);font-style:normal;font-weight:300\">Une approche pratique de la coh\u00e9sion des personnes, de la planification de sc\u00e9narios,<br\/>de la formulation de strat\u00e9gies et de la discipline dans l\u2019ex\u00e9cution.<br\/><br\/>Des moments riches et de bonnes affaires,<br\/>lorsque les sens et la strat\u00e9gie convergent pour produire des r\u00e9sultats.<\/p>\n\n\n\n<div style=\"height:17px\" aria-hidden=\"true\" class=\"wp-block-spacer\"><\/div>\n\n\n\n<p class=\"has-text-align-left has-background-color has-text-color has-link-color has-roboto-slab-font-family has-custom-color-4-color has-small-font-size wp-elements-665464bcd36fc9432d1233049d52241d wp-block-paragraph\" style=\"margin-top:0;margin-right:0;margin-bottom:0;margin-left:0;padding-top:0;padding-right:var(--wp--preset--spacing--60);padding-bottom:0;padding-left:var(--wp--preset--spacing--60);font-style:normal;font-weight:100\">d\u00e9couvrez le cadre du <a href=\"https:\/\/elixar.it\/sensory-leadership\/\" data-type=\"page\" data-id=\"14363\">Sensory Leadership<\/a><\/p>\n<\/div>\n\n\n\n<div class=\"wp-block-column is-layout-flow wp-block-column-is-layout-flow\">\n<div style=\"height:40px\" aria-hidden=\"true\" class=\"wp-block-spacer\"><\/div>\n\n\n\n<p class=\"has-text-align-left has-background-color has-text-color has-link-color has-roboto-slab-font-family has-medium-font-size wp-elements-485827ba9b2e6eba9e7aaaa8b9524ef9 wp-block-paragraph\" style=\"padding-right:var(--wp--preset--spacing--60);padding-left:var(--wp--preset--spacing--60);font-style:normal;font-weight:100\"><em>Pour apporter une nouvelle \u00e9nergie \u00e0 votre \u00e9quipe et \u00e0 vos \u00e9v\u00e9nements<\/em><\/p>\n\n\n\n<div class=\"wp-block-group is-nowrap is-layout-flex wp-container-core-group-is-layout-79fb870f wp-block-group-is-layout-flex\">\n<p class=\"has-text-align-center has-background-color has-text-color has-link-color has-roboto-slab-font-family has-medium-font-size wp-elements-33bfe4c759e4643c9756b45eaa73e1e5 wp-block-paragraph\" style=\"padding-right:var(--wp--preset--spacing--60);padding-left:var(--wp--preset--spacing--60);font-style:normal;font-weight:100\"><em>contactez-nous sur <\/em><a href=\"mailto:projects@elixar.it\">projects@elixar.it<\/a><br\/><em>ou Whatsapp <\/em>+39 375 587 2203<\/p>\n\n\n\n<div class=\"wp-block-jetpack-send-a-message\">\n<div class=\"wp-block-jetpack-whatsapp-button alignleft is-color-dark has-no-text\"><a class=\"whatsapp-block__button\" href=\"https:\/\/api.whatsapp.com\/send?phone=393755872203&amp;text=Hi%2C%20I'd%20like%20to%20know%20more%20about%20the%20Elixar%20Sensagy%E2%84%A2%20concept.%0A%0ACiao%2C%20vorrei%20saperne%20di%20pi%C3%B9%20sul%20concetto%20Sensagy%E2%84%A2%20di%20Elixar.\" style=\"background-color:#465B64;color:#fff\" target=\"_blank\" rel=\"noopener noreferrer\"><\/a><\/div>\n<\/div>\n<\/div>\n\n\n\n<div style=\"height:17px\" aria-hidden=\"true\" class=\"wp-block-spacer\"><\/div>\n\n\n\n<p class=\"has-text-align-left has-background-color has-text-color has-link-color has-roboto-slab-font-family has-custom-color-4-color has-small-font-size wp-elements-e4821c40685bb0fc2abf6166a18bfd02 wp-block-paragraph\" style=\"margin-top:0;margin-right:0;margin-bottom:0;margin-left:0;padding-top:0;padding-right:var(--wp--preset--spacing--60);padding-bottom:0;padding-left:var(--wp--preset--spacing--60);font-style:normal;font-weight:100\"><a href=\"https:\/\/elixar.it\/impact\/#booking\">r\u00e9server un appel<\/a><\/p>\n<\/div>\n<\/div>\n\n\n\n<div style=\"height:45px\" aria-hidden=\"true\" class=\"wp-block-spacer\"><\/div>\n\n\n\n<div class=\"wp-block-columns is-layout-flex wp-container-core-columns-is-layout-79fb870f wp-block-columns-is-layout-flex\">\n<div class=\"wp-block-column is-layout-flow wp-block-column-is-layout-flow\"><\/div>\n\n\n\n<div class=\"wp-block-column is-layout-flow wp-block-column-is-layout-flow\"><\/div>\n\n\n\n<div class=\"wp-block-column is-layout-flow wp-block-column-is-layout-flow\"><\/div>\n<\/div>\n\n\n\n<div style=\"height:51px\" aria-hidden=\"true\" class=\"wp-block-spacer\"><\/div>\n<\/div><\/div>\n\n<p class=\"has-text-align-center has-cyan-bluish-gray-color has-text-color has-link-color has-small-font-size wp-elements-0ba343bcf89129df7b56fad98e5553d5 wp-block-paragraph\" style=\"margin-top:0;margin-right:0;margin-bottom:0;margin-left:0;padding-top:0;padding-right:var(--wp--preset--spacing--40);padding-bottom:0;padding-left:var(--wp--preset--spacing--40)\"> <em><strong>Sensagy<\/strong> est un concept et une marque d\u00e9pos\u00e9e d\u2019Elixar S.R.L. &#8211;<\/em> <strong>tous droits r\u00e9serv\u00e9s<\/strong><\/p>\n\n<div style=\"height:51px\" aria-hidden=\"true\" class=\"wp-block-spacer\"><\/div>\n\n<p class=\"has-text-align-center has-custom-color-4-color has-text-color has-link-color has-roboto-slab-font-family has-medium-font-size wp-elements-f6e77c14e25ebe6ac3ac8479f963c59e wp-block-paragraph\" style=\"margin-top:0;margin-right:0;margin-bottom:0;margin-left:0;padding-top:0;padding-right:var(--wp--preset--spacing--40);padding-bottom:0;padding-left:var(--wp--preset--spacing--40)\"><a href=\"https:\/\/elixar.it\/fr\/events\/\" target=\"_blank\" rel=\"noreferrer noopener\">d\u00e9couvre le monde d&rsquo;Elixar<\/a><\/p>\n\n<div style=\"height:38px\" aria-hidden=\"true\" class=\"wp-block-spacer\"><\/div>\n","protected":false},"excerpt":{"rendered":"<p>Sensagy\u2122 est un programme de leadership sensorielqui relie tout ce que nous ressentons \u00e0 la pens\u00e9e strat\u00e9gique. Le programme Sensagy\u2122 transforme la fa\u00e7on dont les \u00e9quipes apprennent, se connectent et fonctionnent.Nous associons le d\u00e9veloppement des comp\u00e9tences g\u00e9n\u00e9rales\u00e0 de puissantes m\u00e9thodes de planification et de gestion d\u2019entreprise. Sensagy est un concept et une marque d\u00e9pos\u00e9e d\u2019Elixar [&hellip;]<\/p>\n","protected":false},"author":144146929,"featured_media":14639,"parent":0,"menu_order":0,"comment_status":"closed","ping_status":"closed","template":"wp-custom-template-home-multilingual","meta":{"_crdt_document":"","footnotes":""},"class_list":["post-14640","page","type-page","status-publish","has-post-thumbnail","hentry"],"yoast_head":"<!-- This site is optimized with the Yoast SEO plugin v27.4 - https:\/\/yoast.com\/product\/yoast-seo-wordpress\/ -->\n<title>Sensagy - Elixar<\/title>\n<meta name=\"robots\" content=\"index, follow, max-snippet:-1, max-image-preview:large, max-video-preview:-1\" \/>\n<link rel=\"canonical\" href=\"https:\/\/elixar.it\/fr\/sensagy\/\" \/>\n<meta property=\"og:locale\" content=\"fr_FR\" \/>\n<meta property=\"og:type\" content=\"article\" \/>\n<meta property=\"og:title\" content=\"Sensagy - Elixar\" \/>\n<meta property=\"og:description\" content=\"Sensagy\u2122 est un programme de leadership sensorielqui relie tout ce que nous ressentons \u00e0 la pens\u00e9e strat\u00e9gique. Le programme Sensagy\u2122 transforme la fa\u00e7on dont les \u00e9quipes apprennent, se connectent et fonctionnent.Nous associons le d\u00e9veloppement des comp\u00e9tences g\u00e9n\u00e9rales\u00e0 de puissantes m\u00e9thodes de planification et de gestion d\u2019entreprise. Sensagy est un concept et une marque d\u00e9pos\u00e9e d\u2019Elixar [&hellip;]\" \/>\n<meta property=\"og:url\" content=\"https:\/\/elixar.it\/fr\/sensagy\/\" \/>\n<meta property=\"og:site_name\" content=\"Elixar\" \/>\n<meta property=\"article:modified_time\" content=\"2026-02-11T09:04:05+00:00\" \/>\n<meta property=\"og:image\" content=\"https:\/\/i0.wp.com\/elixar.it\/wp-content\/uploads\/2025\/10\/Sensagy-e.png?fit=300%2C300&ssl=1\" \/>\n\t<meta property=\"og:image:width\" content=\"300\" \/>\n\t<meta property=\"og:image:height\" content=\"300\" \/>\n\t<meta property=\"og:image:type\" content=\"image\/png\" \/>\n<meta name=\"twitter:card\" content=\"summary_large_image\" \/>\n<meta name=\"twitter:label1\" content=\"Dur\u00e9e de lecture estim\u00e9e\" \/>\n\t<meta name=\"twitter:data1\" content=\"1 minute\" \/>\n<script type=\"application\/ld+json\" class=\"yoast-schema-graph\">{\"@context\":\"https:\\\/\\\/schema.org\",\"@graph\":[{\"@type\":\"WebPage\",\"@id\":\"https:\\\/\\\/elixar.it\\\/fr\\\/sensagy\\\/\",\"url\":\"https:\\\/\\\/elixar.it\\\/fr\\\/sensagy\\\/\",\"name\":\"Sensagy - Elixar\",\"isPartOf\":{\"@id\":\"https:\\\/\\\/elixar.it\\\/fr\\\/#website\"},\"primaryImageOfPage\":{\"@id\":\"https:\\\/\\\/elixar.it\\\/fr\\\/sensagy\\\/#primaryimage\"},\"image\":{\"@id\":\"https:\\\/\\\/elixar.it\\\/fr\\\/sensagy\\\/#primaryimage\"},\"thumbnailUrl\":\"https:\\\/\\\/i0.wp.com\\\/elixar.it\\\/wp-content\\\/uploads\\\/2025\\\/10\\\/Sensagy-e.png?fit=300%2C300&ssl=1\",\"datePublished\":\"2025-10-05T16:06:10+00:00\",\"dateModified\":\"2026-02-11T09:04:05+00:00\",\"breadcrumb\":{\"@id\":\"https:\\\/\\\/elixar.it\\\/fr\\\/sensagy\\\/#breadcrumb\"},\"inLanguage\":\"fr-FR\",\"potentialAction\":[{\"@type\":\"ReadAction\",\"target\":[\"https:\\\/\\\/elixar.it\\\/fr\\\/sensagy\\\/\"]}]},{\"@type\":\"ImageObject\",\"inLanguage\":\"fr-FR\",\"@id\":\"https:\\\/\\\/elixar.it\\\/fr\\\/sensagy\\\/#primaryimage\",\"url\":\"https:\\\/\\\/i0.wp.com\\\/elixar.it\\\/wp-content\\\/uploads\\\/2025\\\/10\\\/Sensagy-e.png?fit=300%2C300&ssl=1\",\"contentUrl\":\"https:\\\/\\\/i0.wp.com\\\/elixar.it\\\/wp-content\\\/uploads\\\/2025\\\/10\\\/Sensagy-e.png?fit=300%2C300&ssl=1\",\"width\":300,\"height\":300},{\"@type\":\"BreadcrumbList\",\"@id\":\"https:\\\/\\\/elixar.it\\\/fr\\\/sensagy\\\/#breadcrumb\",\"itemListElement\":[{\"@type\":\"ListItem\",\"position\":1,\"name\":\"Home\",\"item\":\"https:\\\/\\\/elixar.it\\\/fr\\\/\"},{\"@type\":\"ListItem\",\"position\":2,\"name\":\"Sensagy\"}]},{\"@type\":\"WebSite\",\"@id\":\"https:\\\/\\\/elixar.it\\\/fr\\\/#website\",\"url\":\"https:\\\/\\\/elixar.it\\\/fr\\\/\",\"name\":\"Elixar\",\"description\":\"activate your senses and shine\",\"publisher\":{\"@id\":\"https:\\\/\\\/elixar.it\\\/fr\\\/#organization\"},\"potentialAction\":[{\"@type\":\"SearchAction\",\"target\":{\"@type\":\"EntryPoint\",\"urlTemplate\":\"https:\\\/\\\/elixar.it\\\/fr\\\/?s={search_term_string}\"},\"query-input\":{\"@type\":\"PropertyValueSpecification\",\"valueRequired\":true,\"valueName\":\"search_term_string\"}}],\"inLanguage\":\"fr-FR\"},{\"@type\":\"Organization\",\"@id\":\"https:\\\/\\\/elixar.it\\\/fr\\\/#organization\",\"name\":\"Elixar\",\"url\":\"https:\\\/\\\/elixar.it\\\/fr\\\/\",\"logo\":{\"@type\":\"ImageObject\",\"inLanguage\":\"fr-FR\",\"@id\":\"https:\\\/\\\/elixar.it\\\/fr\\\/#\\\/schema\\\/logo\\\/image\\\/\",\"url\":\"https:\\\/\\\/i0.wp.com\\\/elixar.it\\\/wp-content\\\/uploads\\\/2025\\\/10\\\/Color-logo-no-flame-no-background-L-Copy.png?fit=2592%2C1267&ssl=1\",\"contentUrl\":\"https:\\\/\\\/i0.wp.com\\\/elixar.it\\\/wp-content\\\/uploads\\\/2025\\\/10\\\/Color-logo-no-flame-no-background-L-Copy.png?fit=2592%2C1267&ssl=1\",\"width\":2592,\"height\":1267,\"caption\":\"Elixar\"},\"image\":{\"@id\":\"https:\\\/\\\/elixar.it\\\/fr\\\/#\\\/schema\\\/logo\\\/image\\\/\"}}]}<\/script>\n<!-- \/ Yoast SEO plugin. -->","yoast_head_json":{"title":"Sensagy - Elixar","robots":{"index":"index","follow":"follow","max-snippet":"max-snippet:-1","max-image-preview":"max-image-preview:large","max-video-preview":"max-video-preview:-1"},"canonical":"https:\/\/elixar.it\/fr\/sensagy\/","og_locale":"fr_FR","og_type":"article","og_title":"Sensagy - Elixar","og_description":"Sensagy\u2122 est un programme de leadership sensorielqui relie tout ce que nous ressentons \u00e0 la pens\u00e9e strat\u00e9gique. Le programme Sensagy\u2122 transforme la fa\u00e7on dont les \u00e9quipes apprennent, se connectent et fonctionnent.Nous associons le d\u00e9veloppement des comp\u00e9tences g\u00e9n\u00e9rales\u00e0 de puissantes m\u00e9thodes de planification et de gestion d\u2019entreprise. Sensagy est un concept et une marque d\u00e9pos\u00e9e d\u2019Elixar [&hellip;]","og_url":"https:\/\/elixar.it\/fr\/sensagy\/","og_site_name":"Elixar","article_modified_time":"2026-02-11T09:04:05+00:00","og_image":[{"width":300,"height":300,"url":"https:\/\/i0.wp.com\/elixar.it\/wp-content\/uploads\/2025\/10\/Sensagy-e.png?fit=300%2C300&ssl=1","type":"image\/png"}],"twitter_card":"summary_large_image","twitter_misc":{"Dur\u00e9e de lecture estim\u00e9e":"1 minute"},"schema":{"@context":"https:\/\/schema.org","@graph":[{"@type":"WebPage","@id":"https:\/\/elixar.it\/fr\/sensagy\/","url":"https:\/\/elixar.it\/fr\/sensagy\/","name":"Sensagy - Elixar","isPartOf":{"@id":"https:\/\/elixar.it\/fr\/#website"},"primaryImageOfPage":{"@id":"https:\/\/elixar.it\/fr\/sensagy\/#primaryimage"},"image":{"@id":"https:\/\/elixar.it\/fr\/sensagy\/#primaryimage"},"thumbnailUrl":"https:\/\/i0.wp.com\/elixar.it\/wp-content\/uploads\/2025\/10\/Sensagy-e.png?fit=300%2C300&ssl=1","datePublished":"2025-10-05T16:06:10+00:00","dateModified":"2026-02-11T09:04:05+00:00","breadcrumb":{"@id":"https:\/\/elixar.it\/fr\/sensagy\/#breadcrumb"},"inLanguage":"fr-FR","potentialAction":[{"@type":"ReadAction","target":["https:\/\/elixar.it\/fr\/sensagy\/"]}]},{"@type":"ImageObject","inLanguage":"fr-FR","@id":"https:\/\/elixar.it\/fr\/sensagy\/#primaryimage","url":"https:\/\/i0.wp.com\/elixar.it\/wp-content\/uploads\/2025\/10\/Sensagy-e.png?fit=300%2C300&ssl=1","contentUrl":"https:\/\/i0.wp.com\/elixar.it\/wp-content\/uploads\/2025\/10\/Sensagy-e.png?fit=300%2C300&ssl=1","width":300,"height":300},{"@type":"BreadcrumbList","@id":"https:\/\/elixar.it\/fr\/sensagy\/#breadcrumb","itemListElement":[{"@type":"ListItem","position":1,"name":"Home","item":"https:\/\/elixar.it\/fr\/"},{"@type":"ListItem","position":2,"name":"Sensagy"}]},{"@type":"WebSite","@id":"https:\/\/elixar.it\/fr\/#website","url":"https:\/\/elixar.it\/fr\/","name":"Elixar","description":"activate your senses and shine","publisher":{"@id":"https:\/\/elixar.it\/fr\/#organization"},"potentialAction":[{"@type":"SearchAction","target":{"@type":"EntryPoint","urlTemplate":"https:\/\/elixar.it\/fr\/?s={search_term_string}"},"query-input":{"@type":"PropertyValueSpecification","valueRequired":true,"valueName":"search_term_string"}}],"inLanguage":"fr-FR"},{"@type":"Organization","@id":"https:\/\/elixar.it\/fr\/#organization","name":"Elixar","url":"https:\/\/elixar.it\/fr\/","logo":{"@type":"ImageObject","inLanguage":"fr-FR","@id":"https:\/\/elixar.it\/fr\/#\/schema\/logo\/image\/","url":"https:\/\/i0.wp.com\/elixar.it\/wp-content\/uploads\/2025\/10\/Color-logo-no-flame-no-background-L-Copy.png?fit=2592%2C1267&ssl=1","contentUrl":"https:\/\/i0.wp.com\/elixar.it\/wp-content\/uploads\/2025\/10\/Color-logo-no-flame-no-background-L-Copy.png?fit=2592%2C1267&ssl=1","width":2592,"height":1267,"caption":"Elixar"},"image":{"@id":"https:\/\/elixar.it\/fr\/#\/schema\/logo\/image\/"}}]}},"jetpack_sharing_enabled":true,"jetpack_likes_enabled":true,"jetpack_shortlink":"https:\/\/wp.me\/PeVjk8-3O8","jetpack-related-posts":[],"_links":{"self":[{"href":"https:\/\/elixar.it\/fr\/wp-json\/wp\/v2\/pages\/14640","targetHints":{"allow":["GET"]}}],"collection":[{"href":"https:\/\/elixar.it\/fr\/wp-json\/wp\/v2\/pages"}],"about":[{"href":"https:\/\/elixar.it\/fr\/wp-json\/wp\/v2\/types\/page"}],"author":[{"embeddable":true,"href":"https:\/\/elixar.it\/fr\/wp-json\/wp\/v2\/users\/144146929"}],"replies":[{"embeddable":true,"href":"https:\/\/elixar.it\/fr\/wp-json\/wp\/v2\/comments?post=14640"}],"version-history":[{"count":1,"href":"https:\/\/elixar.it\/fr\/wp-json\/wp\/v2\/pages\/14640\/revisions"}],"predecessor-version":[{"id":14642,"href":"https:\/\/elixar.it\/fr\/wp-json\/wp\/v2\/pages\/14640\/revisions\/14642"}],"wp:featuredmedia":[{"embeddable":true,"href":"https:\/\/elixar.it\/fr\/wp-json\/wp\/v2\/media\/14639"}],"wp:attachment":[{"href":"https:\/\/elixar.it\/fr\/wp-json\/wp\/v2\/media?parent=14640"}],"curies":[{"name":"wp","href":"https:\/\/api.w.org\/{rel}","templated":true}]}}