{"id":7781,"date":"2023-07-02T15:48:38","date_gmt":"2023-07-02T13:48:38","guid":{"rendered":"https:\/\/elixar.it\/about-us\/"},"modified":"2026-02-09T17:27:04","modified_gmt":"2026-02-09T16:27:04","slug":"about-us","status":"publish","type":"page","link":"https:\/\/elixar.it\/fr\/about-us\/","title":{"rendered":"\u00c0 propos de nous"},"content":{"rendered":"<p><script type=\"application\/ld+json\">{\n  \"@context\": \"https:\/\/schema.org\",\n  \"@type\": \"Person\",\n  \"@id\": \"https:\/\/elixar.it\/#jeremy-leroux\",\n  \"name\": \"Jeremy Leroux\",\n  \"jobTitle\": \"Founder of Elixar\",\n  \"description\": \"Jeremy Leroux is the founder of Elixar and the creator of Sensory Leadership programs applied to business teams. He is a former Managing Director in B2B manufacturing with more than 20 years of international executive experience.\",\n  \"affiliation\": {\n    \"@type\": \"Organization\",\n    \"name\": \"Elixar\",\n    \"url\": \"https:\/\/elixar.it\"\n  },\n  \"knowsAbout\": [\n    \"Sensory Leadership\",\n    \"Leadership development\",\n    \"Strategic decision-making\",\n    \"Neuroscience and learning\",\n    \"Team alignment\",\n    \"Olfaction and perception\"\n  ],\n  \"sameAs\": [\n    \"https:\/\/www.linkedin.com\/in\/lerouxjeremy\/\"\n  ]\n}\n<\/script><\/p>\n\n<div class=\"wp-block-cover has-parallax\"><div class=\"wp-block-cover__image-background wp-image-11773 size-large has-parallax\" style=\"background-position:50% 50%;background-image:url(https:\/\/elixar.it\/wp-content\/uploads\/2025\/08\/Fumes-4-1024x683.png)\"><\/div><span aria-hidden=\"true\" class=\"wp-block-cover__background has-foreground-background-color has-background-dim\"><\/span><div class=\"wp-block-cover__inner-container has-global-padding is-layout-constrained wp-block-cover-is-layout-constrained\">\n<div style=\"height:31px\" aria-hidden=\"true\" class=\"wp-block-spacer\"><\/div>\n\n\n\n<div class=\"wp-block-group .add-remove-bottom-space is-layout-flow wp-container-core-group-is-layout-fa7c4fb7 wp-block-group-is-layout-flow\" style=\"margin-top:0;margin-bottom:0;padding-top:0;padding-right:0;padding-bottom:0;padding-left:0\">\n<p class=\"has-text-align-center has-custom-color-4-color has-text-color has-roboto-slab-font-family has-x-large-font-size wp-block-paragraph\" id=\"approach\" style=\"font-style:normal;font-weight:400;letter-spacing:2px;line-height:1.5\"><strong>Notre approche<\/strong><\/p>\n\n\n\n<div style=\"height:40px\" aria-hidden=\"true\" class=\"wp-block-spacer\"><\/div>\n\n\n\n<p class=\"has-text-align-center has-background-color has-text-color has-link-color has-roboto-slab-font-family wp-elements-dfede9aa59692a8b856bfd41fe19b6fc wp-block-paragraph\" style=\"font-style:normal;font-weight:300\">Elixar cultive des exp\u00e9riences m\u00e9morables qui touchent les gens, stimulent l\u2019action et produisent des r\u00e9sultats.<\/p>\n\n\n\n<div style=\"height:47px\" aria-hidden=\"true\" class=\"wp-block-spacer\"><\/div>\n\n\n\n<p class=\"has-text-align-center has-background-color has-text-color has-link-color has-roboto-slab-font-family wp-elements-d710f9fd4e038d4389923e13ad065d01 wp-block-paragraph\" style=\"font-style:normal;font-weight:300\">Nous aidons les \u00e9quipes et les talents \u00e0 allier les sens et la strat\u00e9gie.<br\/>Parce que nous sommes convaincus qu&rsquo;\u00e0 l&rsquo;\u00e8re de la connectivit\u00e9 et de la rapidit\u00e9,<\/p>\n\n\n\n<div style=\"height:14px\" aria-hidden=\"true\" class=\"wp-block-spacer\"><\/div>\n\n\n\n<p class=\"has-text-align-center has-background-color has-text-color has-link-color has-roboto-slab-font-family has-large-font-size wp-elements-6e47abfd1a8d2bb23749fb8e2cc51141 wp-block-paragraph\" style=\"font-style:normal;font-weight:300\"><strong><em>le vrai leadership est dans la discipline de rester humain.<\/em><\/strong><\/p>\n\n\n\n<p class=\"has-text-align-center has-custom-color-4-color has-text-color has-link-color has-roboto-slab-font-family has-small-font-size wp-elements-d5d83be9a5bf0f2add02dab107f83751 wp-block-paragraph\" style=\"font-style:normal;font-weight:100\">(pour le cadre complet, visitez <a href=\"https:\/\/elixar.it\/sensory-leadership\/\" data-type=\"page\" data-id=\"6161\" target=\"_blank\" rel=\"noreferrer noopener\">sensoryleadership.org<\/a>)<\/p>\n\n\n\n<div style=\"height:65px\" aria-hidden=\"true\" class=\"wp-block-spacer\"><\/div>\n\n\n\n<div class=\"wp-block-jetpack-slideshow aligncenter\" data-autoplay=\"true\" data-delay=\"3\" data-effect=\"fade\"><div class=\"wp-block-jetpack-slideshow_container swiper\"><ul class=\"wp-block-jetpack-slideshow_swiper-wrapper swiper-wrapper\"><li class=\"wp-block-jetpack-slideshow_slide swiper-slide\"><figure><img data-recalc-dims=\"1\" loading=\"lazy\" decoding=\"async\" width=\"1200\" height=\"600\" alt=\"\" class=\"wp-block-jetpack-slideshow_image wp-image-6021\" data-id=\"6021\" src=\"https:\/\/i0.wp.com\/elixar.it\/wp-content\/uploads\/2024\/02\/Fragrance-Pleasure-full.png?resize=1200%2C600&#038;ssl=1\" srcset=\"https:\/\/i0.wp.com\/elixar.it\/wp-content\/uploads\/2024\/02\/Fragrance-Pleasure-full.png?w=1200&amp;ssl=1 1200w, https:\/\/i0.wp.com\/elixar.it\/wp-content\/uploads\/2024\/02\/Fragrance-Pleasure-full.png?resize=300%2C150&amp;ssl=1 300w, https:\/\/i0.wp.com\/elixar.it\/wp-content\/uploads\/2024\/02\/Fragrance-Pleasure-full.png?resize=1024%2C512&amp;ssl=1 1024w, https:\/\/i0.wp.com\/elixar.it\/wp-content\/uploads\/2024\/02\/Fragrance-Pleasure-full.png?resize=768%2C384&amp;ssl=1 768w, https:\/\/i0.wp.com\/elixar.it\/wp-content\/uploads\/2024\/02\/Fragrance-Pleasure-full.png?resize=600%2C300&amp;ssl=1 600w\" sizes=\"(max-width: 1000px) 100vw, 1000px\" \/><figcaption class=\"wp-block-jetpack-slideshow_caption gallery-caption\">PERCEVOIR \u2013 Parfums &amp; Beaut\u00e9<\/figcaption><\/figure><\/li><li class=\"wp-block-jetpack-slideshow_slide swiper-slide\"><figure><img data-recalc-dims=\"1\" loading=\"lazy\" decoding=\"async\" width=\"1200\" height=\"600\" alt=\"\" class=\"wp-block-jetpack-slideshow_image wp-image-5481\" data-id=\"5481\" src=\"https:\/\/i0.wp.com\/elixar.it\/wp-content\/uploads\/2023\/12\/Care-and-Gift-1d.png?resize=1200%2C600&#038;ssl=1\" srcset=\"https:\/\/i0.wp.com\/elixar.it\/wp-content\/uploads\/2023\/12\/Care-and-Gift-1d.png?w=1200&amp;ssl=1 1200w, https:\/\/i0.wp.com\/elixar.it\/wp-content\/uploads\/2023\/12\/Care-and-Gift-1d.png?resize=300%2C150&amp;ssl=1 300w, https:\/\/i0.wp.com\/elixar.it\/wp-content\/uploads\/2023\/12\/Care-and-Gift-1d.png?resize=1024%2C512&amp;ssl=1 1024w, https:\/\/i0.wp.com\/elixar.it\/wp-content\/uploads\/2023\/12\/Care-and-Gift-1d.png?resize=768%2C384&amp;ssl=1 768w, https:\/\/i0.wp.com\/elixar.it\/wp-content\/uploads\/2023\/12\/Care-and-Gift-1d.png?resize=600%2C300&amp;ssl=1 600w\" sizes=\"(max-width: 1000px) 100vw, 1000px\" \/><figcaption class=\"wp-block-jetpack-slideshow_caption gallery-caption\">DONNER \u2013 Cadeaux &amp; Inspiration<\/figcaption><\/figure><\/li><li class=\"wp-block-jetpack-slideshow_slide swiper-slide\"><figure><img data-recalc-dims=\"1\" loading=\"lazy\" decoding=\"async\" width=\"1200\" height=\"600\" alt=\"\" class=\"wp-block-jetpack-slideshow_image wp-image-6015\" data-id=\"6015\" src=\"https:\/\/i0.wp.com\/elixar.it\/wp-content\/uploads\/2024\/02\/Connect.png?resize=1200%2C600&#038;ssl=1\" srcset=\"https:\/\/i0.wp.com\/elixar.it\/wp-content\/uploads\/2024\/02\/Connect.png?w=1200&amp;ssl=1 1200w, https:\/\/i0.wp.com\/elixar.it\/wp-content\/uploads\/2024\/02\/Connect.png?resize=300%2C150&amp;ssl=1 300w, https:\/\/i0.wp.com\/elixar.it\/wp-content\/uploads\/2024\/02\/Connect.png?resize=1024%2C512&amp;ssl=1 1024w, https:\/\/i0.wp.com\/elixar.it\/wp-content\/uploads\/2024\/02\/Connect.png?resize=768%2C384&amp;ssl=1 768w, https:\/\/i0.wp.com\/elixar.it\/wp-content\/uploads\/2024\/02\/Connect.png?resize=600%2C300&amp;ssl=1 600w\" sizes=\"(max-width: 1000px) 100vw, 1000px\" \/><figcaption class=\"wp-block-jetpack-slideshow_caption gallery-caption\">CONNECTER \u2013 Traditions &amp; Evolutions<\/figcaption><\/figure><\/li><\/ul><a class=\"wp-block-jetpack-slideshow_button-prev swiper-button-prev swiper-button-white\" role=\"button\"><\/a><a class=\"wp-block-jetpack-slideshow_button-next swiper-button-next swiper-button-white\" role=\"button\"><\/a><a aria-label=\"Pause Slideshow\" class=\"wp-block-jetpack-slideshow_button-pause\" role=\"button\"><\/a><div class=\"wp-block-jetpack-slideshow_pagination swiper-pagination swiper-pagination-white\"><\/div><\/div><\/div>\n\n\n\n<div style=\"height:64px\" aria-hidden=\"true\" class=\"wp-block-spacer\"><\/div>\n\n\n\n<div class=\"wp-block-columns is-layout-flex wp-container-core-columns-is-layout-d22036bf wp-block-columns-is-layout-flex\" style=\"padding-right:var(--wp--preset--spacing--40);padding-left:var(--wp--preset--spacing--40)\">\n<div class=\"wp-block-column is-layout-flow wp-block-column-is-layout-flow\">\n<h2 class=\"wp-block-heading has-text-align-center has-background-color has-text-color has-roboto-slab-font-family\" id=\"sense\" style=\"font-size:32px\">Sentir<\/h2>\n\n\n\n<p class=\"has-roboto-slab-font-family wp-block-paragraph\" style=\"font-style:normal;font-weight:300\">Nous invitons les gens \u00e0 utiliser leurs sens et leur intuition ainsi qu\u2019une cognition cibl\u00e9e.<\/p>\n\n\n\n<div style=\"height:25px\" aria-hidden=\"true\" class=\"wp-block-spacer\"><\/div>\n<\/div>\n\n\n\n<div class=\"wp-block-column is-layout-flow wp-block-column-is-layout-flow\">\n<h2 class=\"wp-block-heading has-text-align-center has-background-color has-text-color has-roboto-slab-font-family\" id=\"give\" style=\"font-size:32px\">Donner<\/h2>\n\n\n\n<p class=\"has-roboto-slab-font-family wp-block-paragraph\" style=\"font-style:normal;font-weight:300\">Nous perp\u00e9tuons la tradition de c\u00e9l\u00e9brer et d\u2019offrir avec un d\u00e9vouement altruiste.<\/p>\n\n\n\n<div style=\"height:25px\" aria-hidden=\"true\" class=\"wp-block-spacer\"><\/div>\n<\/div>\n\n\n\n<div class=\"wp-block-column is-layout-flow wp-block-column-is-layout-flow\">\n<h2 class=\"wp-block-heading has-text-align-center has-background-color has-text-color has-roboto-slab-font-family\" id=\"connect\" style=\"font-size:32px\">Connecter<\/h2>\n\n\n\n<p class=\"has-roboto-slab-font-family wp-block-paragraph\" style=\"font-style:normal;font-weight:300\">Nous d\u00e9clenchons des moments privil\u00e9gi\u00e9s qui nous rassemblent et qui scellent des liens durables.<\/p>\n\n\n\n<div style=\"height:79px\" aria-hidden=\"true\" class=\"wp-block-spacer\"><\/div>\n<\/div>\n<\/div>\n\n\n\n<p class=\"has-text-align-center has-background-color has-text-color has-roboto-slab-font-family wp-block-paragraph\" id=\"mission\" style=\"font-size:20px;font-style:normal;font-weight:300\">notre mission c&rsquo;est<\/p>\n\n\n\n<div style=\"height:18px\" aria-hidden=\"true\" class=\"wp-block-spacer\"><\/div>\n\n\n\n<p class=\"has-text-align-center has-background-color has-text-color has-roboto-slab-font-family wp-block-paragraph\" style=\"font-size:25px;font-style:normal;font-weight:400\">TE FAIRE RAYONNER<\/p>\n\n\n\n<p class=\"has-text-align-center has-background-color has-text-color has-roboto-slab-font-family wp-block-paragraph\" style=\"font-size:25px;font-style:normal;font-weight:100\">en r\u00e9v\u00e9lant ta nature et ton \u00e9tincelle<\/p>\n\n\n\n<div style=\"height:98px\" aria-hidden=\"true\" class=\"wp-block-spacer\"><\/div>\n\n\n\n<p class=\"has-text-align-center has-custom-color-4-color has-text-color has-link-color has-roboto-slab-font-family has-medium-font-size wp-elements-f3ae7822ddb8853ba6a2d34f19e2b853 wp-block-paragraph\"><a href=\"https:\/\/elixar.it\/fr\/events\/\" data-type=\"link\" data-id=\"https:\/\/elixar.it\/events\/\">d\u00e9couvre le monde d&rsquo;Elixar<\/a><\/p>\n<\/div>\n\n\n\n<div style=\"height:54px\" aria-hidden=\"true\" class=\"wp-block-spacer\"><\/div>\n\n\n\n<div class=\"wp-block-columns are-vertically-aligned-center is-layout-flex wp-container-core-columns-is-layout-79fb870f wp-block-columns-is-layout-flex\">\n<div class=\"wp-block-column is-vertically-aligned-center is-layout-flow wp-block-column-is-layout-flow\" style=\"flex-basis:34%\">\n\t\t<figure class=\"wp-block-jetpack-videopress jetpack-videopress-player aligncenter wp-block-jetpack-videopress--has-max-width\" style=\"max-width: 202px;\" >\n\t\t\t<div class=\"jetpack-videopress-player__wrapper\"> <iframe title=\"VideoPress Video Player\" aria-label='VideoPress Video Player' width='421' height='750' src='https:\/\/videopress.com\/embed\/1AqTyGLW?cover=1&amp;autoPlay=1&amp;controls=1&amp;loop=1&amp;muted=0&amp;persistVolume=1&amp;playsinline=0&amp;preloadContent=metadata&amp;useAverageColor=1&amp;hd=0' frameborder='0' allowfullscreen data-resize-to-parent=\"true\" allow='clipboard-write'><\/iframe><script src='https:\/\/v0.wordpress.com\/js\/next\/videopress-iframe.js?m=1739540970'><\/script><\/div>\n\t\t\t\n\t\t\t\n\t\t<\/figure>\n\t\t<\/div>\n\n\n\n<div class=\"wp-block-column is-vertically-aligned-center is-layout-flow wp-block-column-is-layout-flow\" style=\"flex-basis:66%\">\n<div style=\"height:45px\" aria-hidden=\"true\" class=\"wp-block-spacer\"><\/div>\n\n\n\n<div class=\"wp-block-group has-global-padding is-layout-constrained wp-block-group-is-layout-constrained\">\n<h2 class=\"wp-block-heading has-text-align-center has-custom-color-4-color has-text-color has-roboto-slab-font-family has-x-large-font-size\" id=\"why-elixar\" style=\"font-style:normal;font-weight:400;letter-spacing:2px\"><strong>Pourquoi Elixar?<\/strong><\/h2>\n\n\n\n<div style=\"height:42px\" aria-hidden=\"true\" class=\"wp-block-spacer\"><\/div>\n\n\n\n<blockquote class=\"wp-block-quote is-layout-flow wp-block-quote-is-layout-flow\" style=\"margin-right:var(--wp--preset--spacing--60);margin-left:var(--wp--preset--spacing--60);padding-right:5.7rem;padding-left:5.7rem\">\n<p class=\"has-custom-color-5-color has-text-color has-link-color wp-elements-81ab4d9b4892c2765231db9b5281cd56 wp-block-paragraph\"><em>\u00ab\u00a0<em>At Elixar, we start with what we humanly have in common: our senses.<\/em><\/em><br\/><br\/><em>Quelles que soient les cultures et les g\u00e9n\u00e9rations, nos sens nous inspirent. C&rsquo;est une \u00e9tape pour percevoir la beaut\u00e9 dans la diversit\u00e9 et transmettre des \u00e9motions motivantes. <\/em><br\/><em>Elixar, c&rsquo;est aussi penser et faire avec m\u00e9thode et coh\u00e9rence pour que l&rsquo;\u00e9tincelle d&rsquo;inspiration puisse vous faire briller \u00e0 travers vos r\u00e9alisations.\u00a0\u00bb<\/em><\/p>\n<cite>Jeremy Leroux, <em>Fondateur d&rsquo;Elixar<\/em><\/cite><\/blockquote>\n\n\n\n<div style=\"height:80px\" aria-hidden=\"true\" class=\"wp-block-spacer\"><\/div>\n<\/div>\n\n\n\n<p class=\"has-text-align-center has-custom-color-4-color has-text-color has-link-color has-roboto-slab-font-family has-small-font-size wp-elements-375faf68d617a423af08440082a448bd wp-block-paragraph\" style=\"font-style:normal;font-weight:100\"><a href=\"https:\/\/elixar.it\/impact\/#booking\">r\u00e9server un appel<\/a><\/p>\n<\/div>\n<\/div>\n\n\n\n<div style=\"height:34px\" aria-hidden=\"true\" class=\"wp-block-spacer\"><\/div>\n<\/div><\/div>\n","protected":false},"excerpt":{"rendered":"","protected":false},"author":144146929,"featured_media":7500,"parent":0,"menu_order":0,"comment_status":"closed","ping_status":"closed","template":"wp-custom-template-home-multilingual","meta":{"_crdt_document":"","jetpack_post_was_ever_published":false,"footnotes":""},"class_list":["post-7781","page","type-page","status-publish","has-post-thumbnail","hentry"],"yoast_head":"<!-- This site is optimized with the Yoast SEO plugin v27.1.1 - https:\/\/yoast.com\/product\/yoast-seo-wordpress\/ -->\n<title>\u00c0 propos de nous - Elixar<\/title>\n<meta name=\"robots\" content=\"index, follow, max-snippet:-1, max-image-preview:large, max-video-preview:-1\" \/>\n<link rel=\"canonical\" href=\"https:\/\/elixar.it\/fr\/about-us\/\" \/>\n<meta property=\"og:locale\" content=\"fr_FR\" \/>\n<meta property=\"og:type\" content=\"article\" \/>\n<meta property=\"og:title\" content=\"\u00c0 propos de nous - Elixar\" \/>\n<meta property=\"og:url\" content=\"https:\/\/elixar.it\/fr\/about-us\/\" \/>\n<meta property=\"og:site_name\" content=\"Elixar\" \/>\n<meta property=\"article:modified_time\" content=\"2026-02-09T16:27:04+00:00\" \/>\n<meta property=\"og:image\" content=\"https:\/\/i0.wp.com\/elixar.it\/wp-content\/uploads\/2024\/04\/Roots.png?fit=300%2C300&ssl=1\" \/>\n\t<meta property=\"og:image:width\" content=\"300\" \/>\n\t<meta property=\"og:image:height\" content=\"300\" \/>\n\t<meta property=\"og:image:type\" content=\"image\/png\" \/>\n<meta name=\"twitter:card\" content=\"summary_large_image\" \/>\n<meta name=\"twitter:label1\" content=\"Dur\u00e9e de lecture estim\u00e9e\" \/>\n\t<meta name=\"twitter:data1\" content=\"1 minute\" \/>\n<script type=\"application\/ld+json\" class=\"yoast-schema-graph\">{\"@context\":\"https:\/\/schema.org\",\"@graph\":[{\"@type\":\"WebPage\",\"@id\":\"https:\/\/elixar.it\/fr\/about-us\/\",\"url\":\"https:\/\/elixar.it\/fr\/about-us\/\",\"name\":\"\u00c0 propos de nous - Elixar\",\"isPartOf\":{\"@id\":\"https:\/\/elixar.it\/fr\/#website\"},\"primaryImageOfPage\":{\"@id\":\"https:\/\/elixar.it\/fr\/about-us\/#primaryimage\"},\"image\":{\"@id\":\"https:\/\/elixar.it\/fr\/about-us\/#primaryimage\"},\"thumbnailUrl\":\"https:\/\/i0.wp.com\/elixar.it\/wp-content\/uploads\/2024\/04\/Roots.png?fit=300%2C300&ssl=1\",\"datePublished\":\"2023-07-02T13:48:38+00:00\",\"dateModified\":\"2026-02-09T16:27:04+00:00\",\"breadcrumb\":{\"@id\":\"https:\/\/elixar.it\/fr\/about-us\/#breadcrumb\"},\"inLanguage\":\"fr-FR\",\"potentialAction\":[{\"@type\":\"ReadAction\",\"target\":[\"https:\/\/elixar.it\/fr\/about-us\/\"]}]},{\"@type\":\"ImageObject\",\"inLanguage\":\"fr-FR\",\"@id\":\"https:\/\/elixar.it\/fr\/about-us\/#primaryimage\",\"url\":\"https:\/\/i0.wp.com\/elixar.it\/wp-content\/uploads\/2024\/04\/Roots.png?fit=300%2C300&ssl=1\",\"contentUrl\":\"https:\/\/i0.wp.com\/elixar.it\/wp-content\/uploads\/2024\/04\/Roots.png?fit=300%2C300&ssl=1\",\"width\":300,\"height\":300},{\"@type\":\"BreadcrumbList\",\"@id\":\"https:\/\/elixar.it\/fr\/about-us\/#breadcrumb\",\"itemListElement\":[{\"@type\":\"ListItem\",\"position\":1,\"name\":\"Home\",\"item\":\"https:\/\/elixar.it\/fr\/\"},{\"@type\":\"ListItem\",\"position\":2,\"name\":\"\u00c0 propos de nous\"}]},{\"@type\":\"WebSite\",\"@id\":\"https:\/\/elixar.it\/fr\/#website\",\"url\":\"https:\/\/elixar.it\/fr\/\",\"name\":\"Elixar\",\"description\":\"activate your senses and shine\",\"publisher\":{\"@id\":\"https:\/\/elixar.it\/fr\/#organization\"},\"potentialAction\":[{\"@type\":\"SearchAction\",\"target\":{\"@type\":\"EntryPoint\",\"urlTemplate\":\"https:\/\/elixar.it\/fr\/?s={search_term_string}\"},\"query-input\":{\"@type\":\"PropertyValueSpecification\",\"valueRequired\":true,\"valueName\":\"search_term_string\"}}],\"inLanguage\":\"fr-FR\"},{\"@type\":\"Organization\",\"@id\":\"https:\/\/elixar.it\/fr\/#organization\",\"name\":\"Elixar\",\"url\":\"https:\/\/elixar.it\/fr\/\",\"logo\":{\"@type\":\"ImageObject\",\"inLanguage\":\"fr-FR\",\"@id\":\"https:\/\/elixar.it\/fr\/#\/schema\/logo\/image\/\",\"url\":\"https:\/\/i0.wp.com\/elixar.it\/wp-content\/uploads\/2025\/10\/Color-logo-no-flame-no-background-L-Copy.png?fit=2592%2C1267&ssl=1\",\"contentUrl\":\"https:\/\/i0.wp.com\/elixar.it\/wp-content\/uploads\/2025\/10\/Color-logo-no-flame-no-background-L-Copy.png?fit=2592%2C1267&ssl=1\",\"width\":2592,\"height\":1267,\"caption\":\"Elixar\"},\"image\":{\"@id\":\"https:\/\/elixar.it\/fr\/#\/schema\/logo\/image\/\"}}]}<\/script>\n<!-- \/ Yoast SEO plugin. -->","yoast_head_json":{"title":"\u00c0 propos de nous - Elixar","robots":{"index":"index","follow":"follow","max-snippet":"max-snippet:-1","max-image-preview":"max-image-preview:large","max-video-preview":"max-video-preview:-1"},"canonical":"https:\/\/elixar.it\/fr\/about-us\/","og_locale":"fr_FR","og_type":"article","og_title":"\u00c0 propos de nous - Elixar","og_url":"https:\/\/elixar.it\/fr\/about-us\/","og_site_name":"Elixar","article_modified_time":"2026-02-09T16:27:04+00:00","og_image":[{"width":300,"height":300,"url":"https:\/\/i0.wp.com\/elixar.it\/wp-content\/uploads\/2024\/04\/Roots.png?fit=300%2C300&ssl=1","type":"image\/png"}],"twitter_card":"summary_large_image","twitter_misc":{"Dur\u00e9e de lecture estim\u00e9e":"1 minute"},"schema":{"@context":"https:\/\/schema.org","@graph":[{"@type":"WebPage","@id":"https:\/\/elixar.it\/fr\/about-us\/","url":"https:\/\/elixar.it\/fr\/about-us\/","name":"\u00c0 propos de nous - Elixar","isPartOf":{"@id":"https:\/\/elixar.it\/fr\/#website"},"primaryImageOfPage":{"@id":"https:\/\/elixar.it\/fr\/about-us\/#primaryimage"},"image":{"@id":"https:\/\/elixar.it\/fr\/about-us\/#primaryimage"},"thumbnailUrl":"https:\/\/i0.wp.com\/elixar.it\/wp-content\/uploads\/2024\/04\/Roots.png?fit=300%2C300&ssl=1","datePublished":"2023-07-02T13:48:38+00:00","dateModified":"2026-02-09T16:27:04+00:00","breadcrumb":{"@id":"https:\/\/elixar.it\/fr\/about-us\/#breadcrumb"},"inLanguage":"fr-FR","potentialAction":[{"@type":"ReadAction","target":["https:\/\/elixar.it\/fr\/about-us\/"]}]},{"@type":"ImageObject","inLanguage":"fr-FR","@id":"https:\/\/elixar.it\/fr\/about-us\/#primaryimage","url":"https:\/\/i0.wp.com\/elixar.it\/wp-content\/uploads\/2024\/04\/Roots.png?fit=300%2C300&ssl=1","contentUrl":"https:\/\/i0.wp.com\/elixar.it\/wp-content\/uploads\/2024\/04\/Roots.png?fit=300%2C300&ssl=1","width":300,"height":300},{"@type":"BreadcrumbList","@id":"https:\/\/elixar.it\/fr\/about-us\/#breadcrumb","itemListElement":[{"@type":"ListItem","position":1,"name":"Home","item":"https:\/\/elixar.it\/fr\/"},{"@type":"ListItem","position":2,"name":"\u00c0 propos de nous"}]},{"@type":"WebSite","@id":"https:\/\/elixar.it\/fr\/#website","url":"https:\/\/elixar.it\/fr\/","name":"Elixar","description":"activate your senses and shine","publisher":{"@id":"https:\/\/elixar.it\/fr\/#organization"},"potentialAction":[{"@type":"SearchAction","target":{"@type":"EntryPoint","urlTemplate":"https:\/\/elixar.it\/fr\/?s={search_term_string}"},"query-input":{"@type":"PropertyValueSpecification","valueRequired":true,"valueName":"search_term_string"}}],"inLanguage":"fr-FR"},{"@type":"Organization","@id":"https:\/\/elixar.it\/fr\/#organization","name":"Elixar","url":"https:\/\/elixar.it\/fr\/","logo":{"@type":"ImageObject","inLanguage":"fr-FR","@id":"https:\/\/elixar.it\/fr\/#\/schema\/logo\/image\/","url":"https:\/\/i0.wp.com\/elixar.it\/wp-content\/uploads\/2025\/10\/Color-logo-no-flame-no-background-L-Copy.png?fit=2592%2C1267&ssl=1","contentUrl":"https:\/\/i0.wp.com\/elixar.it\/wp-content\/uploads\/2025\/10\/Color-logo-no-flame-no-background-L-Copy.png?fit=2592%2C1267&ssl=1","width":2592,"height":1267,"caption":"Elixar"},"image":{"@id":"https:\/\/elixar.it\/fr\/#\/schema\/logo\/image\/"}}]}},"jetpack_sharing_enabled":true,"jetpack_likes_enabled":true,"jetpack_shortlink":"https:\/\/wp.me\/PeVjk8-21v","jetpack-related-posts":[],"_links":{"self":[{"href":"https:\/\/elixar.it\/fr\/wp-json\/wp\/v2\/pages\/7781","targetHints":{"allow":["GET"]}}],"collection":[{"href":"https:\/\/elixar.it\/fr\/wp-json\/wp\/v2\/pages"}],"about":[{"href":"https:\/\/elixar.it\/fr\/wp-json\/wp\/v2\/types\/page"}],"author":[{"embeddable":true,"href":"https:\/\/elixar.it\/fr\/wp-json\/wp\/v2\/users\/144146929"}],"replies":[{"embeddable":true,"href":"https:\/\/elixar.it\/fr\/wp-json\/wp\/v2\/comments?post=7781"}],"version-history":[{"count":43,"href":"https:\/\/elixar.it\/fr\/wp-json\/wp\/v2\/pages\/7781\/revisions"}],"predecessor-version":[{"id":14567,"href":"https:\/\/elixar.it\/fr\/wp-json\/wp\/v2\/pages\/7781\/revisions\/14567"}],"wp:featuredmedia":[{"embeddable":true,"href":"https:\/\/elixar.it\/fr\/wp-json\/wp\/v2\/media\/7500"}],"wp:attachment":[{"href":"https:\/\/elixar.it\/fr\/wp-json\/wp\/v2\/media?parent=7781"}],"curies":[{"name":"wp","href":"https:\/\/api.w.org\/{rel}","templated":true}]}}