{"id":8313,"date":"2024-01-07T01:40:52","date_gmt":"2024-01-07T00:40:52","guid":{"rendered":"https:\/\/elixar.it\/product\/perfume-qelia-70ml\/"},"modified":"2025-10-20T16:33:41","modified_gmt":"2025-10-20T14:33:41","slug":"perfume-qelia-70ml","status":"publish","type":"product","link":"https:\/\/elixar.it\/fr\/product\/perfume-qelia-70ml\/","title":{"rendered":"Parfum &#8211; Qelia 70mL"},"content":{"rendered":"<p style=\"margin: 0in; font-family: Calibri; font-size: 14.0pt;\"><strong><span style=\"text-decoration: underline;\">The spirit of our muse \u00ab\u00a0Qelia\u00a0\u00bb<\/span><\/strong><\/p>\n<p style=\"margin: 0in; font-family: Calibri; font-size: 14.0pt;\">Lanc\u00e9 dans une cavalcade imparable&#8230; Comme si la terre, l&rsquo;eau, l&rsquo;air et le feu \u00e9taient vos alli\u00e9s, l&rsquo;esprit de Qelia vous aide \u00e0 vous d\u00e9passer et \u00e0 mener les autres jusqu&rsquo;\u00e0 la ligne d&rsquo;arriv\u00e9e\u2026 Qelia, c&rsquo;est la puissance, la d\u00e9termination et l&rsquo;enthousiasme.<\/p>\n<p>&nbsp;<\/p>\n<p style=\"margin: 0in; font-family: Calibri; font-size: 14.0pt;\"><strong><span style=\"text-decoration: underline;\">Le facon de Qelia<\/span><\/strong><\/p>\n<p style=\"margin: 0in; font-family: Calibri; font-size: 14.0pt;\">L&rsquo;Extrait de Parfum \u00ab\u00a0Spirit of Qelia\u00a0\u00bb est contenu dans son flacon en forme de fiole constitu\u00e9 d&rsquo;un verre enduit gris textur\u00e9 pierre. La sensation tactile de cette bouteille sp\u00e9ciale \u00e0 l&rsquo;int\u00e9rieur de votre paume est comme si vous saisissiez un rocher et initiiez l&rsquo;escalade d&rsquo;une falaise. Cette forme, cette texture et cette couleur repr\u00e9sentent la magie de la d\u00e9termination de Qelia. Le pulv\u00e9risateur est recouvert d&rsquo;un boucon miroir nacr\u00e9 noir qui repr\u00e9sente le pouvoir de refl\u00e9ter et de d\u00e9voiler nos propres forces cach\u00e9es.<\/p>\n<p>&nbsp;<\/p>\n<p style=\"margin: 0in; font-family: Calibri; font-size: 14.0pt;\"><strong><span style=\"text-decoration: underline;\">La signature olfactive de Qelia<\/span><\/strong><\/p>\n<p style=\"margin: 0in; font-family: Calibri; font-size: 14.0pt;\">Qelia est ancr\u00e9e et fum\u00e9e. Son corps armur\u00e9 complexe et son enveloppe \u00e9pic\u00e9e affirm\u00e9e captiveront tous ceux qui s&rsquo;en approchent. De la rose \u00e0 l&rsquo;iris en passant par l&rsquo;ylang et le narcisse, les riches voix florales de Qelia remplissent l&rsquo;air comme le chant profond d&rsquo;un guerrier racontant l&rsquo;histoire de nombreux mondes. Le safran et le citron vert subtils, tel un bouclier, rappellent que le m\u00e9tal et le min\u00e9ral sont l&rsquo;essence d&rsquo;une \u00e2me b\u00e2tie pour durer.<\/p>\n<p style=\"margin: 0in; font-family: Calibri; font-size: 14.0pt;\">Sur votre peau, Qelia vous fera prendre les r\u00eanes de votre destin. Elle d\u00e9crira qu&rsquo;il n&rsquo;y a pas de retour en arri\u00e8re, seulement l&rsquo;impulsion n\u00e9cessaire pour aller de l&rsquo;avant et profiter de chaque qu\u00eate.<\/p>\n<p>&nbsp;<\/p>\n<p style=\"margin: 0in; font-family: Calibri; font-size: 14.0pt;\"><strong><span style=\"text-decoration: underline;\">La pyramide olfactive de Qelia<\/span><\/strong><\/p>\n<p style=\"margin: 0in; font-family: Calibri; font-size: 14.0pt;\">NOTES DE T\u00caTE : citron vert \/ safran \/ cannelle \/ clou de girofle<\/p>\n<p style=\"margin: 0in; font-family: Calibri; font-size: 14.0pt;\">NOTES DE COEUR : iris \/ patchouli \/ ylang-ylang \/ anis \/ narcisse \/ bois doux \/ rose<\/p>\n<p style=\"margin: 0in; font-family: Calibri; font-size: 14.0pt;\">NOTES DE FOND : vanille\/tabac\/tonka\/ambre gris\/musc blanc\/h\u00e9liotrope\/bois d&rsquo;agar<\/p>\n<p>&nbsp;<\/p>\n<p style=\"margin: 0in; font-family: Calibri; font-size: 14.0pt;\"><span style=\"font-style: italic;\">70 mL d&rsquo;\u00e9motions liquides<\/span><\/p>\n<p style=\"margin: 0in; font-family: Calibri; font-size: 14.0pt;\"><span style=\"font-style: italic;\">cr\u00e9\u00e9 par Elixar Perfumes<\/span><\/p>\n<p style=\"margin: 0in; font-family: Calibri; font-size: 14.0pt;\"><span style=\"font-style: italic;\">Made in Italy<\/span><\/p>\n<p>&nbsp;<\/p>\n<p>&nbsp;<\/p>\n<p>&nbsp;<\/p>\n<p><strong><u>Informations sur l&rsquo;\u00e9tiquette :<\/u><\/strong><\/p>\n<p>Extrait de Parfum <em>\u00ab Qelia \u00bb<\/em><\/p>\n<p>70 mL \/ 2.37 fl.oz P\u00e9riode Apr\u00e8s Ouverture (PAO) 36 mois<\/p>\n<p><strong>INGREDIENTS:<\/strong> ALCOHOL DENAT., PARFUM, TETRAMETHYL ACETYLOCTAHYDRONAPHTHALENES, VANILLIN, BENZYL BENZOATE, BENZYL ALCOHOL, HEXAMETHYLINDANOPYRAN, TRIMETHYLBENZENEPROPANOL, COUMARIN, EUGENOL, LIMONENE, EUGENIA CARYOPHYLLUS OIL, LINALOOL, CITRUS LIMON PEEL OIL, CITRUS AURANTIUM PEEL OIL, BETA-CARYOPHYLLENE, ANETHOLE, PINENE, CANANGA ODORATA OIL\/EXTRACT, CINNAMOMUM ZEYLANICUM BARK OIL, EUGENYL ACETATE, CINNAMAL, ROSE KETONES, CITRAL, BENZYL CINNAMATE, CINNAMYL ALCOHOL, GERANYL ACETATE, GERANIOL, CAMPHOR, NARCISSUS EXTRACT, TERPINEOL, ISOEUGENOL, TERPINOLENE, FARNESOL, BENZYL SALICYLATE, BENZALDEHYDE<\/p>\n<p><strong>Indications d&rsquo;utilisation et mises en garde potentielles :<\/strong> Utilisation topique, \u00e9viter tout contact avec les yeux et les muqueuses. Produit inflammable.<\/p>\n<p><strong>Contact:<\/strong> Elixar SRL &#8211; 24010 Ponteranica (BG) Italy \u2013 <a href=\"mailto:info@elixar.it\">info@elixar.it<\/a> \u2013 Tel +39 375 587 2203<\/p>\n<p><strong>Raccolta differenziata:<\/strong> Verifica le disposizioni del tuo Comune [Scatola: PAP22 \/ Tappo: Zamac \/ Flacone: GL70]<\/p>\n<p><strong>Num\u00e9ro de lot:<\/strong> voir sur l&#8217;emballage<\/p>\n","protected":false},"excerpt":{"rendered":"<p>L&rsquo;esprit de QELIA repr\u00e9sente la PUISSANCE et la combinaison des 4 \u00e9l\u00e9ments : Eau, Terre, Feu et Air. Porter la force des \u00e9l\u00e9ments sur votre peau vous donne l\u2019impulsion n\u00e9cessaire pour braver les obstacles. Le parfum de Qelia est un concentr\u00e9 d&rsquo;essences qui stimulera votre \u00e9nergie et vous incitera \u00e0 rester fort.<\/p>\n","protected":false},"featured_media":12420,"comment_status":"open","ping_status":"closed","template":"","meta":{"_crdt_document":"","jetpack_publicize_message":"","jetpack_publicize_feature_enabled":true,"jetpack_social_post_already_shared":true,"jetpack_social_options":{"image_generator_settings":{"template":"highway","default_image_id":0,"font":"","enabled":false},"version":2},"_wpas_customize_per_network":false},"product_brand":[1934],"product_cat":[1574,1601,1573,1604,1609,1935],"product_tag":[],"class_list":{"0":"post-8313","1":"product","2":"type-product","3":"status-publish","4":"has-post-thumbnail","6":"product_brand-elixar-life-fr","7":"product_cat-concentre","8":"product_cat-parfums-fr","9":"product_cat-puissant","10":"product_cat-sauvage","11":"product_cat-serein","12":"product_cat-qelia-fr","13":"product_shipping_class-compact-flammable-fr","15":"first","16":"instock","17":"taxable","18":"shipping-taxable","19":"purchasable","20":"product-type-simple"},"bundled_by":[],"bundle_stock_status":"instock","bundle_stock_quantity":47,"bundle_virtual":false,"bundle_layout":"","bundle_add_to_cart_form_location":"","bundle_editable_in_cart":false,"bundle_sold_individually_context":"","bundle_item_grouping":"","bundle_min_size":"","bundle_max_size":"","bundle_price":[],"bundled_items":[],"bundle_sell_ids":[],"group_of_quantity":0,"min_quantity":0,"max_quantity":"","exclude_order_quantity_value_rules":"no","exclude_category_quantity_rules":"no","combine_variations":"no","exclude_global_add_ons":[],"addons":[],"yoast_head":"<!-- This site is optimized with the Yoast SEO plugin v27.4 - https:\/\/yoast.com\/product\/yoast-seo-wordpress\/ -->\n<title>Parfum - Qelia 70mL - Elixar<\/title>\n<meta name=\"robots\" content=\"index, follow, max-snippet:-1, max-image-preview:large, max-video-preview:-1\" \/>\n<link rel=\"canonical\" href=\"https:\/\/elixar.it\/fr\/product\/perfume-qelia-70ml\/\" \/>\n<meta property=\"og:locale\" content=\"fr_FR\" \/>\n<meta property=\"og:type\" content=\"article\" \/>\n<meta property=\"og:title\" content=\"Parfum - Qelia 70mL - Elixar\" \/>\n<meta property=\"og:description\" content=\"L&#039;esprit de QELIA repr\u00e9sente la PUISSANCE et la combinaison des 4 \u00e9l\u00e9ments : Eau, Terre, Feu et Air. Porter la force des \u00e9l\u00e9ments sur votre peau vous donne l\u2019impulsion n\u00e9cessaire pour braver les obstacles. Le parfum de Qelia est un concentr\u00e9 d&#039;essences qui stimulera votre \u00e9nergie et vous incitera \u00e0 rester fort.\" \/>\n<meta property=\"og:url\" content=\"https:\/\/elixar.it\/fr\/product\/perfume-qelia-70ml\/\" \/>\n<meta property=\"og:site_name\" content=\"Elixar\" \/>\n<meta property=\"article:modified_time\" content=\"2025-10-20T14:33:41+00:00\" \/>\n<meta property=\"og:image\" content=\"https:\/\/i0.wp.com\/elixar.it\/wp-content\/uploads\/2024\/01\/Symbol-cr-Perfume-Spirit-Qelia-Tree-Spade.png?fit=600%2C600&ssl=1\" \/>\n\t<meta property=\"og:image:width\" content=\"600\" \/>\n\t<meta property=\"og:image:height\" content=\"600\" \/>\n\t<meta property=\"og:image:type\" content=\"image\/png\" \/>\n<meta name=\"twitter:card\" content=\"summary_large_image\" \/>\n<meta name=\"twitter:label1\" content=\"Dur\u00e9e de lecture estim\u00e9e\" \/>\n\t<meta name=\"twitter:data1\" content=\"2 minutes\" \/>\n<script type=\"application\/ld+json\" class=\"yoast-schema-graph\">{\"@context\":\"https:\\\/\\\/schema.org\",\"@graph\":[{\"@type\":\"WebPage\",\"@id\":\"https:\\\/\\\/elixar.it\\\/fr\\\/product\\\/perfume-qelia-70ml\\\/\",\"url\":\"https:\\\/\\\/elixar.it\\\/fr\\\/product\\\/perfume-qelia-70ml\\\/\",\"name\":\"Parfum - Qelia 70mL - Elixar\",\"isPartOf\":{\"@id\":\"https:\\\/\\\/elixar.it\\\/fr\\\/#website\"},\"primaryImageOfPage\":{\"@id\":\"https:\\\/\\\/elixar.it\\\/fr\\\/product\\\/perfume-qelia-70ml\\\/#primaryimage\"},\"image\":{\"@id\":\"https:\\\/\\\/elixar.it\\\/fr\\\/product\\\/perfume-qelia-70ml\\\/#primaryimage\"},\"thumbnailUrl\":\"https:\\\/\\\/i0.wp.com\\\/elixar.it\\\/wp-content\\\/uploads\\\/2024\\\/01\\\/Symbol-cr-Perfume-Spirit-Qelia-Tree-Spade.png?fit=600%2C600&ssl=1\",\"datePublished\":\"2024-01-07T00:40:52+00:00\",\"dateModified\":\"2025-10-20T14:33:41+00:00\",\"breadcrumb\":{\"@id\":\"https:\\\/\\\/elixar.it\\\/fr\\\/product\\\/perfume-qelia-70ml\\\/#breadcrumb\"},\"inLanguage\":\"fr-FR\",\"potentialAction\":[{\"@type\":\"ReadAction\",\"target\":[\"https:\\\/\\\/elixar.it\\\/fr\\\/product\\\/perfume-qelia-70ml\\\/\"]}]},{\"@type\":\"ImageObject\",\"inLanguage\":\"fr-FR\",\"@id\":\"https:\\\/\\\/elixar.it\\\/fr\\\/product\\\/perfume-qelia-70ml\\\/#primaryimage\",\"url\":\"https:\\\/\\\/i0.wp.com\\\/elixar.it\\\/wp-content\\\/uploads\\\/2024\\\/01\\\/Symbol-cr-Perfume-Spirit-Qelia-Tree-Spade.png?fit=600%2C600&ssl=1\",\"contentUrl\":\"https:\\\/\\\/i0.wp.com\\\/elixar.it\\\/wp-content\\\/uploads\\\/2024\\\/01\\\/Symbol-cr-Perfume-Spirit-Qelia-Tree-Spade.png?fit=600%2C600&ssl=1\",\"width\":600,\"height\":600},{\"@type\":\"BreadcrumbList\",\"@id\":\"https:\\\/\\\/elixar.it\\\/fr\\\/product\\\/perfume-qelia-70ml\\\/#breadcrumb\",\"itemListElement\":[{\"@type\":\"ListItem\",\"position\":1,\"name\":\"Home\",\"item\":\"https:\\\/\\\/elixar.it\\\/fr\\\/\"},{\"@type\":\"ListItem\",\"position\":2,\"name\":\"Boutique\",\"item\":\"https:\\\/\\\/elixar.it\\\/fr\\\/shop\\\/\"},{\"@type\":\"ListItem\",\"position\":3,\"name\":\"Parfum &#8211; Qelia 70mL\"}]},{\"@type\":\"WebSite\",\"@id\":\"https:\\\/\\\/elixar.it\\\/fr\\\/#website\",\"url\":\"https:\\\/\\\/elixar.it\\\/fr\\\/\",\"name\":\"Elixar\",\"description\":\"activate your senses and shine\",\"publisher\":{\"@id\":\"https:\\\/\\\/elixar.it\\\/fr\\\/#organization\"},\"potentialAction\":[{\"@type\":\"SearchAction\",\"target\":{\"@type\":\"EntryPoint\",\"urlTemplate\":\"https:\\\/\\\/elixar.it\\\/fr\\\/?s={search_term_string}\"},\"query-input\":{\"@type\":\"PropertyValueSpecification\",\"valueRequired\":true,\"valueName\":\"search_term_string\"}}],\"inLanguage\":\"fr-FR\"},{\"@type\":\"Organization\",\"@id\":\"https:\\\/\\\/elixar.it\\\/fr\\\/#organization\",\"name\":\"Elixar\",\"url\":\"https:\\\/\\\/elixar.it\\\/fr\\\/\",\"logo\":{\"@type\":\"ImageObject\",\"inLanguage\":\"fr-FR\",\"@id\":\"https:\\\/\\\/elixar.it\\\/fr\\\/#\\\/schema\\\/logo\\\/image\\\/\",\"url\":\"https:\\\/\\\/i0.wp.com\\\/elixar.it\\\/wp-content\\\/uploads\\\/2025\\\/10\\\/Color-logo-no-flame-no-background-L-Copy.png?fit=2592%2C1267&ssl=1\",\"contentUrl\":\"https:\\\/\\\/i0.wp.com\\\/elixar.it\\\/wp-content\\\/uploads\\\/2025\\\/10\\\/Color-logo-no-flame-no-background-L-Copy.png?fit=2592%2C1267&ssl=1\",\"width\":2592,\"height\":1267,\"caption\":\"Elixar\"},\"image\":{\"@id\":\"https:\\\/\\\/elixar.it\\\/fr\\\/#\\\/schema\\\/logo\\\/image\\\/\"}}]}<\/script>\n<!-- \/ Yoast SEO plugin. -->","yoast_head_json":{"title":"Parfum - Qelia 70mL - Elixar","robots":{"index":"index","follow":"follow","max-snippet":"max-snippet:-1","max-image-preview":"max-image-preview:large","max-video-preview":"max-video-preview:-1"},"canonical":"https:\/\/elixar.it\/fr\/product\/perfume-qelia-70ml\/","og_locale":"fr_FR","og_type":"article","og_title":"Parfum - Qelia 70mL - Elixar","og_description":"L'esprit de QELIA repr\u00e9sente la PUISSANCE et la combinaison des 4 \u00e9l\u00e9ments : Eau, Terre, Feu et Air. Porter la force des \u00e9l\u00e9ments sur votre peau vous donne l\u2019impulsion n\u00e9cessaire pour braver les obstacles. Le parfum de Qelia est un concentr\u00e9 d'essences qui stimulera votre \u00e9nergie et vous incitera \u00e0 rester fort.","og_url":"https:\/\/elixar.it\/fr\/product\/perfume-qelia-70ml\/","og_site_name":"Elixar","article_modified_time":"2025-10-20T14:33:41+00:00","og_image":[{"width":600,"height":600,"url":"https:\/\/i0.wp.com\/elixar.it\/wp-content\/uploads\/2024\/01\/Symbol-cr-Perfume-Spirit-Qelia-Tree-Spade.png?fit=600%2C600&ssl=1","type":"image\/png"}],"twitter_card":"summary_large_image","twitter_misc":{"Dur\u00e9e de lecture estim\u00e9e":"2 minutes"},"schema":{"@context":"https:\/\/schema.org","@graph":[{"@type":"WebPage","@id":"https:\/\/elixar.it\/fr\/product\/perfume-qelia-70ml\/","url":"https:\/\/elixar.it\/fr\/product\/perfume-qelia-70ml\/","name":"Parfum - Qelia 70mL - Elixar","isPartOf":{"@id":"https:\/\/elixar.it\/fr\/#website"},"primaryImageOfPage":{"@id":"https:\/\/elixar.it\/fr\/product\/perfume-qelia-70ml\/#primaryimage"},"image":{"@id":"https:\/\/elixar.it\/fr\/product\/perfume-qelia-70ml\/#primaryimage"},"thumbnailUrl":"https:\/\/i0.wp.com\/elixar.it\/wp-content\/uploads\/2024\/01\/Symbol-cr-Perfume-Spirit-Qelia-Tree-Spade.png?fit=600%2C600&ssl=1","datePublished":"2024-01-07T00:40:52+00:00","dateModified":"2025-10-20T14:33:41+00:00","breadcrumb":{"@id":"https:\/\/elixar.it\/fr\/product\/perfume-qelia-70ml\/#breadcrumb"},"inLanguage":"fr-FR","potentialAction":[{"@type":"ReadAction","target":["https:\/\/elixar.it\/fr\/product\/perfume-qelia-70ml\/"]}]},{"@type":"ImageObject","inLanguage":"fr-FR","@id":"https:\/\/elixar.it\/fr\/product\/perfume-qelia-70ml\/#primaryimage","url":"https:\/\/i0.wp.com\/elixar.it\/wp-content\/uploads\/2024\/01\/Symbol-cr-Perfume-Spirit-Qelia-Tree-Spade.png?fit=600%2C600&ssl=1","contentUrl":"https:\/\/i0.wp.com\/elixar.it\/wp-content\/uploads\/2024\/01\/Symbol-cr-Perfume-Spirit-Qelia-Tree-Spade.png?fit=600%2C600&ssl=1","width":600,"height":600},{"@type":"BreadcrumbList","@id":"https:\/\/elixar.it\/fr\/product\/perfume-qelia-70ml\/#breadcrumb","itemListElement":[{"@type":"ListItem","position":1,"name":"Home","item":"https:\/\/elixar.it\/fr\/"},{"@type":"ListItem","position":2,"name":"Boutique","item":"https:\/\/elixar.it\/fr\/shop\/"},{"@type":"ListItem","position":3,"name":"Parfum &#8211; Qelia 70mL"}]},{"@type":"WebSite","@id":"https:\/\/elixar.it\/fr\/#website","url":"https:\/\/elixar.it\/fr\/","name":"Elixar","description":"activate your senses and shine","publisher":{"@id":"https:\/\/elixar.it\/fr\/#organization"},"potentialAction":[{"@type":"SearchAction","target":{"@type":"EntryPoint","urlTemplate":"https:\/\/elixar.it\/fr\/?s={search_term_string}"},"query-input":{"@type":"PropertyValueSpecification","valueRequired":true,"valueName":"search_term_string"}}],"inLanguage":"fr-FR"},{"@type":"Organization","@id":"https:\/\/elixar.it\/fr\/#organization","name":"Elixar","url":"https:\/\/elixar.it\/fr\/","logo":{"@type":"ImageObject","inLanguage":"fr-FR","@id":"https:\/\/elixar.it\/fr\/#\/schema\/logo\/image\/","url":"https:\/\/i0.wp.com\/elixar.it\/wp-content\/uploads\/2025\/10\/Color-logo-no-flame-no-background-L-Copy.png?fit=2592%2C1267&ssl=1","contentUrl":"https:\/\/i0.wp.com\/elixar.it\/wp-content\/uploads\/2025\/10\/Color-logo-no-flame-no-background-L-Copy.png?fit=2592%2C1267&ssl=1","width":2592,"height":1267,"caption":"Elixar"},"image":{"@id":"https:\/\/elixar.it\/fr\/#\/schema\/logo\/image\/"}}]}},"jetpack_publicize_connections":[],"jetpack_sharing_enabled":true,"jetpack_likes_enabled":true,"jetpack-related-posts":[],"_links":{"self":[{"href":"https:\/\/elixar.it\/fr\/wp-json\/wp\/v2\/product\/8313","targetHints":{"allow":["GET"]}}],"collection":[{"href":"https:\/\/elixar.it\/fr\/wp-json\/wp\/v2\/product"}],"about":[{"href":"https:\/\/elixar.it\/fr\/wp-json\/wp\/v2\/types\/product"}],"replies":[{"embeddable":true,"href":"https:\/\/elixar.it\/fr\/wp-json\/wp\/v2\/comments?post=8313"}],"wp:featuredmedia":[{"embeddable":true,"href":"https:\/\/elixar.it\/fr\/wp-json\/wp\/v2\/media\/12420"}],"wp:attachment":[{"href":"https:\/\/elixar.it\/fr\/wp-json\/wp\/v2\/media?parent=8313"}],"wp:term":[{"taxonomy":"product_brand","embeddable":true,"href":"https:\/\/elixar.it\/fr\/wp-json\/wp\/v2\/product_brand?post=8313"},{"taxonomy":"product_cat","embeddable":true,"href":"https:\/\/elixar.it\/fr\/wp-json\/wp\/v2\/product_cat?post=8313"},{"taxonomy":"product_tag","embeddable":true,"href":"https:\/\/elixar.it\/fr\/wp-json\/wp\/v2\/product_tag?post=8313"}],"curies":[{"name":"wp","href":"https:\/\/api.w.org\/{rel}","templated":true}]}}