{"id":8314,"date":"2024-01-07T01:36:30","date_gmt":"2024-01-07T00:36:30","guid":{"rendered":"https:\/\/elixar.it\/product\/perfume-alkyres-70ml\/"},"modified":"2026-04-02T11:41:49","modified_gmt":"2026-04-02T09:41:49","slug":"perfume-alkyres-70ml","status":"publish","type":"product","link":"https:\/\/elixar.it\/fr\/product\/perfume-alkyres-70ml\/","title":{"rendered":"Parfum &#8211; Alkyres 70mL"},"content":{"rendered":"<p style=\"margin: 0in; font-family: Calibri; font-size: 14.0pt;\"><strong><span style=\"text-decoration: underline;\">L&rsquo;esprit de notre muse \u00ab\u00a0Alkyres\u00a0\u00bb<\/span><\/strong><\/p>\n<p style=\"margin: 0in; font-family: Calibri; font-size: 14.0pt;\">Audacieuse et aventureuse, relevez le d\u00e9fi et soyez provocateur. L&rsquo;esprit d&rsquo;Alkyres est une excitation motiv\u00e9e qui vous emm\u00e8ne vers de nouveaux horizons\u2026 Alkyres est l&rsquo;attraction, la cr\u00e9ativit\u00e9 et le d\u00e9sir.<\/p>\n<p>&nbsp;<\/p>\n<p style=\"margin: 0in; font-family: Calibri; font-size: 14.0pt;\"><strong><span style=\"text-decoration: underline;\">Le flacon d&rsquo;Alkyres<\/span><\/strong><\/p>\n<p style=\"margin: 0in; font-family: Calibri; font-size: 14.0pt;\">L&rsquo;Extrait de Parfum \u00ab\u00a0Esprit d&rsquo;Alkyres\u00a0\u00bb est contenu dans son flacon en forme de fiole en verre rouge ambr\u00e9. Cette forme et cette couleur repr\u00e9sentent la magie de la force aventureuse d&rsquo;Alkyres. Le pulv\u00e9risateur est recouvert d&rsquo;un boucon miroir nacr\u00e9 noir qui repr\u00e9sente le pouvoir de refl\u00e9ter et de d\u00e9voiler nos propres forces cach\u00e9es.<\/p>\n<p>&nbsp;<\/p>\n<p style=\"margin: 0in; font-family: Calibri; font-size: 14.0pt;\"><strong><span style=\"text-decoration: underline;\">La signature olfactive d&rsquo;Alkyres<\/span><\/strong><\/p>\n<p style=\"margin: 0in; font-family: Calibri; font-size: 14.0pt;\">Alkyres est organique, douce et \u00e9pic\u00e9e. Ses pointes aromatiques d\u00e9cisives captent d&rsquo;abord une r\u00e9action intuitive. Puis l\u2019ensemble r\u00e9v\u00e8le une fine recette addictive qui vous trotte dans la t\u00eate et coule en vous. Son alliance audacieuse avec les fleurs exotiques et les r\u00e9sines de bois porte \u00e0 des interactions irr\u00e9sistibles. Cela stimule une volont\u00e9 d\u2019explorer et un besoin d\u2019exp\u00e9rimenter.<\/p>\n<p style=\"margin: 0in; font-family: Calibri; font-size: 14.0pt;\">Sur votre peau, Alkyres donnent l&rsquo;envie de cr\u00e9er. Elle apportera \u00e0 votre corps et \u00e0 votre esprit une \u00e9nergie vibrante qu\u2019aucune \u00e2me vivante ne pourra ignorer.<\/p>\n<p>&nbsp;<\/p>\n<p style=\"margin: 0in; font-family: Calibri; font-size: 14.0pt;\"><strong><span style=\"text-decoration: underline;\">La pyramide olfactive d&rsquo;Alkyres<\/span><\/strong><\/p>\n<p style=\"margin: 0in; font-family: Calibri; font-size: 14.0pt;\">NOTES DE T\u00caTE : yuzu \/ citron \/ rose de Damas<\/p>\n<p style=\"margin: 0in; font-family: Calibri; font-size: 14.0pt;\">NOTES DE C\u0152UR : fleurs blanches d&rsquo;ylang \/ fleurs d&rsquo;oranger \/ tub\u00e9reuse<\/p>\n<p style=\"margin: 0in; font-family: Calibri; font-size: 14.0pt;\">NOTES DE FOND : ambre \/ tonka \/ musc blanc \/ bois de santal<\/p>\n<p>&nbsp;<\/p>\n<p style=\"margin: 0in; font-family: Calibri; font-size: 14.0pt;\"><span style=\"font-style: italic;\">70 mL d&rsquo;\u00e9motions liquides<\/span><\/p>\n<p style=\"margin: 0in; font-family: Calibri; font-size: 14.0pt;\"><span style=\"font-style: italic;\">cr\u00e9\u00e9 par Elixar Perfumes<\/span><\/p>\n<p style=\"margin: 0in; font-family: Calibri; font-size: 14.0pt;\"><span style=\"font-style: italic;\">Made in Italy<\/span><\/p>\n<p>&nbsp;<\/p>\n<p>&nbsp;<\/p>\n<p>&nbsp;<\/p>\n<p>&nbsp;<\/p>\n<p><strong><u>Informations sur l&rsquo;\u00e9tiquette :<\/u><\/strong><\/p>\n<p>Extrait de Parfum <em>\u00ab Alkyres \u00bb<\/em><\/p>\n<p>70 mL \/ 2.37 fl.oz P\u00e9riode Apr\u00e8s Ouverture (PAO) 36 mois<\/p>\n<p><strong>INGREDIENTS:<\/strong> ALCOHOL DENAT., PARFUM, DIMETHYL PHENETHYL ACETATE, TETRAMETHYL ACETYLOCTAHYDRONAPHTHALENES, HEXAMETHYLINDANOPYRAN, CITRONELLOL, LINALYL ACETATE, BENZYL SALICYLATE, GERANIOL, LINALOOL, HEXADECANOLACTONE, GERANYL ACETATE, HYDROXYCITRONELLAL, HEXYL CINNAMAL, LIMONENE, PELARGONIUM GRAVEOLENS FLOWER OIL, POGOSTEMON CABLIN OIL, ROSE KETONES, TRIMETHYLBENZENEPROPANOL, ISOEUGENYL ACETATE, CITRUS LIMON PEEL OIL, PINENE, CITRAL, BETA-CARYOPHYLLENE, BENZYL ALCOHOL, TERPINEOL, BENZALDEHYDE.<\/p>\n<p><strong>Indications d&rsquo;utilisation et mises en garde potentielles :<\/strong> Utilisation topique, \u00e9viter tout contact avec les yeux et les muqueuses. Produit inflammable.<\/p>\n<p><strong>Contact:<\/strong> Elixar SRL &#8211; 24010 Ponteranica (BG) Italy \u2013 <a href=\"mailto:info@elixar.it\">info@elixar.it<\/a> \u2013 Tel +39 375 587 2203<\/p>\n<p><strong>Raccolta differenziata:<\/strong> Verifica le disposizioni del tuo Comune [Scatola: PAP22 \/ Tappo: Zamac \/ Flacone: GL70]<\/p>\n<p><strong>Num\u00e9ro de lot:<\/strong> voir sur l&#8217;emballage<\/p>\n","protected":false},"excerpt":{"rendered":"<p>L&rsquo;Esprit d&rsquo;ALKYRES repr\u00e9sente l&rsquo;ATTRACTION et la fusion de l&rsquo;aventure et du d\u00e9sir : un cocktail passionnant d&rsquo;\u00e9motions invitant \u00e0 la cr\u00e9ativit\u00e9. Le parfum d&rsquo;Alkyres est un concentr\u00e9 d&rsquo;essences qui vous transportera, vous donnera l&rsquo;occasion d&rsquo;oser et de d\u00e9couvrir de nouveaux horizons.<\/p>\n","protected":false},"featured_media":12426,"comment_status":"open","ping_status":"closed","template":"","meta":{"_crdt_document":"","jetpack_publicize_message":"","jetpack_publicize_feature_enabled":true,"jetpack_social_post_already_shared":true,"jetpack_social_options":{"image_generator_settings":{"template":"highway","default_image_id":0,"font":"","enabled":false},"version":2},"_wpas_customize_per_network":false},"product_brand":[1403],"product_cat":[1393,1391,1383,1388,1389,1894,1392],"product_tag":[],"class_list":{"0":"post-8314","1":"product","2":"type-product","3":"status-publish","4":"has-post-thumbnail","6":"product_brand-elixar-life","7":"product_cat-playful","8":"product_cat-groovy","9":"product_cat-perfumes","10":"product_cat-bubbly","11":"product_cat-wild","12":"product_cat-alkyres","13":"product_cat-tempted","14":"product_shipping_class-compact-flammable-fr","16":"first","17":"instock","18":"taxable","19":"shipping-taxable","20":"purchasable","21":"product-type-simple"},"bundled_by":[],"bundle_stock_status":"instock","bundle_stock_quantity":17,"bundle_virtual":false,"bundle_layout":"","bundle_add_to_cart_form_location":"","bundle_editable_in_cart":false,"bundle_sold_individually_context":"","bundle_item_grouping":"","bundle_min_size":"","bundle_max_size":"","bundle_price":[],"bundled_items":[],"bundle_sell_ids":[],"group_of_quantity":0,"min_quantity":0,"max_quantity":"","exclude_order_quantity_value_rules":"no","exclude_category_quantity_rules":"no","combine_variations":"no","exclude_global_add_ons":[],"addons":[],"yoast_head":"<!-- This site is optimized with the Yoast SEO plugin v27.4 - https:\/\/yoast.com\/product\/yoast-seo-wordpress\/ -->\n<title>Parfum - Alkyres 70mL - Elixar<\/title>\n<meta name=\"robots\" content=\"index, follow, max-snippet:-1, max-image-preview:large, max-video-preview:-1\" \/>\n<link rel=\"canonical\" href=\"https:\/\/elixar.it\/fr\/product\/perfume-alkyres-70ml\/\" \/>\n<meta property=\"og:locale\" content=\"fr_FR\" \/>\n<meta property=\"og:type\" content=\"article\" \/>\n<meta property=\"og:title\" content=\"Parfum - Alkyres 70mL - Elixar\" \/>\n<meta property=\"og:description\" content=\"L&#039;Esprit d&#039;ALKYRES repr\u00e9sente l&#039;ATTRACTION et la fusion de l&#039;aventure et du d\u00e9sir : un cocktail passionnant d&#039;\u00e9motions invitant \u00e0 la cr\u00e9ativit\u00e9. Le parfum d&#039;Alkyres est un concentr\u00e9 d&#039;essences qui vous transportera, vous donnera l&#039;occasion d&#039;oser et de d\u00e9couvrir de nouveaux horizons.\" \/>\n<meta property=\"og:url\" content=\"https:\/\/elixar.it\/fr\/product\/perfume-alkyres-70ml\/\" \/>\n<meta property=\"og:site_name\" content=\"Elixar\" \/>\n<meta property=\"article:modified_time\" content=\"2026-04-02T09:41:49+00:00\" \/>\n<meta property=\"og:image\" content=\"https:\/\/i0.wp.com\/elixar.it\/wp-content\/uploads\/2024\/01\/Symbol-cu-Perfume-Spirit-Alkyres-Bat-Wings.png?fit=600%2C600&ssl=1\" \/>\n\t<meta property=\"og:image:width\" content=\"600\" \/>\n\t<meta property=\"og:image:height\" content=\"600\" \/>\n\t<meta property=\"og:image:type\" content=\"image\/png\" \/>\n<meta name=\"twitter:card\" content=\"summary_large_image\" \/>\n<meta name=\"twitter:label1\" content=\"Dur\u00e9e de lecture estim\u00e9e\" \/>\n\t<meta name=\"twitter:data1\" content=\"2 minutes\" \/>\n<script type=\"application\/ld+json\" class=\"yoast-schema-graph\">{\"@context\":\"https:\\\/\\\/schema.org\",\"@graph\":[{\"@type\":\"WebPage\",\"@id\":\"https:\\\/\\\/elixar.it\\\/fr\\\/product\\\/perfume-alkyres-70ml\\\/\",\"url\":\"https:\\\/\\\/elixar.it\\\/fr\\\/product\\\/perfume-alkyres-70ml\\\/\",\"name\":\"Parfum - Alkyres 70mL - Elixar\",\"isPartOf\":{\"@id\":\"https:\\\/\\\/elixar.it\\\/fr\\\/#website\"},\"primaryImageOfPage\":{\"@id\":\"https:\\\/\\\/elixar.it\\\/fr\\\/product\\\/perfume-alkyres-70ml\\\/#primaryimage\"},\"image\":{\"@id\":\"https:\\\/\\\/elixar.it\\\/fr\\\/product\\\/perfume-alkyres-70ml\\\/#primaryimage\"},\"thumbnailUrl\":\"https:\\\/\\\/i0.wp.com\\\/elixar.it\\\/wp-content\\\/uploads\\\/2024\\\/01\\\/Symbol-cu-Perfume-Spirit-Alkyres-Bat-Wings.png?fit=600%2C600&ssl=1\",\"datePublished\":\"2024-01-07T00:36:30+00:00\",\"dateModified\":\"2026-04-02T09:41:49+00:00\",\"breadcrumb\":{\"@id\":\"https:\\\/\\\/elixar.it\\\/fr\\\/product\\\/perfume-alkyres-70ml\\\/#breadcrumb\"},\"inLanguage\":\"fr-FR\",\"potentialAction\":[{\"@type\":\"ReadAction\",\"target\":[\"https:\\\/\\\/elixar.it\\\/fr\\\/product\\\/perfume-alkyres-70ml\\\/\"]}]},{\"@type\":\"ImageObject\",\"inLanguage\":\"fr-FR\",\"@id\":\"https:\\\/\\\/elixar.it\\\/fr\\\/product\\\/perfume-alkyres-70ml\\\/#primaryimage\",\"url\":\"https:\\\/\\\/i0.wp.com\\\/elixar.it\\\/wp-content\\\/uploads\\\/2024\\\/01\\\/Symbol-cu-Perfume-Spirit-Alkyres-Bat-Wings.png?fit=600%2C600&ssl=1\",\"contentUrl\":\"https:\\\/\\\/i0.wp.com\\\/elixar.it\\\/wp-content\\\/uploads\\\/2024\\\/01\\\/Symbol-cu-Perfume-Spirit-Alkyres-Bat-Wings.png?fit=600%2C600&ssl=1\",\"width\":600,\"height\":600},{\"@type\":\"BreadcrumbList\",\"@id\":\"https:\\\/\\\/elixar.it\\\/fr\\\/product\\\/perfume-alkyres-70ml\\\/#breadcrumb\",\"itemListElement\":[{\"@type\":\"ListItem\",\"position\":1,\"name\":\"Home\",\"item\":\"https:\\\/\\\/elixar.it\\\/fr\\\/\"},{\"@type\":\"ListItem\",\"position\":2,\"name\":\"Boutique\",\"item\":\"https:\\\/\\\/elixar.it\\\/fr\\\/shop\\\/\"},{\"@type\":\"ListItem\",\"position\":3,\"name\":\"Parfum &#8211; Alkyres 70mL\"}]},{\"@type\":\"WebSite\",\"@id\":\"https:\\\/\\\/elixar.it\\\/fr\\\/#website\",\"url\":\"https:\\\/\\\/elixar.it\\\/fr\\\/\",\"name\":\"Elixar\",\"description\":\"activate your senses and shine\",\"publisher\":{\"@id\":\"https:\\\/\\\/elixar.it\\\/fr\\\/#organization\"},\"potentialAction\":[{\"@type\":\"SearchAction\",\"target\":{\"@type\":\"EntryPoint\",\"urlTemplate\":\"https:\\\/\\\/elixar.it\\\/fr\\\/?s={search_term_string}\"},\"query-input\":{\"@type\":\"PropertyValueSpecification\",\"valueRequired\":true,\"valueName\":\"search_term_string\"}}],\"inLanguage\":\"fr-FR\"},{\"@type\":\"Organization\",\"@id\":\"https:\\\/\\\/elixar.it\\\/fr\\\/#organization\",\"name\":\"Elixar\",\"url\":\"https:\\\/\\\/elixar.it\\\/fr\\\/\",\"logo\":{\"@type\":\"ImageObject\",\"inLanguage\":\"fr-FR\",\"@id\":\"https:\\\/\\\/elixar.it\\\/fr\\\/#\\\/schema\\\/logo\\\/image\\\/\",\"url\":\"https:\\\/\\\/i0.wp.com\\\/elixar.it\\\/wp-content\\\/uploads\\\/2025\\\/10\\\/Color-logo-no-flame-no-background-L-Copy.png?fit=2592%2C1267&ssl=1\",\"contentUrl\":\"https:\\\/\\\/i0.wp.com\\\/elixar.it\\\/wp-content\\\/uploads\\\/2025\\\/10\\\/Color-logo-no-flame-no-background-L-Copy.png?fit=2592%2C1267&ssl=1\",\"width\":2592,\"height\":1267,\"caption\":\"Elixar\"},\"image\":{\"@id\":\"https:\\\/\\\/elixar.it\\\/fr\\\/#\\\/schema\\\/logo\\\/image\\\/\"}}]}<\/script>\n<!-- \/ Yoast SEO plugin. -->","yoast_head_json":{"title":"Parfum - Alkyres 70mL - Elixar","robots":{"index":"index","follow":"follow","max-snippet":"max-snippet:-1","max-image-preview":"max-image-preview:large","max-video-preview":"max-video-preview:-1"},"canonical":"https:\/\/elixar.it\/fr\/product\/perfume-alkyres-70ml\/","og_locale":"fr_FR","og_type":"article","og_title":"Parfum - Alkyres 70mL - Elixar","og_description":"L'Esprit d'ALKYRES repr\u00e9sente l'ATTRACTION et la fusion de l'aventure et du d\u00e9sir : un cocktail passionnant d'\u00e9motions invitant \u00e0 la cr\u00e9ativit\u00e9. Le parfum d'Alkyres est un concentr\u00e9 d'essences qui vous transportera, vous donnera l'occasion d'oser et de d\u00e9couvrir de nouveaux horizons.","og_url":"https:\/\/elixar.it\/fr\/product\/perfume-alkyres-70ml\/","og_site_name":"Elixar","article_modified_time":"2026-04-02T09:41:49+00:00","og_image":[{"width":600,"height":600,"url":"https:\/\/i0.wp.com\/elixar.it\/wp-content\/uploads\/2024\/01\/Symbol-cu-Perfume-Spirit-Alkyres-Bat-Wings.png?fit=600%2C600&ssl=1","type":"image\/png"}],"twitter_card":"summary_large_image","twitter_misc":{"Dur\u00e9e de lecture estim\u00e9e":"2 minutes"},"schema":{"@context":"https:\/\/schema.org","@graph":[{"@type":"WebPage","@id":"https:\/\/elixar.it\/fr\/product\/perfume-alkyres-70ml\/","url":"https:\/\/elixar.it\/fr\/product\/perfume-alkyres-70ml\/","name":"Parfum - Alkyres 70mL - Elixar","isPartOf":{"@id":"https:\/\/elixar.it\/fr\/#website"},"primaryImageOfPage":{"@id":"https:\/\/elixar.it\/fr\/product\/perfume-alkyres-70ml\/#primaryimage"},"image":{"@id":"https:\/\/elixar.it\/fr\/product\/perfume-alkyres-70ml\/#primaryimage"},"thumbnailUrl":"https:\/\/i0.wp.com\/elixar.it\/wp-content\/uploads\/2024\/01\/Symbol-cu-Perfume-Spirit-Alkyres-Bat-Wings.png?fit=600%2C600&ssl=1","datePublished":"2024-01-07T00:36:30+00:00","dateModified":"2026-04-02T09:41:49+00:00","breadcrumb":{"@id":"https:\/\/elixar.it\/fr\/product\/perfume-alkyres-70ml\/#breadcrumb"},"inLanguage":"fr-FR","potentialAction":[{"@type":"ReadAction","target":["https:\/\/elixar.it\/fr\/product\/perfume-alkyres-70ml\/"]}]},{"@type":"ImageObject","inLanguage":"fr-FR","@id":"https:\/\/elixar.it\/fr\/product\/perfume-alkyres-70ml\/#primaryimage","url":"https:\/\/i0.wp.com\/elixar.it\/wp-content\/uploads\/2024\/01\/Symbol-cu-Perfume-Spirit-Alkyres-Bat-Wings.png?fit=600%2C600&ssl=1","contentUrl":"https:\/\/i0.wp.com\/elixar.it\/wp-content\/uploads\/2024\/01\/Symbol-cu-Perfume-Spirit-Alkyres-Bat-Wings.png?fit=600%2C600&ssl=1","width":600,"height":600},{"@type":"BreadcrumbList","@id":"https:\/\/elixar.it\/fr\/product\/perfume-alkyres-70ml\/#breadcrumb","itemListElement":[{"@type":"ListItem","position":1,"name":"Home","item":"https:\/\/elixar.it\/fr\/"},{"@type":"ListItem","position":2,"name":"Boutique","item":"https:\/\/elixar.it\/fr\/shop\/"},{"@type":"ListItem","position":3,"name":"Parfum &#8211; Alkyres 70mL"}]},{"@type":"WebSite","@id":"https:\/\/elixar.it\/fr\/#website","url":"https:\/\/elixar.it\/fr\/","name":"Elixar","description":"activate your senses and shine","publisher":{"@id":"https:\/\/elixar.it\/fr\/#organization"},"potentialAction":[{"@type":"SearchAction","target":{"@type":"EntryPoint","urlTemplate":"https:\/\/elixar.it\/fr\/?s={search_term_string}"},"query-input":{"@type":"PropertyValueSpecification","valueRequired":true,"valueName":"search_term_string"}}],"inLanguage":"fr-FR"},{"@type":"Organization","@id":"https:\/\/elixar.it\/fr\/#organization","name":"Elixar","url":"https:\/\/elixar.it\/fr\/","logo":{"@type":"ImageObject","inLanguage":"fr-FR","@id":"https:\/\/elixar.it\/fr\/#\/schema\/logo\/image\/","url":"https:\/\/i0.wp.com\/elixar.it\/wp-content\/uploads\/2025\/10\/Color-logo-no-flame-no-background-L-Copy.png?fit=2592%2C1267&ssl=1","contentUrl":"https:\/\/i0.wp.com\/elixar.it\/wp-content\/uploads\/2025\/10\/Color-logo-no-flame-no-background-L-Copy.png?fit=2592%2C1267&ssl=1","width":2592,"height":1267,"caption":"Elixar"},"image":{"@id":"https:\/\/elixar.it\/fr\/#\/schema\/logo\/image\/"}}]}},"jetpack_publicize_connections":[],"jetpack_sharing_enabled":true,"jetpack_likes_enabled":true,"jetpack-related-posts":[],"_links":{"self":[{"href":"https:\/\/elixar.it\/fr\/wp-json\/wp\/v2\/product\/8314","targetHints":{"allow":["GET"]}}],"collection":[{"href":"https:\/\/elixar.it\/fr\/wp-json\/wp\/v2\/product"}],"about":[{"href":"https:\/\/elixar.it\/fr\/wp-json\/wp\/v2\/types\/product"}],"replies":[{"embeddable":true,"href":"https:\/\/elixar.it\/fr\/wp-json\/wp\/v2\/comments?post=8314"}],"wp:featuredmedia":[{"embeddable":true,"href":"https:\/\/elixar.it\/fr\/wp-json\/wp\/v2\/media\/12426"}],"wp:attachment":[{"href":"https:\/\/elixar.it\/fr\/wp-json\/wp\/v2\/media?parent=8314"}],"wp:term":[{"taxonomy":"product_brand","embeddable":true,"href":"https:\/\/elixar.it\/fr\/wp-json\/wp\/v2\/product_brand?post=8314"},{"taxonomy":"product_cat","embeddable":true,"href":"https:\/\/elixar.it\/fr\/wp-json\/wp\/v2\/product_cat?post=8314"},{"taxonomy":"product_tag","embeddable":true,"href":"https:\/\/elixar.it\/fr\/wp-json\/wp\/v2\/product_tag?post=8314"}],"curies":[{"name":"wp","href":"https:\/\/api.w.org\/{rel}","templated":true}]}}