{"id":8317,"date":"2024-01-07T01:43:32","date_gmt":"2024-01-07T00:43:32","guid":{"rendered":"https:\/\/elixar.it\/product\/perfume-zahemi-70ml\/"},"modified":"2025-10-20T16:22:31","modified_gmt":"2025-10-20T14:22:31","slug":"perfume-zahemi-70ml","status":"publish","type":"product","link":"https:\/\/elixar.it\/fr\/product\/perfume-zahemi-70ml\/","title":{"rendered":"Parfum &#8211; Zahemi 70mL"},"content":{"rendered":"<p style=\"margin: 0in; font-family: Calibri; font-size: 14.0pt;\"><span style=\"font-weight: bold; text-decoration: underline;\">L&rsquo;esprit de notre muse \u00ab\u00a0Zahemi\u00a0\u00bb<\/span><\/p>\n<p style=\"margin: 0in; font-family: Calibri; font-size: 14.0pt;\">Atteignez un point focal aiguis\u00e9. L&rsquo;esprit de Zahemi apporte la force invisible de la paix int\u00e9rieure. C&rsquo;est la diff\u00e9rence subtile qui vous donne l&rsquo;avantage et qui amorce les moments gagnants\u2026 Zahemi, c&rsquo;est l&rsquo;agilit\u00e9, la pr\u00e9cision et l&rsquo;\u00e9quilibre.<\/p>\n<p>&nbsp;<\/p>\n<p style=\"margin: 0in; font-family: Calibri; font-size: 14.0pt;\"><span style=\"font-weight: bold; text-decoration: underline;\">Le flacon de Zahemi<\/span><\/p>\n<p style=\"margin: 0in; font-family: Calibri; font-size: 14.0pt;\">L&rsquo;Extrait de Parfum \u00ab\u00a0Spirit of Zahemi\u00a0\u00bb est contenu dans son flacon en forme de fiole de verre recouverte d&rsquo;un rev\u00eatement turquoise \u00e0 la texture velout\u00e9e. La sensation tactile de ce flacon sp\u00e9cial sur vos doigts est comme si vous teniez une p\u00eache ferme et sentiez simultan\u00e9ment une peau d\u00e9licate recouvrant un noyau tonique. Cette forme, cette texture et cette couleur repr\u00e9sentent la magie de l&rsquo;\u00e9lan tranchant de Zahemi. Le pulv\u00e9risateur est recouvert d&rsquo;un boucon miroir nacr\u00e9 noir qui repr\u00e9sente le pouvoir de refl\u00e9ter et de d\u00e9voiler nos propres forces cach\u00e9es.<\/p>\n<p>&nbsp;<\/p>\n<p style=\"margin: 0in; font-family: Calibri; font-size: 14.0pt;\"><span style=\"font-weight: bold; text-decoration: underline;\">La signature olfactive de Zahemi<\/span><\/p>\n<p style=\"margin: 0in; font-family: Calibri; font-size: 14.0pt;\">Zahemi est aiguis\u00e9e d&rsquo;un zeste musqu\u00e9. Son corps d&rsquo;agrume anguleux et son enveloppe min\u00e9rale mettent l&rsquo;accent. Le n\u00e9roli apporte le parfait caract\u00e8re agrumes et bois soulignant avec fermet\u00e9 un zeste p\u00e9n\u00e9trant. Associ\u00e9 \u00e0 l&rsquo;encens, ce cocktail aromatique brillant est comme le mouvement d&rsquo;une lame dans l&rsquo;air qui r\u00e9sonne dans vos oreilles et d\u00e9clenche l&rsquo;\u00e9veil dans tout le corps d&rsquo;une pr\u00e9sence fraiche et pure r\u00e9sonant le sillage du musc blanc.<\/p>\n<p style=\"margin: 0in; font-family: Calibri; font-size: 14.0pt;\">Sur votre peau, Zahemi vous rendra frais et alerte. Il d\u00e9crira votre agilit\u00e9 \u00e0 pivoter et \u00e0 se r\u00e9ceptioner physiquement et mentalement.<\/p>\n<p>&nbsp;<\/p>\n<p style=\"margin: 0in; font-family: Calibri; font-size: 14.0pt;\"><span style=\"font-weight: bold; text-decoration: underline;\">La pyramide olfactive de Zahemi<\/span><\/p>\n<p style=\"margin: 0in; font-family: Calibri; font-size: 14.0pt;\">NOTES DE T\u00caTE : litsea cubeba, romarin, p\u00eache, brume aquatique, touche ald\u00e9hydique, noix de coco, gingembre, bergamote<\/p>\n<p style=\"margin: 0in; font-family: Calibri; font-size: 14.0pt;\">NOTES DE C\u0152UR : lys, muguet, gard\u00e9nia, petitgraine<\/p>\n<p style=\"margin: 0in; font-family: Calibri; font-size: 14.0pt;\">NOTES DE FOND : ambre, vanille, mousse, patchouly, ambre gris, musc blanc, v\u00e9tiver, bois doux, encens<\/p>\n<p>&nbsp;<\/p>\n<p style=\"margin: 0in; font-family: Calibri; font-size: 14.0pt;\"><span style=\"font-style: italic;\">70 mL d&rsquo;\u00e9motions liquides<\/span><\/p>\n<p style=\"margin: 0in; font-family: Calibri; font-size: 14.0pt;\"><span style=\"font-style: italic;\">cr\u00e9\u00e9 par Elixar Perfumes<\/span><\/p>\n<p style=\"margin: 0in; font-family: Calibri; font-size: 14.0pt;\"><span style=\"font-style: italic;\">Made in Italy<\/span><\/p>\n<p>&nbsp;<\/p>\n<p>&nbsp;<\/p>\n<p>&nbsp;<\/p>\n<p>&nbsp;<\/p>\n<p><strong><u>Informations sur l&rsquo;\u00e9tiquette :<\/u><\/strong><\/p>\n<p>Extrait de Parfum <em>\u00ab Zahemi \u00bb<\/em><\/p>\n<p>70 mL \/ 2.37 fl.oz P\u00e9riode Apr\u00e8s Ouverture (PAO) 36 mois<\/p>\n<p><strong>INGREDIENTS:<\/strong> TETRAMETHYL ACETYLOCTAHYDRONAPHTHALENES, LINALYL ACETATE, HEXAMETHYLINDANOPYRAN, PINENE, LIMONENE, CITRUS AURANTIUM, LINALOOL, CITRAL, BENZYL SALICYLATE, HYDROXYCITRONELLAL, BETA-CARYOPHYLLENE, GERANYL ACETATE, GERANIOL, TERPINEOL, LAVANDULA OIL \/ EXTRACT, TERPINOLENE, CITRONELLOL, CAMPHOR, CARVONE<\/p>\n<p>&nbsp;<\/p>\n<p><strong>Indications d&rsquo;utilisation et mises en garde potentielles :<\/strong> Utilisation topique, \u00e9viter tout contact avec les yeux et les muqueuses. Produit inflammable.<\/p>\n<p><strong>Contact:<\/strong> Elixar SRL &#8211; 24010 Ponteranica (BG) Italy \u2013 <a href=\"mailto:info@elixar.it\">info@elixar.it<\/a> \u2013 Tel +39 375 587 2203<\/p>\n<p><strong>Raccolta differenziata:<\/strong> Verifica le disposizioni del tuo Comune [Scatola: PAP22 \/ Tappo: Zamac \/ Flacone: GL70]<\/p>\n<p><strong>Num\u00e9ro de lot:<\/strong> voir sur l&#8217;emballage<\/p>\n","protected":false},"excerpt":{"rendered":"<p>L&rsquo;Esprit de ZAHEMI repr\u00e9sente l&rsquo;AGILIT\u00c9 et le couplage de la paix int\u00e9rieure avec la fluidit\u00e9 du mouvement : Une \u00e9nergie tranquille mais vive et rapide. Le parfum de Zahemi est un concentr\u00e9 d&rsquo;essences qui recouvrent votre peau d&rsquo;une signature d\u00e9licate mais affirm\u00e9e. Il vous apportera l&rsquo;\u00e9quilibre pour rester concentr\u00e9 et atteindre vos objectifs avec pr\u00e9cision.<\/p>\n","protected":false},"featured_media":12402,"comment_status":"open","ping_status":"closed","template":"","meta":{"_crdt_document":"","jetpack_publicize_message":"","jetpack_publicize_feature_enabled":true,"jetpack_social_post_already_shared":true,"jetpack_social_options":{"image_generator_settings":{"template":"highway","default_image_id":0,"font":"","enabled":false},"version":2},"_wpas_customize_per_network":false},"product_brand":[1934],"product_cat":[1574,1601,1941],"product_tag":[],"class_list":{"0":"post-8317","1":"product","2":"type-product","3":"status-publish","4":"has-post-thumbnail","6":"product_brand-elixar-life-fr","7":"product_cat-concentre","8":"product_cat-parfums-fr","9":"product_cat-zahemi-fr","10":"product_shipping_class-compact-flammable-fr","12":"first","13":"instock","14":"taxable","15":"shipping-taxable","16":"purchasable","17":"product-type-simple"},"bundled_by":[],"bundle_stock_status":"instock","bundle_stock_quantity":29,"bundle_virtual":false,"bundle_layout":"","bundle_add_to_cart_form_location":"","bundle_editable_in_cart":false,"bundle_sold_individually_context":"","bundle_item_grouping":"","bundle_min_size":"","bundle_max_size":"","bundle_price":[],"bundled_items":[],"bundle_sell_ids":[],"group_of_quantity":0,"min_quantity":0,"max_quantity":"","exclude_order_quantity_value_rules":"no","exclude_category_quantity_rules":"no","combine_variations":"no","exclude_global_add_ons":[],"addons":[],"yoast_head":"<!-- This site is optimized with the Yoast SEO plugin v27.4 - https:\/\/yoast.com\/product\/yoast-seo-wordpress\/ -->\n<title>Parfum - Zahemi 70mL - Elixar<\/title>\n<meta name=\"robots\" content=\"index, follow, max-snippet:-1, max-image-preview:large, max-video-preview:-1\" \/>\n<link rel=\"canonical\" href=\"https:\/\/elixar.it\/fr\/product\/perfume-zahemi-70ml\/\" \/>\n<meta property=\"og:locale\" content=\"fr_FR\" \/>\n<meta property=\"og:type\" content=\"article\" \/>\n<meta property=\"og:title\" content=\"Parfum - Zahemi 70mL - Elixar\" \/>\n<meta property=\"og:description\" content=\"L&#039;Esprit de ZAHEMI repr\u00e9sente l&#039;AGILIT\u00c9 et le couplage de la paix int\u00e9rieure avec la fluidit\u00e9 du mouvement : Une \u00e9nergie tranquille mais vive et rapide. Le parfum de Zahemi est un concentr\u00e9 d&#039;essences qui recouvrent votre peau d&#039;une signature d\u00e9licate mais affirm\u00e9e. Il vous apportera l&#039;\u00e9quilibre pour rester concentr\u00e9 et atteindre vos objectifs avec pr\u00e9cision.\" \/>\n<meta property=\"og:url\" content=\"https:\/\/elixar.it\/fr\/product\/perfume-zahemi-70ml\/\" \/>\n<meta property=\"og:site_name\" content=\"Elixar\" \/>\n<meta property=\"article:modified_time\" content=\"2025-10-20T14:22:31+00:00\" \/>\n<meta property=\"og:image\" content=\"https:\/\/i0.wp.com\/elixar.it\/wp-content\/uploads\/2024\/01\/Symbol-c-Perfume-Spirit-Zahemi-Diamond-Curls.png?fit=600%2C600&ssl=1\" \/>\n\t<meta property=\"og:image:width\" content=\"600\" \/>\n\t<meta property=\"og:image:height\" content=\"600\" \/>\n\t<meta property=\"og:image:type\" content=\"image\/png\" \/>\n<meta name=\"twitter:card\" content=\"summary_large_image\" \/>\n<meta name=\"twitter:label1\" content=\"Dur\u00e9e de lecture estim\u00e9e\" \/>\n\t<meta name=\"twitter:data1\" content=\"2 minutes\" \/>\n<script type=\"application\/ld+json\" class=\"yoast-schema-graph\">{\"@context\":\"https:\\\/\\\/schema.org\",\"@graph\":[{\"@type\":\"WebPage\",\"@id\":\"https:\\\/\\\/elixar.it\\\/fr\\\/product\\\/perfume-zahemi-70ml\\\/\",\"url\":\"https:\\\/\\\/elixar.it\\\/fr\\\/product\\\/perfume-zahemi-70ml\\\/\",\"name\":\"Parfum - Zahemi 70mL - Elixar\",\"isPartOf\":{\"@id\":\"https:\\\/\\\/elixar.it\\\/fr\\\/#website\"},\"primaryImageOfPage\":{\"@id\":\"https:\\\/\\\/elixar.it\\\/fr\\\/product\\\/perfume-zahemi-70ml\\\/#primaryimage\"},\"image\":{\"@id\":\"https:\\\/\\\/elixar.it\\\/fr\\\/product\\\/perfume-zahemi-70ml\\\/#primaryimage\"},\"thumbnailUrl\":\"https:\\\/\\\/i0.wp.com\\\/elixar.it\\\/wp-content\\\/uploads\\\/2024\\\/01\\\/Symbol-c-Perfume-Spirit-Zahemi-Diamond-Curls.png?fit=600%2C600&ssl=1\",\"datePublished\":\"2024-01-07T00:43:32+00:00\",\"dateModified\":\"2025-10-20T14:22:31+00:00\",\"breadcrumb\":{\"@id\":\"https:\\\/\\\/elixar.it\\\/fr\\\/product\\\/perfume-zahemi-70ml\\\/#breadcrumb\"},\"inLanguage\":\"fr-FR\",\"potentialAction\":[{\"@type\":\"ReadAction\",\"target\":[\"https:\\\/\\\/elixar.it\\\/fr\\\/product\\\/perfume-zahemi-70ml\\\/\"]}]},{\"@type\":\"ImageObject\",\"inLanguage\":\"fr-FR\",\"@id\":\"https:\\\/\\\/elixar.it\\\/fr\\\/product\\\/perfume-zahemi-70ml\\\/#primaryimage\",\"url\":\"https:\\\/\\\/i0.wp.com\\\/elixar.it\\\/wp-content\\\/uploads\\\/2024\\\/01\\\/Symbol-c-Perfume-Spirit-Zahemi-Diamond-Curls.png?fit=600%2C600&ssl=1\",\"contentUrl\":\"https:\\\/\\\/i0.wp.com\\\/elixar.it\\\/wp-content\\\/uploads\\\/2024\\\/01\\\/Symbol-c-Perfume-Spirit-Zahemi-Diamond-Curls.png?fit=600%2C600&ssl=1\",\"width\":600,\"height\":600},{\"@type\":\"BreadcrumbList\",\"@id\":\"https:\\\/\\\/elixar.it\\\/fr\\\/product\\\/perfume-zahemi-70ml\\\/#breadcrumb\",\"itemListElement\":[{\"@type\":\"ListItem\",\"position\":1,\"name\":\"Home\",\"item\":\"https:\\\/\\\/elixar.it\\\/fr\\\/\"},{\"@type\":\"ListItem\",\"position\":2,\"name\":\"Boutique\",\"item\":\"https:\\\/\\\/elixar.it\\\/fr\\\/shop\\\/\"},{\"@type\":\"ListItem\",\"position\":3,\"name\":\"Parfum &#8211; Zahemi 70mL\"}]},{\"@type\":\"WebSite\",\"@id\":\"https:\\\/\\\/elixar.it\\\/fr\\\/#website\",\"url\":\"https:\\\/\\\/elixar.it\\\/fr\\\/\",\"name\":\"Elixar\",\"description\":\"activate your senses and shine\",\"publisher\":{\"@id\":\"https:\\\/\\\/elixar.it\\\/fr\\\/#organization\"},\"potentialAction\":[{\"@type\":\"SearchAction\",\"target\":{\"@type\":\"EntryPoint\",\"urlTemplate\":\"https:\\\/\\\/elixar.it\\\/fr\\\/?s={search_term_string}\"},\"query-input\":{\"@type\":\"PropertyValueSpecification\",\"valueRequired\":true,\"valueName\":\"search_term_string\"}}],\"inLanguage\":\"fr-FR\"},{\"@type\":\"Organization\",\"@id\":\"https:\\\/\\\/elixar.it\\\/fr\\\/#organization\",\"name\":\"Elixar\",\"url\":\"https:\\\/\\\/elixar.it\\\/fr\\\/\",\"logo\":{\"@type\":\"ImageObject\",\"inLanguage\":\"fr-FR\",\"@id\":\"https:\\\/\\\/elixar.it\\\/fr\\\/#\\\/schema\\\/logo\\\/image\\\/\",\"url\":\"https:\\\/\\\/i0.wp.com\\\/elixar.it\\\/wp-content\\\/uploads\\\/2025\\\/10\\\/Color-logo-no-flame-no-background-L-Copy.png?fit=2592%2C1267&ssl=1\",\"contentUrl\":\"https:\\\/\\\/i0.wp.com\\\/elixar.it\\\/wp-content\\\/uploads\\\/2025\\\/10\\\/Color-logo-no-flame-no-background-L-Copy.png?fit=2592%2C1267&ssl=1\",\"width\":2592,\"height\":1267,\"caption\":\"Elixar\"},\"image\":{\"@id\":\"https:\\\/\\\/elixar.it\\\/fr\\\/#\\\/schema\\\/logo\\\/image\\\/\"}}]}<\/script>\n<!-- \/ Yoast SEO plugin. -->","yoast_head_json":{"title":"Parfum - Zahemi 70mL - Elixar","robots":{"index":"index","follow":"follow","max-snippet":"max-snippet:-1","max-image-preview":"max-image-preview:large","max-video-preview":"max-video-preview:-1"},"canonical":"https:\/\/elixar.it\/fr\/product\/perfume-zahemi-70ml\/","og_locale":"fr_FR","og_type":"article","og_title":"Parfum - Zahemi 70mL - Elixar","og_description":"L'Esprit de ZAHEMI repr\u00e9sente l'AGILIT\u00c9 et le couplage de la paix int\u00e9rieure avec la fluidit\u00e9 du mouvement : Une \u00e9nergie tranquille mais vive et rapide. Le parfum de Zahemi est un concentr\u00e9 d'essences qui recouvrent votre peau d'une signature d\u00e9licate mais affirm\u00e9e. Il vous apportera l'\u00e9quilibre pour rester concentr\u00e9 et atteindre vos objectifs avec pr\u00e9cision.","og_url":"https:\/\/elixar.it\/fr\/product\/perfume-zahemi-70ml\/","og_site_name":"Elixar","article_modified_time":"2025-10-20T14:22:31+00:00","og_image":[{"width":600,"height":600,"url":"https:\/\/i0.wp.com\/elixar.it\/wp-content\/uploads\/2024\/01\/Symbol-c-Perfume-Spirit-Zahemi-Diamond-Curls.png?fit=600%2C600&ssl=1","type":"image\/png"}],"twitter_card":"summary_large_image","twitter_misc":{"Dur\u00e9e de lecture estim\u00e9e":"2 minutes"},"schema":{"@context":"https:\/\/schema.org","@graph":[{"@type":"WebPage","@id":"https:\/\/elixar.it\/fr\/product\/perfume-zahemi-70ml\/","url":"https:\/\/elixar.it\/fr\/product\/perfume-zahemi-70ml\/","name":"Parfum - Zahemi 70mL - Elixar","isPartOf":{"@id":"https:\/\/elixar.it\/fr\/#website"},"primaryImageOfPage":{"@id":"https:\/\/elixar.it\/fr\/product\/perfume-zahemi-70ml\/#primaryimage"},"image":{"@id":"https:\/\/elixar.it\/fr\/product\/perfume-zahemi-70ml\/#primaryimage"},"thumbnailUrl":"https:\/\/i0.wp.com\/elixar.it\/wp-content\/uploads\/2024\/01\/Symbol-c-Perfume-Spirit-Zahemi-Diamond-Curls.png?fit=600%2C600&ssl=1","datePublished":"2024-01-07T00:43:32+00:00","dateModified":"2025-10-20T14:22:31+00:00","breadcrumb":{"@id":"https:\/\/elixar.it\/fr\/product\/perfume-zahemi-70ml\/#breadcrumb"},"inLanguage":"fr-FR","potentialAction":[{"@type":"ReadAction","target":["https:\/\/elixar.it\/fr\/product\/perfume-zahemi-70ml\/"]}]},{"@type":"ImageObject","inLanguage":"fr-FR","@id":"https:\/\/elixar.it\/fr\/product\/perfume-zahemi-70ml\/#primaryimage","url":"https:\/\/i0.wp.com\/elixar.it\/wp-content\/uploads\/2024\/01\/Symbol-c-Perfume-Spirit-Zahemi-Diamond-Curls.png?fit=600%2C600&ssl=1","contentUrl":"https:\/\/i0.wp.com\/elixar.it\/wp-content\/uploads\/2024\/01\/Symbol-c-Perfume-Spirit-Zahemi-Diamond-Curls.png?fit=600%2C600&ssl=1","width":600,"height":600},{"@type":"BreadcrumbList","@id":"https:\/\/elixar.it\/fr\/product\/perfume-zahemi-70ml\/#breadcrumb","itemListElement":[{"@type":"ListItem","position":1,"name":"Home","item":"https:\/\/elixar.it\/fr\/"},{"@type":"ListItem","position":2,"name":"Boutique","item":"https:\/\/elixar.it\/fr\/shop\/"},{"@type":"ListItem","position":3,"name":"Parfum &#8211; Zahemi 70mL"}]},{"@type":"WebSite","@id":"https:\/\/elixar.it\/fr\/#website","url":"https:\/\/elixar.it\/fr\/","name":"Elixar","description":"activate your senses and shine","publisher":{"@id":"https:\/\/elixar.it\/fr\/#organization"},"potentialAction":[{"@type":"SearchAction","target":{"@type":"EntryPoint","urlTemplate":"https:\/\/elixar.it\/fr\/?s={search_term_string}"},"query-input":{"@type":"PropertyValueSpecification","valueRequired":true,"valueName":"search_term_string"}}],"inLanguage":"fr-FR"},{"@type":"Organization","@id":"https:\/\/elixar.it\/fr\/#organization","name":"Elixar","url":"https:\/\/elixar.it\/fr\/","logo":{"@type":"ImageObject","inLanguage":"fr-FR","@id":"https:\/\/elixar.it\/fr\/#\/schema\/logo\/image\/","url":"https:\/\/i0.wp.com\/elixar.it\/wp-content\/uploads\/2025\/10\/Color-logo-no-flame-no-background-L-Copy.png?fit=2592%2C1267&ssl=1","contentUrl":"https:\/\/i0.wp.com\/elixar.it\/wp-content\/uploads\/2025\/10\/Color-logo-no-flame-no-background-L-Copy.png?fit=2592%2C1267&ssl=1","width":2592,"height":1267,"caption":"Elixar"},"image":{"@id":"https:\/\/elixar.it\/fr\/#\/schema\/logo\/image\/"}}]}},"jetpack_publicize_connections":[],"jetpack_sharing_enabled":true,"jetpack_likes_enabled":true,"jetpack-related-posts":[],"_links":{"self":[{"href":"https:\/\/elixar.it\/fr\/wp-json\/wp\/v2\/product\/8317","targetHints":{"allow":["GET"]}}],"collection":[{"href":"https:\/\/elixar.it\/fr\/wp-json\/wp\/v2\/product"}],"about":[{"href":"https:\/\/elixar.it\/fr\/wp-json\/wp\/v2\/types\/product"}],"replies":[{"embeddable":true,"href":"https:\/\/elixar.it\/fr\/wp-json\/wp\/v2\/comments?post=8317"}],"wp:featuredmedia":[{"embeddable":true,"href":"https:\/\/elixar.it\/fr\/wp-json\/wp\/v2\/media\/12402"}],"wp:attachment":[{"href":"https:\/\/elixar.it\/fr\/wp-json\/wp\/v2\/media?parent=8317"}],"wp:term":[{"taxonomy":"product_brand","embeddable":true,"href":"https:\/\/elixar.it\/fr\/wp-json\/wp\/v2\/product_brand?post=8317"},{"taxonomy":"product_cat","embeddable":true,"href":"https:\/\/elixar.it\/fr\/wp-json\/wp\/v2\/product_cat?post=8317"},{"taxonomy":"product_tag","embeddable":true,"href":"https:\/\/elixar.it\/fr\/wp-json\/wp\/v2\/product_tag?post=8317"}],"curies":[{"name":"wp","href":"https:\/\/api.w.org\/{rel}","templated":true}]}}