{"id":8303,"date":"2024-01-07T01:40:52","date_gmt":"2024-01-07T00:40:52","guid":{"rendered":"https:\/\/elixar.it\/product\/perfume-qelia-70ml\/"},"modified":"2025-10-20T16:32:33","modified_gmt":"2025-10-20T14:32:33","slug":"perfume-qelia-70ml","status":"publish","type":"product","link":"https:\/\/elixar.it\/it\/product\/perfume-qelia-70ml\/","title":{"rendered":"Profumo &#8211; Qelia 70mL"},"content":{"rendered":"<p style=\"margin: 0in; font-family: Calibri; font-size: 14.0pt;\"><strong><span style=\"text-decoration: underline;\">Lo spirito della nostra musa &#8220;Qelia&#8221;<\/span><\/strong><\/p>\n<p style=\"margin: 0in; font-family: Calibri; font-size: 14.0pt;\">In una cavalcata inarrestabile&#8230; Come se terra, acqua, aria e fuoco fossero tuoi alleati, lo spirito di Qelia aiuta a superare se stessi e a condurre gli altri fino al traguardo\u2026 Qelia \u00e8 potenza, determinazione ed entusiasmo.<\/p>\n<p>&nbsp;<\/p>\n<p style=\"margin: 0in; font-family: Calibri; font-size: 14.0pt;\"><strong><span style=\"text-decoration: underline;\">La bottiglia di Qelia<\/span><\/strong><\/p>\n<p style=\"margin: 0in; font-family: Calibri; font-size: 14.0pt;\">L&#8217;Extrait de Parfum &#8220;Spirit of Qelia&#8221; \u00e8 racchiuso all&#8217;interno della sua bottiglia a forma di fiala realizzata in vetro rivestito di grigio con texture pietra. La sensazione tattile di questa speciale bottiglia nel palmo della mano \u00e8 come afferrare una roccia e iniziare la scalata di una scogliera. Questa forma, consistenza e colore rappresentano la magia della determinazione di Qelia. Lo spruzzatore \u00e8 ricoperto da un tappo specchio nero perlato che rappresenta il potere di riflettere e svelare i nostri punti di forza nascosti.<\/p>\n<p>&nbsp;<\/p>\n<p style=\"margin: 0in; font-family: Calibri; font-size: 14.0pt;\"><strong><span style=\"text-decoration: underline;\">La firma olfattiva di Qelia<\/span><\/strong><\/p>\n<p style=\"margin: 0in; font-family: Calibri; font-size: 14.0pt;\">Qelia \u00e8 profonda e affumicata. Il suo complesso corpo di cuoio e il suo deciso involucro speziato cattureranno chiunque si avvicini. Dalla rosa e dall&#8217;iris all&#8217;ylang e al narciso, le ricche voci floreali di Qelia riempiono l&#8217;aria come il canto profondo di un guerriero che racconta la storia di molti mondi. Lo zafferano e il lime sottili, come uno scudo, ricordano che il metallo e il minerale sono l&#8217;essenza di un&#8217;anima costruita per durare.<\/p>\n<p style=\"margin: 0in; font-family: Calibri; font-size: 14.0pt;\">Sulla tua pelle, Qelia ti far\u00e0 prendere in mano le redini del tuo destino. Descriver\u00e0 che non c&#8217;\u00e8 modo di tornare indietro, solo l&#8217;impeto di andare avanti per godersi ogni missione.<\/p>\n<p>&nbsp;<\/p>\n<p style=\"margin: 0in; font-family: Calibri; font-size: 14.0pt;\"><strong><span style=\"text-decoration: underline;\">La piramide olfattiva di Qelia<\/span><\/strong><\/p>\n<p style=\"margin: 0in; font-family: Calibri; font-size: 14.0pt;\">NOTE DI TESTA: lime\/zafferano\/cannella\/chiodi di garofano<\/p>\n<p style=\"margin: 0in; font-family: Calibri; font-size: 14.0pt;\">NOTE DI CUORE: iris \/ patchouly \/ ylang-ylang \/ anice \/ narciso \/ legno dolce \/ rosa<\/p>\n<p style=\"margin: 0in; font-family: Calibri; font-size: 14.0pt;\">NOTE DI FONDO: vaniglia\/tabacco\/fava tonka\/ambra grigia\/muschio bianco\/eliotropio\/legno di agar<\/p>\n<p>&nbsp;<\/p>\n<p style=\"margin: 0in; font-family: Calibri; font-size: 14.0pt;\"><span style=\"font-style: italic;\">70 ml di emozioni liquide<\/span><\/p>\n<p style=\"margin: 0in; font-family: Calibri; font-size: 14.0pt;\"><span style=\"font-style: italic;\">da Elixar Perfumes<\/span><\/p>\n<p style=\"margin: 0in; font-family: Calibri; font-size: 14.0pt;\"><span style=\"font-style: italic;\">Made in Italy<\/span><\/p>\n<p>&nbsp;<\/p>\n<p>&nbsp;<\/p>\n<p>&nbsp;<\/p>\n<p><strong><u>Informazioni sull&#8217;etichetta:<\/u><\/strong><\/p>\n<p>Extrait de Parfum <em>\u00ab Qelia \u00bb<\/em><\/p>\n<p>70 mL \/ 2.37 fl.oz Periodo Post Apertura (PAO) 36 mese<\/p>\n<p><strong>INGREDIENTS:<\/strong> ALCOHOL DENAT., PARFUM, TETRAMETHYL ACETYLOCTAHYDRONAPHTHALENES, VANILLIN, BENZYL BENZOATE, BENZYL ALCOHOL, HEXAMETHYLINDANOPYRAN, TRIMETHYLBENZENEPROPANOL, COUMARIN, EUGENOL, LIMONENE, EUGENIA CARYOPHYLLUS OIL, LINALOOL, CITRUS LIMON PEEL OIL, CITRUS AURANTIUM PEEL OIL, BETA-CARYOPHYLLENE, ANETHOLE, PINENE, CANANGA ODORATA OIL\/EXTRACT, CINNAMOMUM ZEYLANICUM BARK OIL, EUGENYL ACETATE, CINNAMAL, ROSE KETONES, CITRAL, BENZYL CINNAMATE, CINNAMYL ALCOHOL, GERANYL ACETATE, GERANIOL, CAMPHOR, NARCISSUS EXTRACT, TERPINEOL, ISOEUGENOL, TERPINOLENE, FARNESOL, BENZYL SALICYLATE, BENZALDEHYDE<\/p>\n<p><strong>Indicazioni per l&#8217;uso e potenziali avvertenze:<\/strong> Uso topico, evitare il contatto con occhi e mucose. Prodotto infiammabile.<\/p>\n<p><strong>Contactto:<\/strong> Elixar SRL &#8211; 24010 Ponteranica (BG) Italy \u2013 <a href=\"mailto:info@elixar.it\">info@elixar.it<\/a> \u2013 Tel +39 375 587 2203<\/p>\n<p><strong>Raccolta differenziata:<\/strong> Verifica le disposizioni del tuo Comune [Scatola: PAP22 \/ Tappo: Zamac \/ Flacone: GL70]<\/p>\n<p><strong>Lotto:<\/strong> vedere sulla confezione<\/p>\n","protected":false},"excerpt":{"rendered":"<p>Lo Spirito di QELIA rappresenta il POTERE e la combinazione dei 4 elementi: Acqua, Terra, Fuoco e Aria. Indossare la forza degli elementi sulla tua pelle ti d\u00e0 la spinta per affrontare gli ostacoli. Il profumo di Qelia \u00e8 un concentrato di essenze che aumenteranno la tua energia e ti ispireranno a rimanere forte.<\/p>\n","protected":false},"featured_media":12422,"comment_status":"open","ping_status":"closed","template":"","meta":{"_crdt_document":"","jetpack_post_was_ever_published":false,"jetpack_publicize_message":"","jetpack_publicize_feature_enabled":true,"jetpack_social_post_already_shared":true,"jetpack_social_options":{"image_generator_settings":{"template":"highway","default_image_id":0,"font":"","enabled":false},"version":2},"_wpas_customize_per_network":false},"product_brand":[1928],"product_cat":[1576,1569,1603,1605,1611,1929],"product_tag":[],"class_list":{"0":"post-8303","1":"product","2":"type-product","3":"status-publish","4":"has-post-thumbnail","6":"product_brand-elixar-life-it","7":"product_cat-focalizzato","8":"product_cat-potenziato","9":"product_cat-profumi","10":"product_cat-selvaggio","11":"product_cat-sereno","12":"product_cat-qelia-it","13":"product_shipping_class-compact-flammable-it","15":"first","16":"instock","17":"taxable","18":"shipping-taxable","19":"purchasable","20":"product-type-simple"},"bundled_by":[],"bundle_stock_status":"instock","bundle_stock_quantity":47,"bundle_virtual":false,"bundle_layout":"","bundle_add_to_cart_form_location":"","bundle_editable_in_cart":false,"bundle_sold_individually_context":"","bundle_item_grouping":"","bundle_min_size":"","bundle_max_size":"","bundle_price":[],"bundled_items":[],"bundle_sell_ids":[],"group_of_quantity":0,"min_quantity":0,"max_quantity":"","exclude_order_quantity_value_rules":"no","exclude_category_quantity_rules":"no","combine_variations":"no","exclude_global_add_ons":[],"addons":[],"yoast_head":"<!-- This site is optimized with the Yoast SEO plugin v27.1.1 - https:\/\/yoast.com\/product\/yoast-seo-wordpress\/ -->\n<title>Profumo - Qelia 70mL - Elixar<\/title>\n<meta name=\"robots\" content=\"index, follow, max-snippet:-1, max-image-preview:large, max-video-preview:-1\" \/>\n<link rel=\"canonical\" href=\"https:\/\/elixar.it\/it\/product\/perfume-qelia-70ml\/\" \/>\n<meta property=\"og:locale\" content=\"it_IT\" \/>\n<meta property=\"og:type\" content=\"article\" \/>\n<meta property=\"og:title\" content=\"Profumo - Qelia 70mL - Elixar\" \/>\n<meta property=\"og:description\" content=\"Lo Spirito di QELIA rappresenta il POTERE e la combinazione dei 4 elementi: Acqua, Terra, Fuoco e Aria. Indossare la forza degli elementi sulla tua pelle ti d\u00e0 la spinta per affrontare gli ostacoli. Il profumo di Qelia \u00e8 un concentrato di essenze che aumenteranno la tua energia e ti ispireranno a rimanere forte.\" \/>\n<meta property=\"og:url\" content=\"https:\/\/elixar.it\/it\/product\/perfume-qelia-70ml\/\" \/>\n<meta property=\"og:site_name\" content=\"Elixar\" \/>\n<meta property=\"article:modified_time\" content=\"2025-10-20T14:32:33+00:00\" \/>\n<meta property=\"og:image\" content=\"https:\/\/i0.wp.com\/elixar.it\/wp-content\/uploads\/2024\/01\/Symbol-cr-Perfume-Spirit-Qelia-Tree-Spade.png?fit=600%2C600&ssl=1\" \/>\n\t<meta property=\"og:image:width\" content=\"600\" \/>\n\t<meta property=\"og:image:height\" content=\"600\" \/>\n\t<meta property=\"og:image:type\" content=\"image\/png\" \/>\n<meta name=\"twitter:card\" content=\"summary_large_image\" \/>\n<meta name=\"twitter:label1\" content=\"Tempo di lettura stimato\" \/>\n\t<meta name=\"twitter:data1\" content=\"2 minuti\" \/>\n<script type=\"application\/ld+json\" class=\"yoast-schema-graph\">{\"@context\":\"https:\/\/schema.org\",\"@graph\":[{\"@type\":\"WebPage\",\"@id\":\"https:\/\/elixar.it\/it\/product\/perfume-qelia-70ml\/\",\"url\":\"https:\/\/elixar.it\/it\/product\/perfume-qelia-70ml\/\",\"name\":\"Profumo - Qelia 70mL - Elixar\",\"isPartOf\":{\"@id\":\"https:\/\/elixar.it\/it\/#website\"},\"primaryImageOfPage\":{\"@id\":\"https:\/\/elixar.it\/it\/product\/perfume-qelia-70ml\/#primaryimage\"},\"image\":{\"@id\":\"https:\/\/elixar.it\/it\/product\/perfume-qelia-70ml\/#primaryimage\"},\"thumbnailUrl\":\"https:\/\/i0.wp.com\/elixar.it\/wp-content\/uploads\/2024\/01\/Symbol-cr-Perfume-Spirit-Qelia-Tree-Spade.png?fit=600%2C600&ssl=1\",\"datePublished\":\"2024-01-07T00:40:52+00:00\",\"dateModified\":\"2025-10-20T14:32:33+00:00\",\"breadcrumb\":{\"@id\":\"https:\/\/elixar.it\/it\/product\/perfume-qelia-70ml\/#breadcrumb\"},\"inLanguage\":\"it-IT\",\"potentialAction\":[{\"@type\":\"ReadAction\",\"target\":[\"https:\/\/elixar.it\/it\/product\/perfume-qelia-70ml\/\"]}]},{\"@type\":\"ImageObject\",\"inLanguage\":\"it-IT\",\"@id\":\"https:\/\/elixar.it\/it\/product\/perfume-qelia-70ml\/#primaryimage\",\"url\":\"https:\/\/i0.wp.com\/elixar.it\/wp-content\/uploads\/2024\/01\/Symbol-cr-Perfume-Spirit-Qelia-Tree-Spade.png?fit=600%2C600&ssl=1\",\"contentUrl\":\"https:\/\/i0.wp.com\/elixar.it\/wp-content\/uploads\/2024\/01\/Symbol-cr-Perfume-Spirit-Qelia-Tree-Spade.png?fit=600%2C600&ssl=1\",\"width\":600,\"height\":600},{\"@type\":\"BreadcrumbList\",\"@id\":\"https:\/\/elixar.it\/it\/product\/perfume-qelia-70ml\/#breadcrumb\",\"itemListElement\":[{\"@type\":\"ListItem\",\"position\":1,\"name\":\"Home\",\"item\":\"https:\/\/elixar.it\/it\/\"},{\"@type\":\"ListItem\",\"position\":2,\"name\":\"Shop\",\"item\":\"https:\/\/elixar.it\/it\/shop\/\"},{\"@type\":\"ListItem\",\"position\":3,\"name\":\"Profumo &#8211; Qelia 70mL\"}]},{\"@type\":\"WebSite\",\"@id\":\"https:\/\/elixar.it\/it\/#website\",\"url\":\"https:\/\/elixar.it\/it\/\",\"name\":\"Elixar\",\"description\":\"activate your senses and shine\",\"publisher\":{\"@id\":\"https:\/\/elixar.it\/it\/#organization\"},\"potentialAction\":[{\"@type\":\"SearchAction\",\"target\":{\"@type\":\"EntryPoint\",\"urlTemplate\":\"https:\/\/elixar.it\/it\/?s={search_term_string}\"},\"query-input\":{\"@type\":\"PropertyValueSpecification\",\"valueRequired\":true,\"valueName\":\"search_term_string\"}}],\"inLanguage\":\"it-IT\"},{\"@type\":\"Organization\",\"@id\":\"https:\/\/elixar.it\/it\/#organization\",\"name\":\"Elixar\",\"url\":\"https:\/\/elixar.it\/it\/\",\"logo\":{\"@type\":\"ImageObject\",\"inLanguage\":\"it-IT\",\"@id\":\"https:\/\/elixar.it\/it\/#\/schema\/logo\/image\/\",\"url\":\"https:\/\/i0.wp.com\/elixar.it\/wp-content\/uploads\/2025\/10\/Color-logo-no-flame-no-background-L-Copy.png?fit=2592%2C1267&ssl=1\",\"contentUrl\":\"https:\/\/i0.wp.com\/elixar.it\/wp-content\/uploads\/2025\/10\/Color-logo-no-flame-no-background-L-Copy.png?fit=2592%2C1267&ssl=1\",\"width\":2592,\"height\":1267,\"caption\":\"Elixar\"},\"image\":{\"@id\":\"https:\/\/elixar.it\/it\/#\/schema\/logo\/image\/\"}}]}<\/script>\n<!-- \/ Yoast SEO plugin. -->","yoast_head_json":{"title":"Profumo - Qelia 70mL - Elixar","robots":{"index":"index","follow":"follow","max-snippet":"max-snippet:-1","max-image-preview":"max-image-preview:large","max-video-preview":"max-video-preview:-1"},"canonical":"https:\/\/elixar.it\/it\/product\/perfume-qelia-70ml\/","og_locale":"it_IT","og_type":"article","og_title":"Profumo - Qelia 70mL - Elixar","og_description":"Lo Spirito di QELIA rappresenta il POTERE e la combinazione dei 4 elementi: Acqua, Terra, Fuoco e Aria. Indossare la forza degli elementi sulla tua pelle ti d\u00e0 la spinta per affrontare gli ostacoli. Il profumo di Qelia \u00e8 un concentrato di essenze che aumenteranno la tua energia e ti ispireranno a rimanere forte.","og_url":"https:\/\/elixar.it\/it\/product\/perfume-qelia-70ml\/","og_site_name":"Elixar","article_modified_time":"2025-10-20T14:32:33+00:00","og_image":[{"width":600,"height":600,"url":"https:\/\/i0.wp.com\/elixar.it\/wp-content\/uploads\/2024\/01\/Symbol-cr-Perfume-Spirit-Qelia-Tree-Spade.png?fit=600%2C600&ssl=1","type":"image\/png"}],"twitter_card":"summary_large_image","twitter_misc":{"Tempo di lettura stimato":"2 minuti"},"schema":{"@context":"https:\/\/schema.org","@graph":[{"@type":"WebPage","@id":"https:\/\/elixar.it\/it\/product\/perfume-qelia-70ml\/","url":"https:\/\/elixar.it\/it\/product\/perfume-qelia-70ml\/","name":"Profumo - Qelia 70mL - Elixar","isPartOf":{"@id":"https:\/\/elixar.it\/it\/#website"},"primaryImageOfPage":{"@id":"https:\/\/elixar.it\/it\/product\/perfume-qelia-70ml\/#primaryimage"},"image":{"@id":"https:\/\/elixar.it\/it\/product\/perfume-qelia-70ml\/#primaryimage"},"thumbnailUrl":"https:\/\/i0.wp.com\/elixar.it\/wp-content\/uploads\/2024\/01\/Symbol-cr-Perfume-Spirit-Qelia-Tree-Spade.png?fit=600%2C600&ssl=1","datePublished":"2024-01-07T00:40:52+00:00","dateModified":"2025-10-20T14:32:33+00:00","breadcrumb":{"@id":"https:\/\/elixar.it\/it\/product\/perfume-qelia-70ml\/#breadcrumb"},"inLanguage":"it-IT","potentialAction":[{"@type":"ReadAction","target":["https:\/\/elixar.it\/it\/product\/perfume-qelia-70ml\/"]}]},{"@type":"ImageObject","inLanguage":"it-IT","@id":"https:\/\/elixar.it\/it\/product\/perfume-qelia-70ml\/#primaryimage","url":"https:\/\/i0.wp.com\/elixar.it\/wp-content\/uploads\/2024\/01\/Symbol-cr-Perfume-Spirit-Qelia-Tree-Spade.png?fit=600%2C600&ssl=1","contentUrl":"https:\/\/i0.wp.com\/elixar.it\/wp-content\/uploads\/2024\/01\/Symbol-cr-Perfume-Spirit-Qelia-Tree-Spade.png?fit=600%2C600&ssl=1","width":600,"height":600},{"@type":"BreadcrumbList","@id":"https:\/\/elixar.it\/it\/product\/perfume-qelia-70ml\/#breadcrumb","itemListElement":[{"@type":"ListItem","position":1,"name":"Home","item":"https:\/\/elixar.it\/it\/"},{"@type":"ListItem","position":2,"name":"Shop","item":"https:\/\/elixar.it\/it\/shop\/"},{"@type":"ListItem","position":3,"name":"Profumo &#8211; Qelia 70mL"}]},{"@type":"WebSite","@id":"https:\/\/elixar.it\/it\/#website","url":"https:\/\/elixar.it\/it\/","name":"Elixar","description":"activate your senses and shine","publisher":{"@id":"https:\/\/elixar.it\/it\/#organization"},"potentialAction":[{"@type":"SearchAction","target":{"@type":"EntryPoint","urlTemplate":"https:\/\/elixar.it\/it\/?s={search_term_string}"},"query-input":{"@type":"PropertyValueSpecification","valueRequired":true,"valueName":"search_term_string"}}],"inLanguage":"it-IT"},{"@type":"Organization","@id":"https:\/\/elixar.it\/it\/#organization","name":"Elixar","url":"https:\/\/elixar.it\/it\/","logo":{"@type":"ImageObject","inLanguage":"it-IT","@id":"https:\/\/elixar.it\/it\/#\/schema\/logo\/image\/","url":"https:\/\/i0.wp.com\/elixar.it\/wp-content\/uploads\/2025\/10\/Color-logo-no-flame-no-background-L-Copy.png?fit=2592%2C1267&ssl=1","contentUrl":"https:\/\/i0.wp.com\/elixar.it\/wp-content\/uploads\/2025\/10\/Color-logo-no-flame-no-background-L-Copy.png?fit=2592%2C1267&ssl=1","width":2592,"height":1267,"caption":"Elixar"},"image":{"@id":"https:\/\/elixar.it\/it\/#\/schema\/logo\/image\/"}}]}},"jetpack_publicize_connections":[],"jetpack_sharing_enabled":true,"jetpack_likes_enabled":true,"jetpack-related-posts":[],"_links":{"self":[{"href":"https:\/\/elixar.it\/it\/wp-json\/wp\/v2\/product\/8303","targetHints":{"allow":["GET"]}}],"collection":[{"href":"https:\/\/elixar.it\/it\/wp-json\/wp\/v2\/product"}],"about":[{"href":"https:\/\/elixar.it\/it\/wp-json\/wp\/v2\/types\/product"}],"replies":[{"embeddable":true,"href":"https:\/\/elixar.it\/it\/wp-json\/wp\/v2\/comments?post=8303"}],"wp:featuredmedia":[{"embeddable":true,"href":"https:\/\/elixar.it\/it\/wp-json\/wp\/v2\/media\/12422"}],"wp:attachment":[{"href":"https:\/\/elixar.it\/it\/wp-json\/wp\/v2\/media?parent=8303"}],"wp:term":[{"taxonomy":"product_brand","embeddable":true,"href":"https:\/\/elixar.it\/it\/wp-json\/wp\/v2\/product_brand?post=8303"},{"taxonomy":"product_cat","embeddable":true,"href":"https:\/\/elixar.it\/it\/wp-json\/wp\/v2\/product_cat?post=8303"},{"taxonomy":"product_tag","embeddable":true,"href":"https:\/\/elixar.it\/it\/wp-json\/wp\/v2\/product_tag?post=8303"}],"curies":[{"name":"wp","href":"https:\/\/api.w.org\/{rel}","templated":true}]}}