{"id":8305,"date":"2024-01-07T01:37:09","date_gmt":"2024-01-07T00:37:09","guid":{"rendered":"https:\/\/elixar.it\/product\/perfume-olfime-70ml\/"},"modified":"2026-04-02T11:45:15","modified_gmt":"2026-04-02T09:45:15","slug":"perfume-olfime-70ml","status":"publish","type":"product","link":"https:\/\/elixar.it\/it\/product\/perfume-olfime-70ml\/","title":{"rendered":"Profumo &#8211; Olfim\u00e9 70mL"},"content":{"rendered":"<p style=\"margin: 0in; font-family: Calibri; font-size: 14.0pt;\"><strong><span style=\"text-decoration: underline;\">Lo spirito della nostra musa &#8220;Olfim\u00e9&#8221;<\/span><\/strong><\/p>\n<p style=\"margin: 0in; font-family: Calibri; font-size: 14.0pt;\">Serenit\u00e0 come forza morbida&#8230; lo spirito di Olfim\u00e9 porta conforto attraverso un appello istintivo alla cura e una volont\u00e0 assertiva di proteggere&#8230; Olfim\u00e9 \u00e8 armonia, calma e protezione.<\/p>\n<p>&nbsp;<\/p>\n<p style=\"margin: 0in; font-family: Calibri; font-size: 14.0pt;\"><strong><span style=\"text-decoration: underline;\">La bottiglia di Olfim\u00e9<\/span><\/strong><\/p>\n<p style=\"margin: 0in; font-family: Calibri; font-size: 14.0pt;\">L&#8217;Extrait de Parfum &#8220;Spirito dell&#8217;Olfim\u00e9&#8221; \u00e8 racchiuso all&#8217;interno della sua bottiglia a forma di fiala realizzata in vetro color champagne. Questa forma e colore rappresentano la magia della forza calma di Olfim\u00e9. Lo spruzzatore \u00e8 ricoperto da un tappo specchio nero perlato che rappresenta il potere di riflettere e svelare i nostri punti di forza nascosti.<\/p>\n<p>&nbsp;<\/p>\n<p style=\"margin: 0in; font-family: Calibri; font-size: 14.0pt;\"><strong><span style=\"text-decoration: underline;\">La firma olfattiva di Olfim\u00e9<\/span><\/strong><\/p>\n<p style=\"margin: 0in; font-family: Calibri; font-size: 14.0pt;\">Olfim\u00e9 \u00e8 floreale ma calda. La sua leggera dolcezza sposata con un morbido carattere speziato la mantiene molto coccolosa e carnale. Il suo calmo equilibrio che armonizza gli estremi \u00e8 profondamente rassicurante e richiede il conforto di essere vicini.<\/p>\n<p style=\"margin: 0in; font-family: Calibri; font-size: 14.0pt;\">Sulla tua pelle, Olfim\u00e9 ispirer\u00e0 fiducia. Lascer\u00e0 sul tuo corpo una goccia dell&#8217;eterna giovinezza della natura.<\/p>\n<p>&nbsp;<\/p>\n<p style=\"margin: 0in; font-family: Calibri; font-size: 14.0pt;\"><strong><span style=\"text-decoration: underline;\">La piramide olfattiva di Olfim\u00e9<\/span><\/strong><\/p>\n<p style=\"margin: 0in; font-family: Calibri; font-size: 14.0pt;\">NOTE DI TESTA: pera \/ fiori acquatici \/ bergamotto<\/p>\n<p style=\"margin: 0in; font-family: Calibri; font-size: 14.0pt;\">NOTE DI CUORE: magnolia\/rosa<\/p>\n<p style=\"margin: 0in; font-family: Calibri; font-size: 14.0pt;\">NOTE DI FONDO: ambra \/ muschio bianco \/ eliotropio<\/p>\n<p>&nbsp;<\/p>\n<p style=\"margin: 0in; font-family: Calibri; font-size: 14.0pt;\"><span style=\"font-style: italic;\">70 ml di emozioni liquide<\/span><\/p>\n<p style=\"margin: 0in; font-family: Calibri; font-size: 14.0pt;\"><span style=\"font-style: italic;\">da Elixar Perfumes<\/span><\/p>\n<p style=\"margin: 0in; font-family: Calibri; font-size: 14.0pt;\"><span style=\"font-style: italic;\">Made in Italy<\/span><\/p>\n<p>&nbsp;<\/p>\n<p>&nbsp;<\/p>\n<p>&nbsp;<\/p>\n<p><strong><u>Informazioni sull&#8217;etichetta:<\/u><\/strong><\/p>\n<p>Extrait de Parfum <em>\u00ab Olfim\u00e9 \u00bb<\/em><\/p>\n<p>70 mL \/ 2.37 fl.oz Periodo Post Apertura (PAO) 36 mese<\/p>\n<p><strong>INGREDIENTS:<\/strong> ALCOHOL DENAT., PARFUM, HEXYL CINNAMAL, HEXAMETHYLINDANOPYRAN, LIMONENE, CITRUS AURANTIUM PEEL OIL, LINALYL ACETATE, HEXADECANOLACTONE, GERANIOL, LINALOOL, POGOSTEMON CABLIN OIL, HYDROXYCITRONELLAL, CITRONELLOL, ROSE KETONES, LAVANDULA OIL\/EXTRACT, TERPINEOL, GERANYL ACETATE, PINENE, BETA-CARYOPHYLLENE, CITRAL, BENZYL SALICYLATE, BENZYL BENZOATE, AMYL CINNAMAL, CARVONE, BENZYL ALCOHOL<\/p>\n<p>&nbsp;<\/p>\n<p><strong>Indicazioni per l&#8217;uso e potenziali avvertenze:<\/strong> Uso topico, evitare il contatto con occhi e mucose. Prodotto infiammabile.<\/p>\n<p><strong>Contactto:<\/strong> Elixar SRL &#8211; 24010 Ponteranica (BG) Italy \u2013 <a href=\"mailto:info@elixar.it\">info@elixar.it<\/a> \u2013 Tel +39 375 587 2203<\/p>\n<p><strong>Raccolta differenziata:<\/strong> Verifica le disposizioni del tuo Comune [Scatola: PAP22 \/ Tappo: Zamac \/ Flacone: GL70]<\/p>\n<p><strong>Lotto:<\/strong> vedere sulla confezione<\/p>\n","protected":false},"excerpt":{"rendered":"<p>Lo Spirito di OLFIM\u00c9 rappresenta l&#8217;ARMONIA e la fusione di morbidezza e cura istintive: un&#8217;espressione di amore e purezza. Il profumo di Olfim\u00e9 \u00e8 un concentrato di essenze che ti immergeranno nella calma e nella serenit\u00e0.<\/p>\n","protected":false},"featured_media":12392,"comment_status":"open","ping_status":"closed","template":"","meta":{"_crdt_document":"","jetpack_publicize_message":"","jetpack_publicize_feature_enabled":true,"jetpack_social_post_already_shared":true,"jetpack_social_options":{"image_generator_settings":{"template":"highway","default_image_id":0,"font":"","enabled":false},"version":2},"_wpas_customize_per_network":false},"product_brand":[1403],"product_cat":[1395,1390,1383,1387,1893],"product_tag":[],"class_list":{"0":"post-8305","1":"product","2":"type-product","3":"status-publish","4":"has-post-thumbnail","6":"product_brand-elixar-life","7":"product_cat-cosy","8":"product_cat-enchanted","9":"product_cat-perfumes","10":"product_cat-serene","11":"product_cat-olfime","12":"product_shipping_class-compact-flammable","14":"first","15":"instock","16":"taxable","17":"shipping-taxable","18":"purchasable","19":"product-type-simple"},"bundled_by":[],"bundle_stock_status":"instock","bundle_stock_quantity":19,"bundle_virtual":false,"bundle_layout":"","bundle_add_to_cart_form_location":"","bundle_editable_in_cart":false,"bundle_sold_individually_context":"","bundle_item_grouping":"","bundle_min_size":"","bundle_max_size":"","bundle_price":[],"bundled_items":[],"bundle_sell_ids":[],"group_of_quantity":0,"min_quantity":0,"max_quantity":"","exclude_order_quantity_value_rules":"no","exclude_category_quantity_rules":"no","combine_variations":"no","exclude_global_add_ons":[],"addons":[],"yoast_head":"<!-- This site is optimized with the Yoast SEO plugin v27.4 - https:\/\/yoast.com\/product\/yoast-seo-wordpress\/ -->\n<title>Profumo - Olfim\u00e9 70mL - Elixar<\/title>\n<meta name=\"robots\" content=\"index, follow, max-snippet:-1, max-image-preview:large, max-video-preview:-1\" \/>\n<link rel=\"canonical\" href=\"https:\/\/elixar.it\/it\/product\/perfume-olfime-70ml\/\" \/>\n<meta property=\"og:locale\" content=\"it_IT\" \/>\n<meta property=\"og:type\" content=\"article\" \/>\n<meta property=\"og:title\" content=\"Profumo - Olfim\u00e9 70mL - Elixar\" \/>\n<meta property=\"og:description\" content=\"Lo Spirito di OLFIM\u00c9 rappresenta l&#039;ARMONIA e la fusione di morbidezza e cura istintive: un&#039;espressione di amore e purezza. Il profumo di Olfim\u00e9 \u00e8 un concentrato di essenze che ti immergeranno nella calma e nella serenit\u00e0.\" \/>\n<meta property=\"og:url\" content=\"https:\/\/elixar.it\/it\/product\/perfume-olfime-70ml\/\" \/>\n<meta property=\"og:site_name\" content=\"Elixar\" \/>\n<meta property=\"article:modified_time\" content=\"2026-04-02T09:45:15+00:00\" \/>\n<meta property=\"og:image\" content=\"https:\/\/i0.wp.com\/elixar.it\/wp-content\/uploads\/2024\/01\/Symbol-c-Perfume-Spirit-Olfime-Nest.png?fit=600%2C600&ssl=1\" \/>\n\t<meta property=\"og:image:width\" content=\"600\" \/>\n\t<meta property=\"og:image:height\" content=\"600\" \/>\n\t<meta property=\"og:image:type\" content=\"image\/png\" \/>\n<meta name=\"twitter:card\" content=\"summary_large_image\" \/>\n<meta name=\"twitter:label1\" content=\"Tempo di lettura stimato\" \/>\n\t<meta name=\"twitter:data1\" content=\"1 minuto\" \/>\n<script type=\"application\/ld+json\" class=\"yoast-schema-graph\">{\"@context\":\"https:\\\/\\\/schema.org\",\"@graph\":[{\"@type\":\"WebPage\",\"@id\":\"https:\\\/\\\/elixar.it\\\/it\\\/product\\\/perfume-olfime-70ml\\\/\",\"url\":\"https:\\\/\\\/elixar.it\\\/it\\\/product\\\/perfume-olfime-70ml\\\/\",\"name\":\"Profumo - Olfim\u00e9 70mL - Elixar\",\"isPartOf\":{\"@id\":\"https:\\\/\\\/elixar.it\\\/it\\\/#website\"},\"primaryImageOfPage\":{\"@id\":\"https:\\\/\\\/elixar.it\\\/it\\\/product\\\/perfume-olfime-70ml\\\/#primaryimage\"},\"image\":{\"@id\":\"https:\\\/\\\/elixar.it\\\/it\\\/product\\\/perfume-olfime-70ml\\\/#primaryimage\"},\"thumbnailUrl\":\"https:\\\/\\\/i0.wp.com\\\/elixar.it\\\/wp-content\\\/uploads\\\/2024\\\/01\\\/Symbol-c-Perfume-Spirit-Olfime-Nest.png?fit=600%2C600&ssl=1\",\"datePublished\":\"2024-01-07T00:37:09+00:00\",\"dateModified\":\"2026-04-02T09:45:15+00:00\",\"breadcrumb\":{\"@id\":\"https:\\\/\\\/elixar.it\\\/it\\\/product\\\/perfume-olfime-70ml\\\/#breadcrumb\"},\"inLanguage\":\"it-IT\",\"potentialAction\":[{\"@type\":\"ReadAction\",\"target\":[\"https:\\\/\\\/elixar.it\\\/it\\\/product\\\/perfume-olfime-70ml\\\/\"]}]},{\"@type\":\"ImageObject\",\"inLanguage\":\"it-IT\",\"@id\":\"https:\\\/\\\/elixar.it\\\/it\\\/product\\\/perfume-olfime-70ml\\\/#primaryimage\",\"url\":\"https:\\\/\\\/i0.wp.com\\\/elixar.it\\\/wp-content\\\/uploads\\\/2024\\\/01\\\/Symbol-c-Perfume-Spirit-Olfime-Nest.png?fit=600%2C600&ssl=1\",\"contentUrl\":\"https:\\\/\\\/i0.wp.com\\\/elixar.it\\\/wp-content\\\/uploads\\\/2024\\\/01\\\/Symbol-c-Perfume-Spirit-Olfime-Nest.png?fit=600%2C600&ssl=1\",\"width\":600,\"height\":600},{\"@type\":\"BreadcrumbList\",\"@id\":\"https:\\\/\\\/elixar.it\\\/it\\\/product\\\/perfume-olfime-70ml\\\/#breadcrumb\",\"itemListElement\":[{\"@type\":\"ListItem\",\"position\":1,\"name\":\"Home\",\"item\":\"https:\\\/\\\/elixar.it\\\/it\\\/\"},{\"@type\":\"ListItem\",\"position\":2,\"name\":\"Shop\",\"item\":\"https:\\\/\\\/elixar.it\\\/it\\\/shop\\\/\"},{\"@type\":\"ListItem\",\"position\":3,\"name\":\"Profumo &#8211; Olfim\u00e9 70mL\"}]},{\"@type\":\"WebSite\",\"@id\":\"https:\\\/\\\/elixar.it\\\/it\\\/#website\",\"url\":\"https:\\\/\\\/elixar.it\\\/it\\\/\",\"name\":\"Elixar\",\"description\":\"activate your senses and shine\",\"publisher\":{\"@id\":\"https:\\\/\\\/elixar.it\\\/it\\\/#organization\"},\"potentialAction\":[{\"@type\":\"SearchAction\",\"target\":{\"@type\":\"EntryPoint\",\"urlTemplate\":\"https:\\\/\\\/elixar.it\\\/it\\\/?s={search_term_string}\"},\"query-input\":{\"@type\":\"PropertyValueSpecification\",\"valueRequired\":true,\"valueName\":\"search_term_string\"}}],\"inLanguage\":\"it-IT\"},{\"@type\":\"Organization\",\"@id\":\"https:\\\/\\\/elixar.it\\\/it\\\/#organization\",\"name\":\"Elixar\",\"url\":\"https:\\\/\\\/elixar.it\\\/it\\\/\",\"logo\":{\"@type\":\"ImageObject\",\"inLanguage\":\"it-IT\",\"@id\":\"https:\\\/\\\/elixar.it\\\/it\\\/#\\\/schema\\\/logo\\\/image\\\/\",\"url\":\"https:\\\/\\\/i0.wp.com\\\/elixar.it\\\/wp-content\\\/uploads\\\/2025\\\/10\\\/Color-logo-no-flame-no-background-L-Copy.png?fit=2592%2C1267&ssl=1\",\"contentUrl\":\"https:\\\/\\\/i0.wp.com\\\/elixar.it\\\/wp-content\\\/uploads\\\/2025\\\/10\\\/Color-logo-no-flame-no-background-L-Copy.png?fit=2592%2C1267&ssl=1\",\"width\":2592,\"height\":1267,\"caption\":\"Elixar\"},\"image\":{\"@id\":\"https:\\\/\\\/elixar.it\\\/it\\\/#\\\/schema\\\/logo\\\/image\\\/\"}}]}<\/script>\n<!-- \/ Yoast SEO plugin. -->","yoast_head_json":{"title":"Profumo - Olfim\u00e9 70mL - Elixar","robots":{"index":"index","follow":"follow","max-snippet":"max-snippet:-1","max-image-preview":"max-image-preview:large","max-video-preview":"max-video-preview:-1"},"canonical":"https:\/\/elixar.it\/it\/product\/perfume-olfime-70ml\/","og_locale":"it_IT","og_type":"article","og_title":"Profumo - Olfim\u00e9 70mL - Elixar","og_description":"Lo Spirito di OLFIM\u00c9 rappresenta l'ARMONIA e la fusione di morbidezza e cura istintive: un'espressione di amore e purezza. Il profumo di Olfim\u00e9 \u00e8 un concentrato di essenze che ti immergeranno nella calma e nella serenit\u00e0.","og_url":"https:\/\/elixar.it\/it\/product\/perfume-olfime-70ml\/","og_site_name":"Elixar","article_modified_time":"2026-04-02T09:45:15+00:00","og_image":[{"width":600,"height":600,"url":"https:\/\/i0.wp.com\/elixar.it\/wp-content\/uploads\/2024\/01\/Symbol-c-Perfume-Spirit-Olfime-Nest.png?fit=600%2C600&ssl=1","type":"image\/png"}],"twitter_card":"summary_large_image","twitter_misc":{"Tempo di lettura stimato":"1 minuto"},"schema":{"@context":"https:\/\/schema.org","@graph":[{"@type":"WebPage","@id":"https:\/\/elixar.it\/it\/product\/perfume-olfime-70ml\/","url":"https:\/\/elixar.it\/it\/product\/perfume-olfime-70ml\/","name":"Profumo - Olfim\u00e9 70mL - Elixar","isPartOf":{"@id":"https:\/\/elixar.it\/it\/#website"},"primaryImageOfPage":{"@id":"https:\/\/elixar.it\/it\/product\/perfume-olfime-70ml\/#primaryimage"},"image":{"@id":"https:\/\/elixar.it\/it\/product\/perfume-olfime-70ml\/#primaryimage"},"thumbnailUrl":"https:\/\/i0.wp.com\/elixar.it\/wp-content\/uploads\/2024\/01\/Symbol-c-Perfume-Spirit-Olfime-Nest.png?fit=600%2C600&ssl=1","datePublished":"2024-01-07T00:37:09+00:00","dateModified":"2026-04-02T09:45:15+00:00","breadcrumb":{"@id":"https:\/\/elixar.it\/it\/product\/perfume-olfime-70ml\/#breadcrumb"},"inLanguage":"it-IT","potentialAction":[{"@type":"ReadAction","target":["https:\/\/elixar.it\/it\/product\/perfume-olfime-70ml\/"]}]},{"@type":"ImageObject","inLanguage":"it-IT","@id":"https:\/\/elixar.it\/it\/product\/perfume-olfime-70ml\/#primaryimage","url":"https:\/\/i0.wp.com\/elixar.it\/wp-content\/uploads\/2024\/01\/Symbol-c-Perfume-Spirit-Olfime-Nest.png?fit=600%2C600&ssl=1","contentUrl":"https:\/\/i0.wp.com\/elixar.it\/wp-content\/uploads\/2024\/01\/Symbol-c-Perfume-Spirit-Olfime-Nest.png?fit=600%2C600&ssl=1","width":600,"height":600},{"@type":"BreadcrumbList","@id":"https:\/\/elixar.it\/it\/product\/perfume-olfime-70ml\/#breadcrumb","itemListElement":[{"@type":"ListItem","position":1,"name":"Home","item":"https:\/\/elixar.it\/it\/"},{"@type":"ListItem","position":2,"name":"Shop","item":"https:\/\/elixar.it\/it\/shop\/"},{"@type":"ListItem","position":3,"name":"Profumo &#8211; Olfim\u00e9 70mL"}]},{"@type":"WebSite","@id":"https:\/\/elixar.it\/it\/#website","url":"https:\/\/elixar.it\/it\/","name":"Elixar","description":"activate your senses and shine","publisher":{"@id":"https:\/\/elixar.it\/it\/#organization"},"potentialAction":[{"@type":"SearchAction","target":{"@type":"EntryPoint","urlTemplate":"https:\/\/elixar.it\/it\/?s={search_term_string}"},"query-input":{"@type":"PropertyValueSpecification","valueRequired":true,"valueName":"search_term_string"}}],"inLanguage":"it-IT"},{"@type":"Organization","@id":"https:\/\/elixar.it\/it\/#organization","name":"Elixar","url":"https:\/\/elixar.it\/it\/","logo":{"@type":"ImageObject","inLanguage":"it-IT","@id":"https:\/\/elixar.it\/it\/#\/schema\/logo\/image\/","url":"https:\/\/i0.wp.com\/elixar.it\/wp-content\/uploads\/2025\/10\/Color-logo-no-flame-no-background-L-Copy.png?fit=2592%2C1267&ssl=1","contentUrl":"https:\/\/i0.wp.com\/elixar.it\/wp-content\/uploads\/2025\/10\/Color-logo-no-flame-no-background-L-Copy.png?fit=2592%2C1267&ssl=1","width":2592,"height":1267,"caption":"Elixar"},"image":{"@id":"https:\/\/elixar.it\/it\/#\/schema\/logo\/image\/"}}]}},"jetpack_publicize_connections":[],"jetpack_sharing_enabled":true,"jetpack_likes_enabled":true,"jetpack-related-posts":[],"_links":{"self":[{"href":"https:\/\/elixar.it\/it\/wp-json\/wp\/v2\/product\/8305","targetHints":{"allow":["GET"]}}],"collection":[{"href":"https:\/\/elixar.it\/it\/wp-json\/wp\/v2\/product"}],"about":[{"href":"https:\/\/elixar.it\/it\/wp-json\/wp\/v2\/types\/product"}],"replies":[{"embeddable":true,"href":"https:\/\/elixar.it\/it\/wp-json\/wp\/v2\/comments?post=8305"}],"wp:featuredmedia":[{"embeddable":true,"href":"https:\/\/elixar.it\/it\/wp-json\/wp\/v2\/media\/12392"}],"wp:attachment":[{"href":"https:\/\/elixar.it\/it\/wp-json\/wp\/v2\/media?parent=8305"}],"wp:term":[{"taxonomy":"product_brand","embeddable":true,"href":"https:\/\/elixar.it\/it\/wp-json\/wp\/v2\/product_brand?post=8305"},{"taxonomy":"product_cat","embeddable":true,"href":"https:\/\/elixar.it\/it\/wp-json\/wp\/v2\/product_cat?post=8305"},{"taxonomy":"product_tag","embeddable":true,"href":"https:\/\/elixar.it\/it\/wp-json\/wp\/v2\/product_tag?post=8305"}],"curies":[{"name":"wp","href":"https:\/\/api.w.org\/{rel}","templated":true}]}}