{"id":3655,"date":"2023-08-01T21:15:27","date_gmt":"2023-08-01T19:15:27","guid":{"rendered":"https:\/\/elixar.it\/fundacao\/"},"modified":"2025-03-27T16:54:59","modified_gmt":"2025-03-27T15:54:59","slug":"fundacao","status":"publish","type":"page","link":"https:\/\/elixar.it\/pt-pt\/fundacao\/","title":{"rendered":"Funda\u00e7\u00e3o"},"content":{"rendered":"\n<div class=\"wp-block-cover is-light has-parallax is-repeated has-custom-content-position is-position-center-right\" style=\"margin-top:0;margin-bottom:0;padding-top:0;padding-right:var(--wp--preset--spacing--50);padding-bottom:0;padding-left:var(--wp--preset--spacing--50);min-height:459px;aspect-ratio:unset;\"><span aria-hidden=\"true\" class=\"wp-block-cover__background has-background-dim-40 has-background-dim\"><\/span><div class=\"wp-block-cover__image-background wp-image-965 has-parallax is-repeated\" style=\"background-position:23% 25%;background-image:url(https:\/\/elixar.it\/wp-content\/uploads\/2023\/07\/pexels-andrea-piacquadio-3777729.jpg)\"><\/div><div class=\"wp-block-cover__inner-container is-layout-flow wp-block-cover-is-layout-flow\">\n<p class=\"has-text-align-right has-custom-color-5-color has-text-color has-x-large-font-size wp-block-paragraph\"><strong>ilumine a vida com um gesto precioso<\/strong><\/p>\n\n\n\n<p class=\"has-text-align-right has-custom-color-5-color has-text-color has-medium-font-size wp-block-paragraph\">Fatores sociais e sensoriais que estimulam a vontade e o desejo de pertencer e empreender <\/p>\n<\/div><\/div>\n\n<div class=\"wp-block-group has-background is-layout-flow wp-container-core-group-is-layout-cb0997eb wp-block-group-is-layout-flow wp-container-2 is-position-sticky\" style=\"background:linear-gradient(0deg,rgba(7,146,227,0) 0%,rgb(0,0,0) 100%);margin-top:0;margin-bottom:0;padding-top:0;padding-right:var(--wp--preset--spacing--50);padding-bottom:0;padding-left:var(--wp--preset--spacing--50)\">\n<div class=\"wp-block-columns is-layout-flex wp-container-core-columns-is-layout-79fb870f wp-block-columns-is-layout-flex\">\n<div class=\"wp-block-column is-layout-flow wp-block-column-is-layout-flow\" style=\"flex-basis:25%\"><\/div>\n\n\n\n<div class=\"wp-block-column is-layout-flow wp-block-column-is-layout-flow\" style=\"flex-basis:3%\">\n<p class=\"has-text-align-center wp-block-paragraph\"> <a href=\"https:\/\/www.elixar.it\" data-type=\"URL\" data-id=\"https:\/\/www.elixar.it\"><img data-recalc-dims=\"1\" loading=\"lazy\" decoding=\"async\" width=\"30\" height=\"55\" class=\"wp-image-276\" style=\"width: 30px;\" src=\"https:\/\/i0.wp.com\/elixar.it\/wp-content\/uploads\/2023\/07\/Elixar-Flame-Transparent-Background.png?resize=30%2C55&#038;ssl=1\" alt=\"\" srcset=\"https:\/\/i0.wp.com\/elixar.it\/wp-content\/uploads\/2023\/07\/Elixar-Flame-Transparent-Background.png?w=300&amp;ssl=1 300w, https:\/\/i0.wp.com\/elixar.it\/wp-content\/uploads\/2023\/07\/Elixar-Flame-Transparent-Background.png?resize=164%2C300&amp;ssl=1 164w\" sizes=\"auto, (max-width: 30px) 100vw, 30px\" \/><\/a><\/p>\n<\/div>\n\n\n\n<div class=\"wp-block-column is-layout-flow wp-block-column-is-layout-flow\" style=\"flex-basis:45%\"><nav class=\"is-responsive items-justified-center wp-block-navigation is-content-justification-center is-layout-flex wp-container-core-navigation-is-layout-132ff9fc wp-block-navigation-is-layout-flex\" aria-label=\"Brands Menu\" \n\t\t data-wp-interactive=\"core\/navigation\" data-wp-context='{\"overlayOpenedBy\":{\"click\":false,\"hover\":false,\"focus\":false},\"type\":\"overlay\",\"roleAttribute\":\"\",\"ariaLabel\":\"Menu\"}'><button aria-haspopup=\"dialog\" aria-label=\"Abrir menu\" class=\"wp-block-navigation__responsive-container-open\" \n\t\t\t\tdata-wp-on--click=\"actions.openMenuOnClick\"\n\t\t\t\tdata-wp-on--keydown=\"actions.handleMenuKeydown\"\n\t\t\t><svg width=\"24\" height=\"24\" xmlns=\"http:\/\/www.w3.org\/2000\/svg\" viewBox=\"0 0 24 24\"><path d=\"M5 5v1.5h14V5H5z\"><\/path><path d=\"M5 12.8h14v-1.5H5v1.5z\"><\/path><path d=\"M5 19h14v-1.5H5V19z\"><\/path><\/svg><\/button>\n\t\t\t\t<div class=\"wp-block-navigation__responsive-container has-text-color has-custom-color-4-color has-background\" style=\"background-color: #254e38\" id=\"modal-1\" \n\t\t\t\tdata-wp-class--has-modal-open=\"state.isMenuOpen\"\n\t\t\t\tdata-wp-class--is-menu-open=\"state.isMenuOpen\"\n\t\t\t\tdata-wp-watch=\"callbacks.initMenu\"\n\t\t\t\tdata-wp-on--keydown=\"actions.handleMenuKeydown\"\n\t\t\t\tdata-wp-on--focusout=\"actions.handleMenuFocusout\"\n\t\t\t\ttabindex=\"-1\"\n\t\t\t>\n\t\t\t\t\t<div class=\"wp-block-navigation__responsive-close\" tabindex=\"-1\">\n\t\t\t\t\t\t<div class=\"wp-block-navigation__responsive-dialog\" \n\t\t\t\tdata-wp-bind--aria-modal=\"state.ariaModal\"\n\t\t\t\tdata-wp-bind--aria-label=\"state.ariaLabel\"\n\t\t\t\tdata-wp-bind--role=\"state.roleAttribute\"\n\t\t\t>\n\t\t\t\t\t\t\t<button aria-label=\"Fechar menu\" class=\"wp-block-navigation__responsive-container-close\" \n\t\t\t\tdata-wp-on--click=\"actions.closeMenuOnClick\"\n\t\t\t><svg xmlns=\"http:\/\/www.w3.org\/2000\/svg\" viewBox=\"0 0 24 24\" width=\"24\" height=\"24\" aria-hidden=\"true\" focusable=\"false\"><path d=\"m13.06 12 6.47-6.47-1.06-1.06L12 10.94 5.53 4.47 4.47 5.53 10.94 12l-6.47 6.47 1.06 1.06L12 13.06l6.47 6.47 1.06-1.06L13.06 12Z\"><\/path><\/svg><\/button>\n\t\t\t\t\t\t\t<div class=\"wp-block-navigation__responsive-container-content\" \n\t\t\t\tdata-wp-watch=\"callbacks.focusFirstElement\"\n\t\t\t id=\"modal-1-content\">\n\t\t\t\t\t\t\t\t<ul class=\"wp-block-navigation__container is-responsive items-justified-center wp-block-navigation\"><li class=\" wp-block-navigation-item wp-block-navigation-link\"><a class=\"wp-block-navigation-item__content\"  href=\"https:\/\/elixar.it\/academy\/\"><span class=\"wp-block-navigation-item__label\">Academy<\/span><\/a><\/li><li class=\" wp-block-navigation-item wp-block-navigation-link\"><a class=\"wp-block-navigation-item__content\"  href=\"https:\/\/elixar.it\/brand\/elixar-design\/\"><span class=\"wp-block-navigation-item__label\">Design<\/span><\/a><\/li><\/ul>\n\t\t\t\t\t\t\t\t\n\t\t\t\t\t\t\t<\/div>\n\t\t\t\t\t\t<\/div>\n\t\t\t\t\t<\/div>\n\t\t\t\t<\/div><\/nav><\/div>\n<\/div>\n<\/div>\n\n<div class=\"wp-block-group has-background is-layout-flow wp-block-group-is-layout-flow\" style=\"background:linear-gradient(90deg,rgb(37,78,56) 0%,rgb(37,78,56) 58%,rgb(0,0,0) 100%);margin-top:0;margin-bottom:0;padding-top:0.67rem;padding-right:var(--wp--preset--spacing--50);padding-bottom:0.67rem;padding-left:var(--wp--preset--spacing--50)\">\n<p class=\"has-background-color has-text-color has-background has-large-font-size wp-block-paragraph\" id=\"mission\" style=\"background:linear-gradient(330deg,rgb(0,0,0) 0%,rgb(37,78,56) 100%)\"><strong><em>Nossa miss\u00e3o <\/em><\/strong><\/p>\n\n\n\n<div class=\"wp-block-media-text has-media-on-the-right is-stacked-on-mobile\" style=\"grid-template-columns:auto 19%\"><div class=\"wp-block-media-text__content\">\n<h3 class=\"wp-block-heading\">Fazendo voc\u00ea brilhar!<\/h3>\n\n\n\n<p class=\"wp-block-paragraph\">O projeto Elixar \u00e9 uma hist\u00f3ria de paix\u00e3o pelos prazeres da vida que partilhamos com os outros, que criam momentos memor\u00e1veis e que nos d\u00e3o novas for\u00e7as.<\/p>\n\n\n\n<p class=\"wp-block-paragraph\">A Funda\u00e7\u00e3o Elixar leva em conta o facto de que demasiados jovens j\u00e1 n\u00e3o encontram a motiva\u00e7\u00e3o certa para seguir em frente, para reinventar e para desfrutar dos prazeres da vida terrena\u2026<\/p>\n\n\n\n<p class=\"wp-block-paragraph\">A Elixar acredita que este mal-estar frequente \u00e9 evit\u00e1vel e certamente vale a pena reverter para garantir que as gera\u00e7\u00f5es mais jovens comecem a conectar-se e a participar no nosso mundo tecnol\u00f3gico e emocional com o melhor impulso.<\/p>\n\n\n\n<p class=\"wp-block-paragraph\">A Funda\u00e7\u00e3o Elixar ent\u00e3o orienta a Empresa Elixar a oferecer produtos e servi\u00e7os que ajudem a alimentar a chama que todos temos dentro de n\u00f3s.<\/p>\n<\/div><figure class=\"wp-block-media-text__media\"><img data-recalc-dims=\"1\" loading=\"lazy\" decoding=\"async\" width=\"300\" height=\"300\" src=\"https:\/\/i0.wp.com\/elixar.it\/wp-content\/uploads\/2024\/04\/Flame-of-Life-Icon.png?resize=300%2C300&#038;ssl=1\" alt=\"\" class=\"wp-image-6998 size-full\" srcset=\"https:\/\/i0.wp.com\/elixar.it\/wp-content\/uploads\/2024\/04\/Flame-of-Life-Icon.png?w=300&amp;ssl=1 300w, https:\/\/i0.wp.com\/elixar.it\/wp-content\/uploads\/2024\/04\/Flame-of-Life-Icon.png?resize=150%2C150&amp;ssl=1 150w, https:\/\/i0.wp.com\/elixar.it\/wp-content\/uploads\/2024\/04\/Flame-of-Life-Icon.png?resize=200%2C200&amp;ssl=1 200w, https:\/\/i0.wp.com\/elixar.it\/wp-content\/uploads\/2024\/04\/Flame-of-Life-Icon.png?resize=100%2C100&amp;ssl=1 100w\" sizes=\"auto, (max-width: 300px) 100vw, 300px\" \/><\/figure><\/div>\n\n\n\n<p class=\"has-background-color has-text-color has-background has-large-font-size wp-block-paragraph\" id=\"values\" style=\"background:linear-gradient(330deg,rgb(0,0,0) 0%,rgb(37,78,56) 100%)\"><strong><em>Nossos valores<\/em><\/strong><\/p>\n\n\n\n<div class=\"wp-block-media-text is-stacked-on-mobile\" style=\"grid-template-columns:19% auto\"><figure class=\"wp-block-media-text__media\"><img data-recalc-dims=\"1\" loading=\"lazy\" decoding=\"async\" width=\"300\" height=\"300\" src=\"https:\/\/i0.wp.com\/elixar.it\/wp-content\/uploads\/2024\/04\/Seasons-sharp.png?resize=300%2C300&#038;ssl=1\" alt=\"\" class=\"wp-image-7406 size-full\" srcset=\"https:\/\/i0.wp.com\/elixar.it\/wp-content\/uploads\/2024\/04\/Seasons-sharp.png?w=300&amp;ssl=1 300w, https:\/\/i0.wp.com\/elixar.it\/wp-content\/uploads\/2024\/04\/Seasons-sharp.png?resize=150%2C150&amp;ssl=1 150w, https:\/\/i0.wp.com\/elixar.it\/wp-content\/uploads\/2024\/04\/Seasons-sharp.png?resize=200%2C200&amp;ssl=1 200w, https:\/\/i0.wp.com\/elixar.it\/wp-content\/uploads\/2024\/04\/Seasons-sharp.png?resize=100%2C100&amp;ssl=1 100w\" sizes=\"auto, (max-width: 300px) 100vw, 300px\" \/><\/figure><div class=\"wp-block-media-text__content\">\n<h4 class=\"wp-block-heading\">Celebre a vida<\/h4>\n\n\n\n<p class=\"wp-block-paragraph\">Adoramos comemorar. A maioria das nossas celebra\u00e7\u00f5es tradicionais tem origens mais antigas do que podemos imaginar. Relacionam-se com o in\u00edcio ou o fim de uma \u201cesta\u00e7\u00e3o\u201d da Terra ou da sua Vida. Para n\u00f3s, as celebra\u00e7\u00f5es s\u00e3o fundamentais para renovar os nossos la\u00e7os com os outros e com os ciclos da natureza.<\/p>\n<\/div><\/div>\n\n\n\n<div class=\"wp-block-media-text has-media-on-the-right is-stacked-on-mobile\" style=\"grid-template-columns:auto 15%\"><div class=\"wp-block-media-text__content\">\n<h4 class=\"wp-block-heading\">Encontre inspira\u00e7\u00e3o<\/h4>\n\n\n\n<p class=\"wp-block-paragraph\">Para refor\u00e7ar a criatividade, Elixir abra\u00e7a a diversidade e a abertura para deixar despertar os seus sentidos com uma centelha que faz ressurgir mem\u00f3rias ou que o ilumina de surpresa.<\/p>\n<\/div><figure class=\"wp-block-media-text__media\"><img data-recalc-dims=\"1\" loading=\"lazy\" decoding=\"async\" width=\"300\" height=\"300\" src=\"https:\/\/i0.wp.com\/elixar.it\/wp-content\/uploads\/2024\/04\/Inspired-sharp.png?resize=300%2C300&#038;ssl=1\" alt=\"\" class=\"wp-image-7418 size-full\" srcset=\"https:\/\/i0.wp.com\/elixar.it\/wp-content\/uploads\/2024\/04\/Inspired-sharp.png?w=300&amp;ssl=1 300w, https:\/\/i0.wp.com\/elixar.it\/wp-content\/uploads\/2024\/04\/Inspired-sharp.png?resize=150%2C150&amp;ssl=1 150w, https:\/\/i0.wp.com\/elixar.it\/wp-content\/uploads\/2024\/04\/Inspired-sharp.png?resize=200%2C200&amp;ssl=1 200w, https:\/\/i0.wp.com\/elixar.it\/wp-content\/uploads\/2024\/04\/Inspired-sharp.png?resize=100%2C100&amp;ssl=1 100w\" sizes=\"auto, (max-width: 300px) 100vw, 300px\" \/><\/figure><\/div>\n\n\n\n<div class=\"wp-block-media-text is-stacked-on-mobile\" style=\"grid-template-columns:18% auto\"><figure class=\"wp-block-media-text__media\"><img data-recalc-dims=\"1\" loading=\"lazy\" decoding=\"async\" width=\"300\" height=\"300\" src=\"https:\/\/i0.wp.com\/elixar.it\/wp-content\/uploads\/2024\/04\/Friendship-sharp.png?resize=300%2C300&#038;ssl=1\" alt=\"\" class=\"wp-image-7412 size-full\" srcset=\"https:\/\/i0.wp.com\/elixar.it\/wp-content\/uploads\/2024\/04\/Friendship-sharp.png?w=300&amp;ssl=1 300w, https:\/\/i0.wp.com\/elixar.it\/wp-content\/uploads\/2024\/04\/Friendship-sharp.png?resize=150%2C150&amp;ssl=1 150w, https:\/\/i0.wp.com\/elixar.it\/wp-content\/uploads\/2024\/04\/Friendship-sharp.png?resize=200%2C200&amp;ssl=1 200w, https:\/\/i0.wp.com\/elixar.it\/wp-content\/uploads\/2024\/04\/Friendship-sharp.png?resize=100%2C100&amp;ssl=1 100w\" sizes=\"auto, (max-width: 300px) 100vw, 300px\" \/><\/figure><div class=\"wp-block-media-text__content\">\n<h4 class=\"wp-block-heading\">Diga al\u00e9m das palavras<\/h4>\n\n\n\n<p class=\"wp-block-paragraph\">Como uma m\u00fasica&#8230; produtos de beleza e sensoriais podem transmitir mensagens quando as palavras n\u00e3o s\u00e3o suficientes. Acreditamos que presentes e recompensas s\u00e3o importantes para expressar o quanto voc\u00ea se conecta atrav\u00e9s de uma hist\u00f3ria comum e o quanto voc\u00ea se importa com uma pessoa.<\/p>\n<\/div><\/div>\n<\/div>\n","protected":false},"excerpt":{"rendered":"<p>Nossa miss\u00e3o Fazendo voc\u00ea brilhar! O projeto Elixar \u00e9 uma hist\u00f3ria de paix\u00e3o pelos prazeres da vida que partilhamos com os outros, que criam momentos memor\u00e1veis e que nos d\u00e3o novas for\u00e7as. A Funda\u00e7\u00e3o Elixar leva em conta o facto de que demasiados jovens j\u00e1 n\u00e3o encontram a motiva\u00e7\u00e3o certa para seguir em frente, para [&hellip;]<\/p>\n","protected":false},"author":144146929,"featured_media":3007,"parent":0,"menu_order":0,"comment_status":"closed","ping_status":"closed","template":"wp-custom-template-foundation-multilingual","meta":{"_crdt_document":"","footnotes":""},"class_list":["post-3655","page","type-page","status-publish","has-post-thumbnail","hentry"],"yoast_head":"<!-- This site is optimized with the Yoast SEO plugin v27.4 - https:\/\/yoast.com\/product\/yoast-seo-wordpress\/ -->\n<title>Funda\u00e7\u00e3o - Elixar<\/title>\n<meta name=\"robots\" content=\"index, follow, max-snippet:-1, max-image-preview:large, max-video-preview:-1\" \/>\n<link rel=\"canonical\" href=\"https:\/\/elixar.it\/pt-pt\/fundacao\/\" \/>\n<meta property=\"og:locale\" content=\"pt_PT\" \/>\n<meta property=\"og:type\" content=\"article\" \/>\n<meta property=\"og:title\" content=\"Funda\u00e7\u00e3o - Elixar\" \/>\n<meta property=\"og:description\" content=\"Nossa miss\u00e3o Fazendo voc\u00ea brilhar! O projeto Elixar \u00e9 uma hist\u00f3ria de paix\u00e3o pelos prazeres da vida que partilhamos com os outros, que criam momentos memor\u00e1veis e que nos d\u00e3o novas for\u00e7as. A Funda\u00e7\u00e3o Elixar leva em conta o facto de que demasiados jovens j\u00e1 n\u00e3o encontram a motiva\u00e7\u00e3o certa para seguir em frente, para [&hellip;]\" \/>\n<meta property=\"og:url\" content=\"https:\/\/elixar.it\/pt-pt\/fundacao\/\" \/>\n<meta property=\"og:site_name\" content=\"Elixar\" \/>\n<meta property=\"article:modified_time\" content=\"2025-03-27T15:54:59+00:00\" \/>\n<meta property=\"og:image\" content=\"https:\/\/i0.wp.com\/elixar.it\/wp-content\/uploads\/2023\/08\/Foundation-Transparent.png?fit=300%2C300&ssl=1\" \/>\n\t<meta property=\"og:image:width\" content=\"300\" \/>\n\t<meta property=\"og:image:height\" content=\"300\" \/>\n\t<meta property=\"og:image:type\" content=\"image\/png\" \/>\n<meta name=\"twitter:card\" content=\"summary_large_image\" \/>\n<meta name=\"twitter:label1\" content=\"Tempo estimado de leitura\" \/>\n\t<meta name=\"twitter:data1\" content=\"2 minutos\" \/>\n<script type=\"application\/ld+json\" class=\"yoast-schema-graph\">{\"@context\":\"https:\\\/\\\/schema.org\",\"@graph\":[{\"@type\":\"WebPage\",\"@id\":\"https:\\\/\\\/elixar.it\\\/pt-pt\\\/fundacao\\\/\",\"url\":\"https:\\\/\\\/elixar.it\\\/pt-pt\\\/fundacao\\\/\",\"name\":\"Funda\u00e7\u00e3o - Elixar\",\"isPartOf\":{\"@id\":\"https:\\\/\\\/elixar.it\\\/pt-pt\\\/#website\"},\"primaryImageOfPage\":{\"@id\":\"https:\\\/\\\/elixar.it\\\/pt-pt\\\/fundacao\\\/#primaryimage\"},\"image\":{\"@id\":\"https:\\\/\\\/elixar.it\\\/pt-pt\\\/fundacao\\\/#primaryimage\"},\"thumbnailUrl\":\"https:\\\/\\\/i0.wp.com\\\/elixar.it\\\/wp-content\\\/uploads\\\/2023\\\/08\\\/Foundation-Transparent.png?fit=300%2C300&ssl=1\",\"datePublished\":\"2023-08-01T19:15:27+00:00\",\"dateModified\":\"2025-03-27T15:54:59+00:00\",\"breadcrumb\":{\"@id\":\"https:\\\/\\\/elixar.it\\\/pt-pt\\\/fundacao\\\/#breadcrumb\"},\"inLanguage\":\"pt-PT\",\"potentialAction\":[{\"@type\":\"ReadAction\",\"target\":[\"https:\\\/\\\/elixar.it\\\/pt-pt\\\/fundacao\\\/\"]}]},{\"@type\":\"ImageObject\",\"inLanguage\":\"pt-PT\",\"@id\":\"https:\\\/\\\/elixar.it\\\/pt-pt\\\/fundacao\\\/#primaryimage\",\"url\":\"https:\\\/\\\/i0.wp.com\\\/elixar.it\\\/wp-content\\\/uploads\\\/2023\\\/08\\\/Foundation-Transparent.png?fit=300%2C300&ssl=1\",\"contentUrl\":\"https:\\\/\\\/i0.wp.com\\\/elixar.it\\\/wp-content\\\/uploads\\\/2023\\\/08\\\/Foundation-Transparent.png?fit=300%2C300&ssl=1\",\"width\":300,\"height\":300},{\"@type\":\"BreadcrumbList\",\"@id\":\"https:\\\/\\\/elixar.it\\\/pt-pt\\\/fundacao\\\/#breadcrumb\",\"itemListElement\":[{\"@type\":\"ListItem\",\"position\":1,\"name\":\"Home\",\"item\":\"https:\\\/\\\/elixar.it\\\/pt-pt\\\/\"},{\"@type\":\"ListItem\",\"position\":2,\"name\":\"Funda\u00e7\u00e3o\"}]},{\"@type\":\"WebSite\",\"@id\":\"https:\\\/\\\/elixar.it\\\/pt-pt\\\/#website\",\"url\":\"https:\\\/\\\/elixar.it\\\/pt-pt\\\/\",\"name\":\"Elixar\",\"description\":\"activate your senses and shine\",\"publisher\":{\"@id\":\"https:\\\/\\\/elixar.it\\\/pt-pt\\\/#organization\"},\"potentialAction\":[{\"@type\":\"SearchAction\",\"target\":{\"@type\":\"EntryPoint\",\"urlTemplate\":\"https:\\\/\\\/elixar.it\\\/pt-pt\\\/?s={search_term_string}\"},\"query-input\":{\"@type\":\"PropertyValueSpecification\",\"valueRequired\":true,\"valueName\":\"search_term_string\"}}],\"inLanguage\":\"pt-PT\"},{\"@type\":\"Organization\",\"@id\":\"https:\\\/\\\/elixar.it\\\/pt-pt\\\/#organization\",\"name\":\"Elixar\",\"url\":\"https:\\\/\\\/elixar.it\\\/pt-pt\\\/\",\"logo\":{\"@type\":\"ImageObject\",\"inLanguage\":\"pt-PT\",\"@id\":\"https:\\\/\\\/elixar.it\\\/pt-pt\\\/#\\\/schema\\\/logo\\\/image\\\/\",\"url\":\"https:\\\/\\\/i0.wp.com\\\/elixar.it\\\/wp-content\\\/uploads\\\/2025\\\/10\\\/Color-logo-no-flame-no-background-L-Copy.png?fit=2592%2C1267&ssl=1\",\"contentUrl\":\"https:\\\/\\\/i0.wp.com\\\/elixar.it\\\/wp-content\\\/uploads\\\/2025\\\/10\\\/Color-logo-no-flame-no-background-L-Copy.png?fit=2592%2C1267&ssl=1\",\"width\":2592,\"height\":1267,\"caption\":\"Elixar\"},\"image\":{\"@id\":\"https:\\\/\\\/elixar.it\\\/pt-pt\\\/#\\\/schema\\\/logo\\\/image\\\/\"}}]}<\/script>\n<!-- \/ Yoast SEO plugin. -->","yoast_head_json":{"title":"Funda\u00e7\u00e3o - Elixar","robots":{"index":"index","follow":"follow","max-snippet":"max-snippet:-1","max-image-preview":"max-image-preview:large","max-video-preview":"max-video-preview:-1"},"canonical":"https:\/\/elixar.it\/pt-pt\/fundacao\/","og_locale":"pt_PT","og_type":"article","og_title":"Funda\u00e7\u00e3o - Elixar","og_description":"Nossa miss\u00e3o Fazendo voc\u00ea brilhar! O projeto Elixar \u00e9 uma hist\u00f3ria de paix\u00e3o pelos prazeres da vida que partilhamos com os outros, que criam momentos memor\u00e1veis e que nos d\u00e3o novas for\u00e7as. A Funda\u00e7\u00e3o Elixar leva em conta o facto de que demasiados jovens j\u00e1 n\u00e3o encontram a motiva\u00e7\u00e3o certa para seguir em frente, para [&hellip;]","og_url":"https:\/\/elixar.it\/pt-pt\/fundacao\/","og_site_name":"Elixar","article_modified_time":"2025-03-27T15:54:59+00:00","og_image":[{"width":300,"height":300,"url":"https:\/\/i0.wp.com\/elixar.it\/wp-content\/uploads\/2023\/08\/Foundation-Transparent.png?fit=300%2C300&ssl=1","type":"image\/png"}],"twitter_card":"summary_large_image","twitter_misc":{"Tempo estimado de leitura":"2 minutos"},"schema":{"@context":"https:\/\/schema.org","@graph":[{"@type":"WebPage","@id":"https:\/\/elixar.it\/pt-pt\/fundacao\/","url":"https:\/\/elixar.it\/pt-pt\/fundacao\/","name":"Funda\u00e7\u00e3o - Elixar","isPartOf":{"@id":"https:\/\/elixar.it\/pt-pt\/#website"},"primaryImageOfPage":{"@id":"https:\/\/elixar.it\/pt-pt\/fundacao\/#primaryimage"},"image":{"@id":"https:\/\/elixar.it\/pt-pt\/fundacao\/#primaryimage"},"thumbnailUrl":"https:\/\/i0.wp.com\/elixar.it\/wp-content\/uploads\/2023\/08\/Foundation-Transparent.png?fit=300%2C300&ssl=1","datePublished":"2023-08-01T19:15:27+00:00","dateModified":"2025-03-27T15:54:59+00:00","breadcrumb":{"@id":"https:\/\/elixar.it\/pt-pt\/fundacao\/#breadcrumb"},"inLanguage":"pt-PT","potentialAction":[{"@type":"ReadAction","target":["https:\/\/elixar.it\/pt-pt\/fundacao\/"]}]},{"@type":"ImageObject","inLanguage":"pt-PT","@id":"https:\/\/elixar.it\/pt-pt\/fundacao\/#primaryimage","url":"https:\/\/i0.wp.com\/elixar.it\/wp-content\/uploads\/2023\/08\/Foundation-Transparent.png?fit=300%2C300&ssl=1","contentUrl":"https:\/\/i0.wp.com\/elixar.it\/wp-content\/uploads\/2023\/08\/Foundation-Transparent.png?fit=300%2C300&ssl=1","width":300,"height":300},{"@type":"BreadcrumbList","@id":"https:\/\/elixar.it\/pt-pt\/fundacao\/#breadcrumb","itemListElement":[{"@type":"ListItem","position":1,"name":"Home","item":"https:\/\/elixar.it\/pt-pt\/"},{"@type":"ListItem","position":2,"name":"Funda\u00e7\u00e3o"}]},{"@type":"WebSite","@id":"https:\/\/elixar.it\/pt-pt\/#website","url":"https:\/\/elixar.it\/pt-pt\/","name":"Elixar","description":"activate your senses and shine","publisher":{"@id":"https:\/\/elixar.it\/pt-pt\/#organization"},"potentialAction":[{"@type":"SearchAction","target":{"@type":"EntryPoint","urlTemplate":"https:\/\/elixar.it\/pt-pt\/?s={search_term_string}"},"query-input":{"@type":"PropertyValueSpecification","valueRequired":true,"valueName":"search_term_string"}}],"inLanguage":"pt-PT"},{"@type":"Organization","@id":"https:\/\/elixar.it\/pt-pt\/#organization","name":"Elixar","url":"https:\/\/elixar.it\/pt-pt\/","logo":{"@type":"ImageObject","inLanguage":"pt-PT","@id":"https:\/\/elixar.it\/pt-pt\/#\/schema\/logo\/image\/","url":"https:\/\/i0.wp.com\/elixar.it\/wp-content\/uploads\/2025\/10\/Color-logo-no-flame-no-background-L-Copy.png?fit=2592%2C1267&ssl=1","contentUrl":"https:\/\/i0.wp.com\/elixar.it\/wp-content\/uploads\/2025\/10\/Color-logo-no-flame-no-background-L-Copy.png?fit=2592%2C1267&ssl=1","width":2592,"height":1267,"caption":"Elixar"},"image":{"@id":"https:\/\/elixar.it\/pt-pt\/#\/schema\/logo\/image\/"}}]}},"jetpack_sharing_enabled":true,"jetpack_likes_enabled":true,"jetpack_shortlink":"https:\/\/wp.me\/PeVjk8-WX","jetpack-related-posts":[],"_links":{"self":[{"href":"https:\/\/elixar.it\/pt-pt\/wp-json\/wp\/v2\/pages\/3655","targetHints":{"allow":["GET"]}}],"collection":[{"href":"https:\/\/elixar.it\/pt-pt\/wp-json\/wp\/v2\/pages"}],"about":[{"href":"https:\/\/elixar.it\/pt-pt\/wp-json\/wp\/v2\/types\/page"}],"author":[{"embeddable":true,"href":"https:\/\/elixar.it\/pt-pt\/wp-json\/wp\/v2\/users\/144146929"}],"replies":[{"embeddable":true,"href":"https:\/\/elixar.it\/pt-pt\/wp-json\/wp\/v2\/comments?post=3655"}],"version-history":[{"count":9,"href":"https:\/\/elixar.it\/pt-pt\/wp-json\/wp\/v2\/pages\/3655\/revisions"}],"predecessor-version":[{"id":7541,"href":"https:\/\/elixar.it\/pt-pt\/wp-json\/wp\/v2\/pages\/3655\/revisions\/7541"}],"wp:featuredmedia":[{"embeddable":true,"href":"https:\/\/elixar.it\/pt-pt\/wp-json\/wp\/v2\/media\/3007"}],"wp:attachment":[{"href":"https:\/\/elixar.it\/pt-pt\/wp-json\/wp\/v2\/media?parent=3655"}],"curies":[{"name":"wp","href":"https:\/\/api.w.org\/{rel}","templated":true}]}}