{"id":7790,"date":"2023-07-02T15:48:38","date_gmt":"2023-07-02T13:48:38","guid":{"rendered":"https:\/\/elixar.it\/about-us\/"},"modified":"2026-02-09T17:49:01","modified_gmt":"2026-02-09T16:49:01","slug":"about-us","status":"publish","type":"page","link":"https:\/\/elixar.it\/pt-pt\/about-us\/","title":{"rendered":"Sobre n\u00f3s"},"content":{"rendered":"<p><script type=\"application\/ld+json\">{\n  \"@context\": \"https:\/\/schema.org\",\n  \"@type\": \"Person\",\n  \"@id\": \"https:\/\/elixar.it\/#jeremy-leroux\",\n  \"name\": \"Jeremy Leroux\",\n  \"jobTitle\": \"Founder of Elixar\",\n  \"description\": \"Jeremy Leroux is the founder of Elixar and the creator of Sensory Leadership programs applied to business teams. He is a former Managing Director in B2B manufacturing with more than 20 years of international executive experience.\",\n  \"affiliation\": {\n    \"@type\": \"Organization\",\n    \"name\": \"Elixar\",\n    \"url\": \"https:\/\/elixar.it\"\n  },\n  \"knowsAbout\": [\n    \"Sensory Leadership\",\n    \"Leadership development\",\n    \"Strategic decision-making\",\n    \"Neuroscience and learning\",\n    \"Team alignment\",\n    \"Olfaction and perception\"\n  ],\n  \"sameAs\": [\n    \"https:\/\/www.linkedin.com\/in\/lerouxjeremy\/\"\n  ]\n}\n<\/script><\/p>\n\n<div class=\"wp-block-cover has-parallax\"><div class=\"wp-block-cover__image-background wp-image-11773 size-large has-parallax\" style=\"background-position:50% 50%;background-image:url(https:\/\/elixar.it\/wp-content\/uploads\/2025\/08\/Fumes-4-1024x683.png)\"><\/div><span aria-hidden=\"true\" class=\"wp-block-cover__background has-foreground-background-color has-background-dim\"><\/span><div class=\"wp-block-cover__inner-container has-global-padding is-layout-constrained wp-block-cover-is-layout-constrained\">\n<div style=\"height:31px\" aria-hidden=\"true\" class=\"wp-block-spacer\"><\/div>\n\n\n\n<div class=\"wp-block-group .add-remove-bottom-space is-layout-flow wp-container-core-group-is-layout-fa7c4fb7 wp-block-group-is-layout-flow\" style=\"margin-top:0;margin-bottom:0;padding-top:0;padding-right:0;padding-bottom:0;padding-left:0\">\n<p class=\"has-text-align-center has-custom-color-4-color has-text-color has-roboto-slab-font-family has-x-large-font-size wp-block-paragraph\" id=\"approach\" style=\"font-style:normal;font-weight:400;letter-spacing:2px;line-height:1.5\"><strong>Nossa abordagem<\/strong><\/p>\n\n\n\n<div style=\"height:40px\" aria-hidden=\"true\" class=\"wp-block-spacer\"><\/div>\n\n\n\n<p class=\"has-text-align-center has-background-color has-text-color has-link-color has-roboto-slab-font-family wp-elements-667a5e5cb9ed611f88723ab27d5fc933 wp-block-paragraph\" style=\"font-style:normal;font-weight:300\">A Elixar cultiva experi\u00eancias memor\u00e1veis \u200b\u200bque movem as pessoas, estimulam a\u00e7\u00f5es e geram resultados.<\/p>\n\n\n\n<div style=\"height:47px\" aria-hidden=\"true\" class=\"wp-block-spacer\"><\/div>\n\n\n\n<p class=\"has-text-align-center has-background-color has-text-color has-link-color has-roboto-slab-font-family wp-elements-aa5ff5ff4790d3c45cfe02fe022a3889 wp-block-paragraph\" style=\"font-style:normal;font-weight:300\">Ajudamos equipas e talentos a combinar sentidos com estrat\u00e9gia.<br\/>Porque acreditamos que, na era da conectividade e da velocidade,<\/p>\n\n\n\n<div style=\"height:14px\" aria-hidden=\"true\" class=\"wp-block-spacer\"><\/div>\n\n\n\n<p class=\"has-text-align-center has-background-color has-text-color has-link-color has-roboto-slab-font-family has-large-font-size wp-elements-a253699e1c23074ae50042ac8d01c8ce wp-block-paragraph\" style=\"font-style:normal;font-weight:300\"><strong><em>a verdadeira lideran\u00e7a \u00e9 a disciplina de permanecer humano.<\/em><\/strong><\/p>\n\n\n\n<p class=\"has-text-align-center has-custom-color-4-color has-text-color has-link-color has-roboto-slab-font-family has-small-font-size wp-elements-7dca60e5c243a42c9f0fa55da56bc134 wp-block-paragraph\" style=\"font-style:normal;font-weight:100\">(Para a estrutura completa, visite <a href=\"https:\/\/elixar.it\/sensory-leadership\/\" data-type=\"page\" data-id=\"6161\" target=\"_blank\" rel=\"noreferrer noopener\">sensoryleadership.org<\/a>)<\/p>\n\n\n\n<div style=\"height:65px\" aria-hidden=\"true\" class=\"wp-block-spacer\"><\/div>\n\n\n\n<div class=\"wp-block-jetpack-slideshow aligncenter\" data-autoplay=\"true\" data-delay=\"3\" data-effect=\"fade\"><div class=\"wp-block-jetpack-slideshow_container swiper\"><ul class=\"wp-block-jetpack-slideshow_swiper-wrapper swiper-wrapper\"><li class=\"wp-block-jetpack-slideshow_slide swiper-slide\"><figure><img data-recalc-dims=\"1\" loading=\"lazy\" decoding=\"async\" width=\"1200\" height=\"600\" alt=\"\" class=\"wp-block-jetpack-slideshow_image wp-image-6021\" data-id=\"6021\" src=\"https:\/\/i0.wp.com\/elixar.it\/wp-content\/uploads\/2024\/02\/Fragrance-Pleasure-full.png?resize=1200%2C600&#038;ssl=1\" srcset=\"https:\/\/i0.wp.com\/elixar.it\/wp-content\/uploads\/2024\/02\/Fragrance-Pleasure-full.png?w=1200&amp;ssl=1 1200w, https:\/\/i0.wp.com\/elixar.it\/wp-content\/uploads\/2024\/02\/Fragrance-Pleasure-full.png?resize=300%2C150&amp;ssl=1 300w, https:\/\/i0.wp.com\/elixar.it\/wp-content\/uploads\/2024\/02\/Fragrance-Pleasure-full.png?resize=1024%2C512&amp;ssl=1 1024w, https:\/\/i0.wp.com\/elixar.it\/wp-content\/uploads\/2024\/02\/Fragrance-Pleasure-full.png?resize=768%2C384&amp;ssl=1 768w, https:\/\/i0.wp.com\/elixar.it\/wp-content\/uploads\/2024\/02\/Fragrance-Pleasure-full.png?resize=600%2C300&amp;ssl=1 600w\" sizes=\"(max-width: 1000px) 100vw, 1000px\" \/><figcaption class=\"wp-block-jetpack-slideshow_caption gallery-caption\">SENTIR \u2013 Fragr\u00e2ncias e Beleza<\/figcaption><\/figure><\/li><li class=\"wp-block-jetpack-slideshow_slide swiper-slide\"><figure><img data-recalc-dims=\"1\" loading=\"lazy\" decoding=\"async\" width=\"1200\" height=\"600\" alt=\"\" class=\"wp-block-jetpack-slideshow_image wp-image-5481\" data-id=\"5481\" src=\"https:\/\/i0.wp.com\/elixar.it\/wp-content\/uploads\/2023\/12\/Care-and-Gift-1d.png?resize=1200%2C600&#038;ssl=1\" srcset=\"https:\/\/i0.wp.com\/elixar.it\/wp-content\/uploads\/2023\/12\/Care-and-Gift-1d.png?w=1200&amp;ssl=1 1200w, https:\/\/i0.wp.com\/elixar.it\/wp-content\/uploads\/2023\/12\/Care-and-Gift-1d.png?resize=300%2C150&amp;ssl=1 300w, https:\/\/i0.wp.com\/elixar.it\/wp-content\/uploads\/2023\/12\/Care-and-Gift-1d.png?resize=1024%2C512&amp;ssl=1 1024w, https:\/\/i0.wp.com\/elixar.it\/wp-content\/uploads\/2023\/12\/Care-and-Gift-1d.png?resize=768%2C384&amp;ssl=1 768w, https:\/\/i0.wp.com\/elixar.it\/wp-content\/uploads\/2023\/12\/Care-and-Gift-1d.png?resize=600%2C300&amp;ssl=1 600w\" sizes=\"(max-width: 1000px) 100vw, 1000px\" \/><figcaption class=\"wp-block-jetpack-slideshow_caption gallery-caption\">DAR \u2013 Presentes e Inspira\u00e7\u00e3o<\/figcaption><\/figure><\/li><li class=\"wp-block-jetpack-slideshow_slide swiper-slide\"><figure><img data-recalc-dims=\"1\" loading=\"lazy\" decoding=\"async\" width=\"1200\" height=\"600\" alt=\"\" class=\"wp-block-jetpack-slideshow_image wp-image-6015\" data-id=\"6015\" src=\"https:\/\/i0.wp.com\/elixar.it\/wp-content\/uploads\/2024\/02\/Connect.png?resize=1200%2C600&#038;ssl=1\" srcset=\"https:\/\/i0.wp.com\/elixar.it\/wp-content\/uploads\/2024\/02\/Connect.png?w=1200&amp;ssl=1 1200w, https:\/\/i0.wp.com\/elixar.it\/wp-content\/uploads\/2024\/02\/Connect.png?resize=300%2C150&amp;ssl=1 300w, https:\/\/i0.wp.com\/elixar.it\/wp-content\/uploads\/2024\/02\/Connect.png?resize=1024%2C512&amp;ssl=1 1024w, https:\/\/i0.wp.com\/elixar.it\/wp-content\/uploads\/2024\/02\/Connect.png?resize=768%2C384&amp;ssl=1 768w, https:\/\/i0.wp.com\/elixar.it\/wp-content\/uploads\/2024\/02\/Connect.png?resize=600%2C300&amp;ssl=1 600w\" sizes=\"(max-width: 1000px) 100vw, 1000px\" \/><figcaption class=\"wp-block-jetpack-slideshow_caption gallery-caption\">CONECTAR \u2013 Tradi\u00e7\u00f5es e Evolu\u00e7\u00f5es<\/figcaption><\/figure><\/li><\/ul><a class=\"wp-block-jetpack-slideshow_button-prev swiper-button-prev swiper-button-white\" role=\"button\"><\/a><a class=\"wp-block-jetpack-slideshow_button-next swiper-button-next swiper-button-white\" role=\"button\"><\/a><a aria-label=\"Pause Slideshow\" class=\"wp-block-jetpack-slideshow_button-pause\" role=\"button\"><\/a><div class=\"wp-block-jetpack-slideshow_pagination swiper-pagination swiper-pagination-white\"><\/div><\/div><\/div>\n\n\n\n<div style=\"height:64px\" aria-hidden=\"true\" class=\"wp-block-spacer\"><\/div>\n\n\n\n<div class=\"wp-block-columns is-layout-flex wp-container-core-columns-is-layout-d22036bf wp-block-columns-is-layout-flex\" style=\"padding-right:var(--wp--preset--spacing--40);padding-left:var(--wp--preset--spacing--40)\">\n<div class=\"wp-block-column is-layout-flow wp-block-column-is-layout-flow\">\n<h2 class=\"wp-block-heading has-text-align-center has-background-color has-text-color has-roboto-slab-font-family\" id=\"sense\" style=\"font-size:32px\">Sentir<\/h2>\n\n\n\n<p class=\"has-roboto-slab-font-family wp-block-paragraph\" style=\"font-style:normal;font-weight:300\">Convidamos as pessoas a usar os seus sentidos e a sua intui\u00e7\u00e3o, juntamente com uma cogni\u00e7\u00e3o propositada.<\/p>\n\n\n\n<div style=\"height:25px\" aria-hidden=\"true\" class=\"wp-block-spacer\"><\/div>\n<\/div>\n\n\n\n<div class=\"wp-block-column is-layout-flow wp-block-column-is-layout-flow\">\n<h2 class=\"wp-block-heading has-text-align-center has-background-color has-text-color has-roboto-slab-font-family\" id=\"give\" style=\"font-size:32px\">Dar<\/h2>\n\n\n\n<p class=\"has-roboto-slab-font-family wp-block-paragraph\" style=\"font-style:normal;font-weight:300\">Perpetuamos a tradi\u00e7\u00e3o de celebrar e oferecer, juntamente com uma dedica\u00e7\u00e3o altru\u00edsta.<\/p>\n\n\n\n<div style=\"height:25px\" aria-hidden=\"true\" class=\"wp-block-spacer\"><\/div>\n<\/div>\n\n\n\n<div class=\"wp-block-column is-layout-flow wp-block-column-is-layout-flow\">\n<h2 class=\"wp-block-heading has-text-align-center has-background-color has-text-color has-roboto-slab-font-family\" id=\"connect\" style=\"font-size:32px\">Conectar<\/h2>\n\n\n\n<p class=\"has-roboto-slab-font-family wp-block-paragraph\" style=\"font-style:normal;font-weight:300\">Desencadeamos momentos especiais que nos unem e selam la\u00e7os duradouros.<\/p>\n\n\n\n<div style=\"height:79px\" aria-hidden=\"true\" class=\"wp-block-spacer\"><\/div>\n<\/div>\n<\/div>\n\n\n\n<p class=\"has-text-align-center has-background-color has-text-color has-roboto-slab-font-family wp-block-paragraph\" id=\"mission\" style=\"font-size:20px;font-style:normal;font-weight:300\">nossa miss\u00e3o \u00e9<\/p>\n\n\n\n<div style=\"height:18px\" aria-hidden=\"true\" class=\"wp-block-spacer\"><\/div>\n\n\n\n<p class=\"has-text-align-center has-background-color has-text-color has-roboto-slab-font-family wp-block-paragraph\" style=\"font-size:25px;font-style:normal;font-weight:400\">FAZER VOC\u00ca BRILHAR<\/p>\n\n\n\n<p class=\"has-text-align-center has-background-color has-text-color has-roboto-slab-font-family wp-block-paragraph\" style=\"font-size:25px;font-style:normal;font-weight:100\">ao revelar a sua natureza e a sua centelha<\/p>\n\n\n\n<div style=\"height:98px\" aria-hidden=\"true\" class=\"wp-block-spacer\"><\/div>\n\n\n\n<p class=\"has-text-align-center has-custom-color-4-color has-text-color has-link-color has-roboto-slab-font-family has-medium-font-size wp-elements-44854922e2114d017cb7b9b8192133b3 wp-block-paragraph\"><a href=\"https:\/\/elixar.it\/pt-pt\/events\/\" data-type=\"link\" data-id=\"https:\/\/elixar.it\/events\/\">descubra o mundo do Elixar<\/a><\/p>\n<\/div>\n\n\n\n<div style=\"height:54px\" aria-hidden=\"true\" class=\"wp-block-spacer\"><\/div>\n\n\n\n<div class=\"wp-block-columns are-vertically-aligned-center is-layout-flex wp-container-core-columns-is-layout-79fb870f wp-block-columns-is-layout-flex\">\n<div class=\"wp-block-column is-vertically-aligned-center is-layout-flow wp-block-column-is-layout-flow\" style=\"flex-basis:34%\">\n\t\t<figure class=\"wp-block-jetpack-videopress jetpack-videopress-player aligncenter wp-block-jetpack-videopress--has-max-width\" style=\"max-width: 202px;\" >\n\t\t\t<div class=\"jetpack-videopress-player__wrapper\"> <iframe title=\"VideoPress Video Player\" aria-label='VideoPress Video Player' width='421' height='750' src='https:\/\/videopress.com\/embed\/1AqTyGLW?cover=1&amp;autoPlay=1&amp;controls=1&amp;loop=1&amp;muted=0&amp;persistVolume=1&amp;playsinline=0&amp;preloadContent=metadata&amp;useAverageColor=1&amp;hd=0' frameborder='0' allowfullscreen data-resize-to-parent=\"true\" allow='clipboard-write'><\/iframe><script src='https:\/\/v0.wordpress.com\/js\/next\/videopress-iframe.js?m=1739540970'><\/script><\/div>\n\t\t\t\n\t\t\t\n\t\t<\/figure>\n\t\t<\/div>\n\n\n\n<div class=\"wp-block-column is-vertically-aligned-center is-layout-flow wp-block-column-is-layout-flow\" style=\"flex-basis:66%\">\n<div style=\"height:45px\" aria-hidden=\"true\" class=\"wp-block-spacer\"><\/div>\n\n\n\n<div class=\"wp-block-group has-global-padding is-layout-constrained wp-block-group-is-layout-constrained\">\n<h2 class=\"wp-block-heading has-text-align-center has-custom-color-4-color has-text-color has-roboto-slab-font-family has-x-large-font-size\" id=\"why-elixar\" style=\"font-style:normal;font-weight:400;letter-spacing:2px\"><strong>Por que Elixir?<\/strong><\/h2>\n\n\n\n<div style=\"height:42px\" aria-hidden=\"true\" class=\"wp-block-spacer\"><\/div>\n\n\n\n<blockquote class=\"wp-block-quote is-layout-flow wp-block-quote-is-layout-flow\" style=\"margin-right:var(--wp--preset--spacing--60);margin-left:var(--wp--preset--spacing--60);padding-right:5.7rem;padding-left:5.7rem\">\n<p class=\"has-custom-color-5-color has-text-color has-link-color wp-elements-abc5b358edba2869cc74dc381cd0eb91 wp-block-paragraph\"><em><em>&#8220;Na Elixar, come\u00e7amos por aquilo que temos em comum enquanto seres humanos: os nossos sentidos.<\/em><\/em><br\/><br\/><em>Independentemente das culturas e das gera\u00e7\u00f5es, os nossos sentidos trazem-nos inspira\u00e7\u00e3o. Este \u00e9 um passo para ver beleza na diversidade e transmitir emo\u00e7\u00f5es motivadoras. <\/em><br\/><em>Elixar trata-se tamb\u00e9m de pensar e agir com m\u00e9todo e coer\u00eancia para que a centelha da inspira\u00e7\u00e3o o possa fazer brilhar atrav\u00e9s das suas realiza\u00e7\u00f5es.&#8221;<\/em><\/p>\n<cite>Jeremy Leroux, <em>Fundador da Elixar<\/em><\/cite><\/blockquote>\n\n\n\n<div style=\"height:80px\" aria-hidden=\"true\" class=\"wp-block-spacer\"><\/div>\n<\/div>\n\n\n\n<p class=\"has-text-align-center has-custom-color-4-color has-text-color has-link-color has-roboto-slab-font-family has-small-font-size wp-elements-189bb147d24f210213ddffade7348ff3 wp-block-paragraph\" style=\"font-style:normal;font-weight:100\"><a href=\"https:\/\/elixar.it\/impact\/#booking\">agendar uma chamada<\/a><\/p>\n<\/div>\n<\/div>\n\n\n\n<div style=\"height:34px\" aria-hidden=\"true\" class=\"wp-block-spacer\"><\/div>\n<\/div><\/div>\n","protected":false},"excerpt":{"rendered":"","protected":false},"author":144146929,"featured_media":7503,"parent":0,"menu_order":0,"comment_status":"closed","ping_status":"closed","template":"wp-custom-template-home-multilingual","meta":{"_crdt_document":"","footnotes":""},"class_list":["post-7790","page","type-page","status-publish","has-post-thumbnail","hentry"],"yoast_head":"<!-- This site is optimized with the Yoast SEO plugin v27.4 - https:\/\/yoast.com\/product\/yoast-seo-wordpress\/ -->\n<title>Sobre n\u00f3s - Elixar<\/title>\n<meta name=\"robots\" content=\"index, follow, max-snippet:-1, max-image-preview:large, max-video-preview:-1\" \/>\n<link rel=\"canonical\" href=\"https:\/\/elixar.it\/pt-pt\/about-us\/\" \/>\n<meta property=\"og:locale\" content=\"pt_PT\" \/>\n<meta property=\"og:type\" content=\"article\" \/>\n<meta property=\"og:title\" content=\"Sobre n\u00f3s - Elixar\" \/>\n<meta property=\"og:url\" content=\"https:\/\/elixar.it\/pt-pt\/about-us\/\" \/>\n<meta property=\"og:site_name\" content=\"Elixar\" \/>\n<meta property=\"article:modified_time\" content=\"2026-02-09T16:49:01+00:00\" \/>\n<meta property=\"og:image\" content=\"https:\/\/i0.wp.com\/elixar.it\/wp-content\/uploads\/2024\/04\/Roots.png?fit=300%2C300&ssl=1\" \/>\n\t<meta property=\"og:image:width\" content=\"300\" \/>\n\t<meta property=\"og:image:height\" content=\"300\" \/>\n\t<meta property=\"og:image:type\" content=\"image\/png\" \/>\n<meta name=\"twitter:card\" content=\"summary_large_image\" \/>\n<meta name=\"twitter:label1\" content=\"Tempo estimado de leitura\" \/>\n\t<meta name=\"twitter:data1\" content=\"1 minuto\" \/>\n<script type=\"application\/ld+json\" class=\"yoast-schema-graph\">{\"@context\":\"https:\\\/\\\/schema.org\",\"@graph\":[{\"@type\":\"WebPage\",\"@id\":\"https:\\\/\\\/elixar.it\\\/pt-pt\\\/about-us\\\/\",\"url\":\"https:\\\/\\\/elixar.it\\\/pt-pt\\\/about-us\\\/\",\"name\":\"Sobre n\u00f3s - Elixar\",\"isPartOf\":{\"@id\":\"https:\\\/\\\/elixar.it\\\/pt-pt\\\/#website\"},\"primaryImageOfPage\":{\"@id\":\"https:\\\/\\\/elixar.it\\\/pt-pt\\\/about-us\\\/#primaryimage\"},\"image\":{\"@id\":\"https:\\\/\\\/elixar.it\\\/pt-pt\\\/about-us\\\/#primaryimage\"},\"thumbnailUrl\":\"https:\\\/\\\/i0.wp.com\\\/elixar.it\\\/wp-content\\\/uploads\\\/2024\\\/04\\\/Roots.png?fit=300%2C300&ssl=1\",\"datePublished\":\"2023-07-02T13:48:38+00:00\",\"dateModified\":\"2026-02-09T16:49:01+00:00\",\"breadcrumb\":{\"@id\":\"https:\\\/\\\/elixar.it\\\/pt-pt\\\/about-us\\\/#breadcrumb\"},\"inLanguage\":\"pt-PT\",\"potentialAction\":[{\"@type\":\"ReadAction\",\"target\":[\"https:\\\/\\\/elixar.it\\\/pt-pt\\\/about-us\\\/\"]}]},{\"@type\":\"ImageObject\",\"inLanguage\":\"pt-PT\",\"@id\":\"https:\\\/\\\/elixar.it\\\/pt-pt\\\/about-us\\\/#primaryimage\",\"url\":\"https:\\\/\\\/i0.wp.com\\\/elixar.it\\\/wp-content\\\/uploads\\\/2024\\\/04\\\/Roots.png?fit=300%2C300&ssl=1\",\"contentUrl\":\"https:\\\/\\\/i0.wp.com\\\/elixar.it\\\/wp-content\\\/uploads\\\/2024\\\/04\\\/Roots.png?fit=300%2C300&ssl=1\",\"width\":300,\"height\":300},{\"@type\":\"BreadcrumbList\",\"@id\":\"https:\\\/\\\/elixar.it\\\/pt-pt\\\/about-us\\\/#breadcrumb\",\"itemListElement\":[{\"@type\":\"ListItem\",\"position\":1,\"name\":\"Home\",\"item\":\"https:\\\/\\\/elixar.it\\\/pt-pt\\\/\"},{\"@type\":\"ListItem\",\"position\":2,\"name\":\"Sobre n\u00f3s\"}]},{\"@type\":\"WebSite\",\"@id\":\"https:\\\/\\\/elixar.it\\\/pt-pt\\\/#website\",\"url\":\"https:\\\/\\\/elixar.it\\\/pt-pt\\\/\",\"name\":\"Elixar\",\"description\":\"activate your senses and shine\",\"publisher\":{\"@id\":\"https:\\\/\\\/elixar.it\\\/pt-pt\\\/#organization\"},\"potentialAction\":[{\"@type\":\"SearchAction\",\"target\":{\"@type\":\"EntryPoint\",\"urlTemplate\":\"https:\\\/\\\/elixar.it\\\/pt-pt\\\/?s={search_term_string}\"},\"query-input\":{\"@type\":\"PropertyValueSpecification\",\"valueRequired\":true,\"valueName\":\"search_term_string\"}}],\"inLanguage\":\"pt-PT\"},{\"@type\":\"Organization\",\"@id\":\"https:\\\/\\\/elixar.it\\\/pt-pt\\\/#organization\",\"name\":\"Elixar\",\"url\":\"https:\\\/\\\/elixar.it\\\/pt-pt\\\/\",\"logo\":{\"@type\":\"ImageObject\",\"inLanguage\":\"pt-PT\",\"@id\":\"https:\\\/\\\/elixar.it\\\/pt-pt\\\/#\\\/schema\\\/logo\\\/image\\\/\",\"url\":\"https:\\\/\\\/i0.wp.com\\\/elixar.it\\\/wp-content\\\/uploads\\\/2025\\\/10\\\/Color-logo-no-flame-no-background-L-Copy.png?fit=2592%2C1267&ssl=1\",\"contentUrl\":\"https:\\\/\\\/i0.wp.com\\\/elixar.it\\\/wp-content\\\/uploads\\\/2025\\\/10\\\/Color-logo-no-flame-no-background-L-Copy.png?fit=2592%2C1267&ssl=1\",\"width\":2592,\"height\":1267,\"caption\":\"Elixar\"},\"image\":{\"@id\":\"https:\\\/\\\/elixar.it\\\/pt-pt\\\/#\\\/schema\\\/logo\\\/image\\\/\"}}]}<\/script>\n<!-- \/ Yoast SEO plugin. -->","yoast_head_json":{"title":"Sobre n\u00f3s - Elixar","robots":{"index":"index","follow":"follow","max-snippet":"max-snippet:-1","max-image-preview":"max-image-preview:large","max-video-preview":"max-video-preview:-1"},"canonical":"https:\/\/elixar.it\/pt-pt\/about-us\/","og_locale":"pt_PT","og_type":"article","og_title":"Sobre n\u00f3s - Elixar","og_url":"https:\/\/elixar.it\/pt-pt\/about-us\/","og_site_name":"Elixar","article_modified_time":"2026-02-09T16:49:01+00:00","og_image":[{"width":300,"height":300,"url":"https:\/\/i0.wp.com\/elixar.it\/wp-content\/uploads\/2024\/04\/Roots.png?fit=300%2C300&ssl=1","type":"image\/png"}],"twitter_card":"summary_large_image","twitter_misc":{"Tempo estimado de leitura":"1 minuto"},"schema":{"@context":"https:\/\/schema.org","@graph":[{"@type":"WebPage","@id":"https:\/\/elixar.it\/pt-pt\/about-us\/","url":"https:\/\/elixar.it\/pt-pt\/about-us\/","name":"Sobre n\u00f3s - Elixar","isPartOf":{"@id":"https:\/\/elixar.it\/pt-pt\/#website"},"primaryImageOfPage":{"@id":"https:\/\/elixar.it\/pt-pt\/about-us\/#primaryimage"},"image":{"@id":"https:\/\/elixar.it\/pt-pt\/about-us\/#primaryimage"},"thumbnailUrl":"https:\/\/i0.wp.com\/elixar.it\/wp-content\/uploads\/2024\/04\/Roots.png?fit=300%2C300&ssl=1","datePublished":"2023-07-02T13:48:38+00:00","dateModified":"2026-02-09T16:49:01+00:00","breadcrumb":{"@id":"https:\/\/elixar.it\/pt-pt\/about-us\/#breadcrumb"},"inLanguage":"pt-PT","potentialAction":[{"@type":"ReadAction","target":["https:\/\/elixar.it\/pt-pt\/about-us\/"]}]},{"@type":"ImageObject","inLanguage":"pt-PT","@id":"https:\/\/elixar.it\/pt-pt\/about-us\/#primaryimage","url":"https:\/\/i0.wp.com\/elixar.it\/wp-content\/uploads\/2024\/04\/Roots.png?fit=300%2C300&ssl=1","contentUrl":"https:\/\/i0.wp.com\/elixar.it\/wp-content\/uploads\/2024\/04\/Roots.png?fit=300%2C300&ssl=1","width":300,"height":300},{"@type":"BreadcrumbList","@id":"https:\/\/elixar.it\/pt-pt\/about-us\/#breadcrumb","itemListElement":[{"@type":"ListItem","position":1,"name":"Home","item":"https:\/\/elixar.it\/pt-pt\/"},{"@type":"ListItem","position":2,"name":"Sobre n\u00f3s"}]},{"@type":"WebSite","@id":"https:\/\/elixar.it\/pt-pt\/#website","url":"https:\/\/elixar.it\/pt-pt\/","name":"Elixar","description":"activate your senses and shine","publisher":{"@id":"https:\/\/elixar.it\/pt-pt\/#organization"},"potentialAction":[{"@type":"SearchAction","target":{"@type":"EntryPoint","urlTemplate":"https:\/\/elixar.it\/pt-pt\/?s={search_term_string}"},"query-input":{"@type":"PropertyValueSpecification","valueRequired":true,"valueName":"search_term_string"}}],"inLanguage":"pt-PT"},{"@type":"Organization","@id":"https:\/\/elixar.it\/pt-pt\/#organization","name":"Elixar","url":"https:\/\/elixar.it\/pt-pt\/","logo":{"@type":"ImageObject","inLanguage":"pt-PT","@id":"https:\/\/elixar.it\/pt-pt\/#\/schema\/logo\/image\/","url":"https:\/\/i0.wp.com\/elixar.it\/wp-content\/uploads\/2025\/10\/Color-logo-no-flame-no-background-L-Copy.png?fit=2592%2C1267&ssl=1","contentUrl":"https:\/\/i0.wp.com\/elixar.it\/wp-content\/uploads\/2025\/10\/Color-logo-no-flame-no-background-L-Copy.png?fit=2592%2C1267&ssl=1","width":2592,"height":1267,"caption":"Elixar"},"image":{"@id":"https:\/\/elixar.it\/pt-pt\/#\/schema\/logo\/image\/"}}]}},"jetpack_sharing_enabled":true,"jetpack_likes_enabled":true,"jetpack_shortlink":"https:\/\/wp.me\/PeVjk8-21E","jetpack-related-posts":[],"_links":{"self":[{"href":"https:\/\/elixar.it\/pt-pt\/wp-json\/wp\/v2\/pages\/7790","targetHints":{"allow":["GET"]}}],"collection":[{"href":"https:\/\/elixar.it\/pt-pt\/wp-json\/wp\/v2\/pages"}],"about":[{"href":"https:\/\/elixar.it\/pt-pt\/wp-json\/wp\/v2\/types\/page"}],"author":[{"embeddable":true,"href":"https:\/\/elixar.it\/pt-pt\/wp-json\/wp\/v2\/users\/144146929"}],"replies":[{"embeddable":true,"href":"https:\/\/elixar.it\/pt-pt\/wp-json\/wp\/v2\/comments?post=7790"}],"version-history":[{"count":29,"href":"https:\/\/elixar.it\/pt-pt\/wp-json\/wp\/v2\/pages\/7790\/revisions"}],"predecessor-version":[{"id":14577,"href":"https:\/\/elixar.it\/pt-pt\/wp-json\/wp\/v2\/pages\/7790\/revisions\/14577"}],"wp:featuredmedia":[{"embeddable":true,"href":"https:\/\/elixar.it\/pt-pt\/wp-json\/wp\/v2\/media\/7503"}],"wp:attachment":[{"href":"https:\/\/elixar.it\/pt-pt\/wp-json\/wp\/v2\/media?parent=7790"}],"curies":[{"name":"wp","href":"https:\/\/api.w.org\/{rel}","templated":true}]}}