{"id":8755,"date":"2024-08-31T18:03:06","date_gmt":"2024-08-31T16:03:06","guid":{"rendered":"https:\/\/elixar.it\/layering\/"},"modified":"2026-02-09T18:03:32","modified_gmt":"2026-02-09T17:03:32","slug":"infinem","status":"publish","type":"page","link":"https:\/\/elixar.it\/pt-pt\/infinem\/","title":{"rendered":"Infin&#8217;Em"},"content":{"rendered":"\n<div class=\"wp-block-columns is-layout-flex wp-container-core-columns-is-layout-79fb870f wp-block-columns-is-layout-flex\">\n<div class=\"wp-block-column is-layout-flow wp-block-column-is-layout-flow\" style=\"padding-right:var(--wp--preset--spacing--50);padding-left:var(--wp--preset--spacing--50);flex-basis:60%\">\n<div style=\"height:44px\" aria-hidden=\"true\" class=\"wp-block-spacer\"><\/div>\n\n\n\n<h2 class=\"wp-block-heading has-text-align-center has-custom-color-4-color has-text-color has-link-color has-roboto-slab-font-family has-large-font-size wp-elements-0aba7997f6630d48da44bf1f5cc528e4\" style=\"font-style:normal;font-weight:400;letter-spacing:2px\"><strong>Emo\u00e7\u00f5es Infinitas<\/strong><\/h2>\n\n\n\n<div style=\"height:38px\" aria-hidden=\"true\" class=\"wp-block-spacer\"><\/div>\n\n\n\n<p class=\"has-text-align-center has-background-color has-text-color has-link-color has-roboto-slab-font-family wp-elements-e0ee57fbb846c498560b4e558909183a wp-block-paragraph\" style=\"font-style:normal;font-weight:300\">Os perfumes &#8211; <em>Qelia, Olfim\u00e9, Alkyres, Zahemi<\/em> &#8211; exprimem,<br\/>na sua pr\u00f3pria linguagem olfactiva, 4 for\u00e7as cardeais:<br\/>determina\u00e7\u00e3o, criatividade, serenidade, agilidade.<\/p>\n\n\n\n<div style=\"height:20px\" aria-hidden=\"true\" class=\"wp-block-spacer\"><\/div>\n\n\n\n<p class=\"has-text-align-center has-background-color has-text-color has-link-color has-roboto-slab-font-family wp-elements-77597f493ba86e9e2d27d31a55813d91 wp-block-paragraph\" style=\"font-style:normal;font-weight:300\">Desenvolvemos estes 4 perfumes com cuidado para garantir a compatibilidade.<br\/>Para que possam ser pulverizados um sobre o outro<br\/>e revelar alian\u00e7as olfativas surpreendentemente agrad\u00e1veis.<\/p>\n<\/div>\n\n\n\n<div class=\"wp-block-column is-layout-flow wp-block-column-is-layout-flow\" style=\"flex-basis:20%\">\n\t\t<figure class=\"wp-block-jetpack-videopress jetpack-videopress-player aligncenter wp-block-jetpack-videopress--has-max-width\" style=\"max-width: 240px;\" >\n\t\t\t<div class=\"jetpack-videopress-player__wrapper\"> <iframe title=\"VideoPress Video Player\" aria-label='VideoPress Video Player' width='421' height='750' src='https:\/\/videopress.com\/embed\/r1LDiMZm?cover=1&amp;autoPlay=1&amp;controls=0&amp;loop=1&amp;muted=0&amp;persistVolume=1&amp;playsinline=0&amp;preloadContent=metadata&amp;useAverageColor=1&amp;hd=0' frameborder='0' allowfullscreen data-resize-to-parent=\"true\" allow='clipboard-write'><\/iframe><script src='https:\/\/v0.wordpress.com\/js\/next\/videopress-iframe.js?m=1739540970'><\/script><\/div>\n\t\t\t\n\t\t\t\n\t\t<\/figure>\n\t\t<\/div>\n\n\n\n<div class=\"wp-block-column is-layout-flow wp-block-column-is-layout-flow\" style=\"flex-basis:20%\"><\/div>\n<\/div>\n\n<div style=\"height:29px\" aria-hidden=\"true\" class=\"wp-block-spacer\"><\/div>\n\n<div class=\"wp-block-cover aligncenter has-parallax has-aspect-ratio\" style=\"min-height:366px;aspect-ratio:auto;height:unset;min-height:unset;\"><div class=\"wp-block-cover__image-background wp-image-11740 size-large has-parallax\" style=\"background-position:50% 50%;background-image:url(https:\/\/elixar.it\/wp-content\/uploads\/2025\/08\/Infinity-Blends-Pure-1024x341.png)\"><\/div><span aria-hidden=\"true\" class=\"wp-block-cover__background has-background-dim-40 has-background-dim\" style=\"background-color:#950b64\"><\/span><div class=\"wp-block-cover__inner-container is-layout-flow wp-block-cover-is-layout-flow\">\n<figure class=\"wp-block-image aligncenter size-full is-resized\"><img data-recalc-dims=\"1\" decoding=\"async\" src=\"https:\/\/i0.wp.com\/elixar.it\/wp-content\/uploads\/2024\/08\/Infinity-sharp.png?ssl=1\" alt=\"\" class=\"wp-image-8629\" style=\"width:116px;height:auto\"\/><\/figure>\n\n\n\n<p class=\"has-text-align-center has-background-color has-text-color has-link-color has-roboto-slab-font-family has-medium-font-size wp-elements-8204879df93fd99e3dc2d8deb98112f6 wp-block-paragraph\">Este \u00e9 o conceito do Elixar <strong>Infin&#8217;Em<\/strong>\u2122:<\/p>\n\n\n\n<p class=\"has-text-align-center has-background-color has-text-color has-link-color has-roboto-slab-font-family has-large-font-size wp-elements-4f49e8c77c5d3e7ac38392c24d9d23c2 wp-block-paragraph\">ter na pele infinitas formas de criar e transmitir emo\u00e7\u00f5es<\/p>\n\n\n\n<div style=\"height:52px\" aria-hidden=\"true\" class=\"wp-block-spacer\"><\/div>\n\n\n\n<div class=\"wp-block-columns is-layout-flex wp-container-core-columns-is-layout-79fb870f wp-block-columns-is-layout-flex\">\n<div class=\"wp-block-column is-vertically-aligned-center is-layout-flow wp-block-column-is-layout-flow\" style=\"padding-right:var(--wp--preset--spacing--40);padding-left:var(--wp--preset--spacing--40);flex-basis:10%\"><\/div>\n\n\n\n<div class=\"wp-block-column is-vertically-aligned-top is-layout-flow wp-block-column-is-layout-flow\" style=\"padding-right:var(--wp--preset--spacing--40);padding-left:var(--wp--preset--spacing--40);flex-basis:40%\">\n<div data-wp-context=\"{&quot;notices&quot;:[],&quot;hideNextPreviousButtons&quot;:false,&quot;isDisabledPrevious&quot;:true,&quot;isDisabledNext&quot;:false,&quot;ariaLabelPrevious&quot;:&quot;Previous products&quot;,&quot;ariaLabelNext&quot;:&quot;Next products&quot;,&quot;collection&quot;:&quot;woocommerce\\\/product-collection\\\/hand-picked&quot;}\" data-wp-init=\"callbacks.onRender\" data-wp-interactive=\"woocommerce\/product-collection\" data-wp-router-region=\"wc-product-collection-1\" data-__private-preview-state=\"{&quot;isPreview&quot;:false,&quot;previewMessage&quot;:&quot;Actual products will vary depending on the page being viewed.&quot;}\" data-block-name=\"woocommerce\/product-collection\" data-collection=\"woocommerce\/product-collection\/hand-picked\" data-dimensions=\"{&quot;widthType&quot;:&quot;fill&quot;}\" data-display-layout=\"{&quot;type&quot;:&quot;list&quot;,&quot;columns&quot;:2,&quot;shrinkColumns&quot;:true}\" data-hide-controls=\"[&quot;inherit&quot;,&quot;hand-picked&quot;,&quot;filterable&quot;,&quot;order&quot;]\" data-query-context-includes=\"[&quot;collection&quot;]\" data-query-id=\"1\" data-query=\"{&quot;perPage&quot;:1,&quot;pages&quot;:0,&quot;offset&quot;:0,&quot;postType&quot;:&quot;product&quot;,&quot;order&quot;:&quot;asc&quot;,&quot;orderBy&quot;:&quot;post__in&quot;,&quot;search&quot;:&quot;&quot;,&quot;exclude&quot;:[],&quot;inherit&quot;:false,&quot;taxQuery&quot;:[],&quot;isProductCollectionBlock&quot;:true,&quot;featured&quot;:false,&quot;woocommerceOnSale&quot;:false,&quot;woocommerceStockStatus&quot;:[&quot;instock&quot;,&quot;outofstock&quot;,&quot;onbackorder&quot;],&quot;woocommerceAttributes&quot;:[],&quot;woocommerceHandPickedProducts&quot;:[&quot;10655&quot;],&quot;filterable&quot;:false,&quot;relatedBy&quot;:{&quot;categories&quot;:true,&quot;tags&quot;:true}}\" data-tag-name=\"div\" class=\"wp-block-woocommerce-product-collection is-layout-flow wp-block-woocommerce-product-collection-is-layout-flow\">\t\t<div data-wp-interactive=\"woocommerce\/store-notices\" class=\"wc-block-components-notices alignwide\">\n\t\t\t<template data-wp-each--notice=\"state.notices\" data-wp-each-key=\"context.notice.id\">\n\t\t\t\t<div\n\t\t\t\t\tclass=\"wc-block-components-notice-banner\"\n\t\t\t\t\tdata-wp-init=\"callbacks.scrollIntoView\"\n\t\t\t\t\tdata-wp-class--is-error=\"state.isError\"\n\t\t\t\t\tdata-wp-class--is-success=\"state.isSuccess\"\n\t\t\t\t\tdata-wp-class--is-info=\"state.isInfo\"\n\t\t\t\t\tdata-wp-class--is-dismissible=\"context.notice.dismissible\"\n\t\t\t\t\tdata-wp-bind--role=\"state.role\"\n\t\t\t\t\tdata-wp-watch=\"callbacks.injectIcon\"\n\t\t\t\t>\n\t\t\t\t\t<div class=\"wc-block-components-notice-banner__content\">\n\t\t\t\t\t\t<span data-wp-init=\"callbacks.renderNoticeContent\" aria-live=\"assertive\" aria-atomic=\"true\"><\/span>\n\t\t\t\t\t<\/div>\n\t\t\t\t\t<button\n\t\t\t\t\t\tdata-wp-bind--hidden=\"!context.notice.dismissible\"\n\t\t\t\t\t\tclass=\"wc-block-components-button wp-element-button wc-block-components-notice-banner__dismiss contained\"\n\t\t\t\t\t\taria-label=\"Ignorar este aviso\"\n\t\t\t\t\t\tdata-wp-on--click=\"actions.removeNotice\"\n\t\t\t\t\t>\n\t\t\t\t\t\t<svg xmlns=\"http:\/\/www.w3.org\/2000\/svg\" viewBox=\"0 0 24 24\">\n\t\t\t\t\t\t\t<path d=\"M13 11.8l6.1-6.3-1-1-6.1 6.2-6.1-6.2-1 1 6.1 6.3-6.5 6.7 1 1 6.5-6.6 6.5 6.6 1-1z\" \/>\n\t\t\t\t\t\t<\/svg>\n\t\t\t\t\t<\/button>\n\t\t\t\t<\/div>\n\t\t\t<\/template>\n\t\t<\/div>\n\t\t\n<h2 class=\"wp-block-heading has-text-align-center\" style=\"margin-bottom:1rem\"><\/h2>\n\n\n<ul data-block-name=\"woocommerce\/product-template\" class=\"is-product-collection-layout-list  wc-block-product-template wp-block-woocommerce-product-template is-layout-flow wp-block-woocommerce-product-template-is-layout-flow\" data-wp-on--scroll=\"actions.watchScroll\" data-wp-init=\"callbacks.initResizeObserver\"><li class=\"wc-block-product post-10655 product type-product status-publish has-post-thumbnail product_brand-elixar-life product_cat-bubbly product_cat-consultancy product_cat-cosy product_cat-empowered product_cat-enchanted product_cat-events-classes product_cat-focused product_cat-giftsets product_cat-groovy product_cat-learning product_cat-perfumes product_cat-play-pouches product_cat-playful product_cat-serene product_cat-alkyres product_cat-olfime product_cat-qelia product_cat-zahemi product_cat-tempted product_cat-wild product_shipping_class-compact-flammable first instock taxable shipping-taxable purchasable product-type-simple\"\n\t\t\t\t\t\n\t\t\t\tdata-wp-interactive=\"woocommerce\/product-collection\"\n\t\t\t\tdata-wp-context='{\"productId\":10655}'\n\t\t\t\tdata-wp-key=\"product-item-10655\"\n\t\t\t\n\t\t\t\t>\n\t\t\t\t\t\n<div data-block-name=\"woocommerce\/product-image\" data-height=\"\" data-image-sizing=\"thumbnail\" data-is-descendent-of-query-loop=\"true\" data-show-sale-badge=\"false\" data-width=\"\" class=\"wc-block-components-product-image wc-block-grid__product-image wc-block-components-product-image--aspect-ratio-auto wp-block-woocommerce-product-image\"><a href=\"https:\/\/elixar.it\/pt-pt\/product\/play-pouch-qoaz-black\/\" style=\"\" data-wp-on--click=\"woocommerce\/product-collection::actions.viewProduct\"><img decoding=\"async\" width=\"450\" height=\"450\" src=\"https:\/\/i0.wp.com\/elixar.it\/wp-content\/uploads\/2025\/07\/Symbol-r-Play-Pouch.png?resize=450%2C450&amp;ssl=1\" class=\"attachment-woocommerce_thumbnail size-woocommerce_thumbnail\" alt=\"Play Pouch QOAZ - 4x10mL Perfumes - black\" data-testid=\"product-image\" data-image-id=\"12084\" style=\"object-fit:cover;\" loading=\"lazy\" srcset=\"https:\/\/i0.wp.com\/elixar.it\/wp-content\/uploads\/2025\/07\/Symbol-r-Play-Pouch.png?w=600&amp;ssl=1 600w, https:\/\/i0.wp.com\/elixar.it\/wp-content\/uploads\/2025\/07\/Symbol-r-Play-Pouch.png?resize=300%2C300&amp;ssl=1 300w, https:\/\/i0.wp.com\/elixar.it\/wp-content\/uploads\/2025\/07\/Symbol-r-Play-Pouch.png?resize=150%2C150&amp;ssl=1 150w, https:\/\/i0.wp.com\/elixar.it\/wp-content\/uploads\/2025\/07\/Symbol-r-Play-Pouch.png?resize=450%2C450&amp;ssl=1 450w, https:\/\/i0.wp.com\/elixar.it\/wp-content\/uploads\/2025\/07\/Symbol-r-Play-Pouch.png?resize=100%2C100&amp;ssl=1 100w\" sizes=\"auto, (max-width: 450px) 100vw, 450px\" data-attachment-id=\"12084\" data-permalink=\"https:\/\/elixar.it\/pt-pt\/?attachment_id=12084\" data-orig-file=\"https:\/\/i0.wp.com\/elixar.it\/wp-content\/uploads\/2025\/07\/Symbol-r-Play-Pouch.png?fit=600%2C600&amp;ssl=1\" data-orig-size=\"600,600\" data-comments-opened=\"1\" data-image-meta=\"{&quot;aperture&quot;:&quot;0&quot;,&quot;credit&quot;:&quot;&quot;,&quot;camera&quot;:&quot;&quot;,&quot;caption&quot;:&quot;&quot;,&quot;created_timestamp&quot;:&quot;0&quot;,&quot;copyright&quot;:&quot;&quot;,&quot;focal_length&quot;:&quot;0&quot;,&quot;iso&quot;:&quot;0&quot;,&quot;shutter_speed&quot;:&quot;0&quot;,&quot;title&quot;:&quot;&quot;,&quot;orientation&quot;:&quot;0&quot;}\" data-image-title=\"Symbol r Play Pouch\" data-image-description=\"\" data-image-caption=\"\" data-large-file=\"https:\/\/i0.wp.com\/elixar.it\/wp-content\/uploads\/2025\/07\/Symbol-r-Play-Pouch.png?fit=600%2C600&amp;ssl=1\" \/><div class=\"wc-block-components-product-image__inner-container\">\n\n<\/div><\/a><\/div>\n\n<h2 style=\"font-style:normal;font-weight:400;line-height:1.4; margin-bottom:0.75rem;margin-top:0;\" class=\"has-text-align-center has-link-color wp-elements-7a2e388eecfe72711232942e5b235447 wp-block-post-title has-text-color has-background-color has-medium-font-size\"><a data-wp-on--click=\"woocommerce\/product-collection::actions.viewProduct\" href=\"https:\/\/elixar.it\/pt-pt\/product\/play-pouch-qoaz-black\/\" target=\"_self\" >Play Pouch QOAZ &#8211; 4x10mL Perfumes &#8211; black<\/a><\/h2>\n\n\t\t\t\t<\/li><\/ul>\n\n\n<div class=\"wp-block-columns is-layout-flex wp-container-core-columns-is-layout-79fb870f wp-block-columns-is-layout-flex\">\n<div class=\"wp-block-column is-layout-flow wp-block-column-is-layout-flow\"><\/div>\n\n\n\n<div class=\"wp-block-column is-layout-flow wp-block-column-is-layout-flow\"><\/div>\n<\/div>\n\n\n<\/div>\n<\/div>\n\n\n\n<div class=\"wp-block-column is-vertically-aligned-top is-layout-flow wp-block-column-is-layout-flow\" style=\"padding-right:var(--wp--preset--spacing--40);padding-left:var(--wp--preset--spacing--40);flex-basis:40%\">\n<h4 class=\"wp-block-heading has-text-align-center has-background-color has-text-color has-link-color has-roboto-slab-font-family has-medium-font-size wp-elements-3682a3390226026b3f1d910d2aed51c3\" style=\"font-style:normal;font-weight:300\">Perfume Play Ritual<\/h4>\n\n\n\n<ul style=\"font-style:normal;font-weight:100\" class=\"wp-block-list has-background-color has-text-color has-link-color has-roboto-slab-font-family wp-elements-365c78f0836d8d70e1f9003335f77a84\">\n<li class=\"has-background-color has-text-color has-link-color wp-elements-0ed00c4b520c960dc7740930d8a7df50\"><em><em>Mantenha a bolsa consigo em todos os lugares<\/em><\/em><\/li>\n\n\n\n<li class=\"has-background-color has-text-color has-link-color wp-elements-d089d7945c7caa9ade2db8c482e0f5ef\"><em><em><em>Escolha um momento especial sozinho ou acompanhado<\/em><\/em><\/em><\/li>\n\n\n\n<li class=\"has-background-color has-text-color has-link-color wp-elements-3c0e090341401e0017bd006511ed156c\"><em><em><em>Escolha um perfume para dar o mote<\/em><\/em><\/em><\/li>\n\n\n\n<li><em>Sobreponha dois ou mais perfumes para mudar o humor e surpreend\u00ea-lo<\/em><\/li>\n\n\n\n<li><em><em>Inspire a assinatura que ela cria na sua pele e na pele dos outros<\/em><\/em><\/li>\n\n\n\n<li><em><em><em>O que lhe diz sobre si, os outros, as suas liga\u00e7\u00f5es?<\/em><\/em><\/em><\/li>\n\n\n\n<li><em><em><em><em>Abrace a experi\u00eancia: visualize um sonho, toque nas texturas, ou\u00e7a e sinta&#8230;<\/em><\/em><\/em><\/em><\/li>\n<\/ul>\n\n\n\n<p class=\"has-text-align-right has-background-color has-text-color has-link-color has-roboto-slab-font-family wp-elements-317e8f8ddee62996b55aff11ce1e9db6 wp-block-paragraph\" style=\"font-style:normal;font-weight:100\"><em>&#8230;tornar-se alquimista dos sentidos<\/em><\/p>\n<\/div>\n\n\n\n<div class=\"wp-block-column is-vertically-aligned-top is-layout-flow wp-block-column-is-layout-flow\" style=\"padding-right:var(--wp--preset--spacing--40);padding-left:var(--wp--preset--spacing--40);flex-basis:10%\"><\/div>\n<\/div>\n\n\n\n<div style=\"height:47px\" aria-hidden=\"true\" class=\"wp-block-spacer\"><\/div>\n<\/div><\/div>\n\n<p class=\"has-text-align-center has-cyan-bluish-gray-color has-text-color has-link-color has-small-font-size wp-elements-9bad5925045ce657344eab7b6a634c05 wp-block-paragraph\"><em><strong>Infin&#8217;Em<\/strong> \u00e9 um conceito e marca registada da Elixar S.R.L. &#8211;<\/em> <strong>todos os direitos reservados<\/strong><\/p>\n\n<div style=\"height:47px\" aria-hidden=\"true\" class=\"wp-block-spacer\"><\/div>\n\n<p class=\"has-text-align-center has-roboto-slab-font-family has-large-font-size wp-block-paragraph\" style=\"font-style:normal;font-weight:400\"><a href=\"https:\/\/elixar.it\/soundscape\/\">Visite a &#8216;Soundscape&#8217; do Elixar<\/a><\/p>\n\n<figure class=\"wp-block-image aligncenter size-full is-resized\"><a href=\"https:\/\/elixar.it\/soundscape\/\"><img data-recalc-dims=\"1\" loading=\"lazy\" decoding=\"async\" width=\"300\" height=\"300\" src=\"https:\/\/i0.wp.com\/elixar.it\/wp-content\/uploads\/2025\/07\/Music-Vibe.png?resize=300%2C300&#038;ssl=1\" alt=\"\" class=\"wp-image-10850\" style=\"width:78px;height:auto\" srcset=\"https:\/\/i0.wp.com\/elixar.it\/wp-content\/uploads\/2025\/07\/Music-Vibe.png?w=300&amp;ssl=1 300w, https:\/\/i0.wp.com\/elixar.it\/wp-content\/uploads\/2025\/07\/Music-Vibe.png?resize=150%2C150&amp;ssl=1 150w, https:\/\/i0.wp.com\/elixar.it\/wp-content\/uploads\/2025\/07\/Music-Vibe.png?resize=100%2C100&amp;ssl=1 100w\" sizes=\"auto, (max-width: 300px) 100vw, 300px\" \/><\/a><\/figure>\n\n<div style=\"height:47px\" aria-hidden=\"true\" class=\"wp-block-spacer\"><\/div>\n","protected":false},"excerpt":{"rendered":"<p>Emo\u00e7\u00f5es Infinitas Os perfumes &#8211; Qelia, Olfim\u00e9, Alkyres, Zahemi &#8211; exprimem,na sua pr\u00f3pria linguagem olfactiva, 4 for\u00e7as cardeais:determina\u00e7\u00e3o, criatividade, serenidade, agilidade. Desenvolvemos estes 4 perfumes com cuidado para garantir a compatibilidade.Para que possam ser pulverizados um sobre o outroe revelar alian\u00e7as olfativas surpreendentemente agrad\u00e1veis. Infin&#8217;Em \u00e9 um conceito e marca registada da Elixar S.R.L. &#8211; [&hellip;]<\/p>\n","protected":false},"author":144146929,"featured_media":0,"parent":0,"menu_order":0,"comment_status":"closed","ping_status":"closed","template":"wp-custom-template-home-multilingual","meta":{"_crdt_document":"","footnotes":""},"class_list":["post-8755","page","type-page","status-publish","hentry"],"yoast_head":"<!-- This site is optimized with the Yoast SEO plugin v27.4 - https:\/\/yoast.com\/product\/yoast-seo-wordpress\/ -->\n<title>Infin&#039;Em - Elixar<\/title>\n<meta name=\"robots\" content=\"index, follow, max-snippet:-1, max-image-preview:large, max-video-preview:-1\" \/>\n<link rel=\"canonical\" href=\"https:\/\/elixar.it\/pt-pt\/infinem\/\" \/>\n<meta property=\"og:locale\" content=\"pt_PT\" \/>\n<meta property=\"og:type\" content=\"article\" \/>\n<meta property=\"og:title\" content=\"Infin&#039;Em - Elixar\" \/>\n<meta property=\"og:description\" content=\"Emo\u00e7\u00f5es Infinitas Os perfumes &#8211; Qelia, Olfim\u00e9, Alkyres, Zahemi &#8211; exprimem,na sua pr\u00f3pria linguagem olfactiva, 4 for\u00e7as cardeais:determina\u00e7\u00e3o, criatividade, serenidade, agilidade. Desenvolvemos estes 4 perfumes com cuidado para garantir a compatibilidade.Para que possam ser pulverizados um sobre o outroe revelar alian\u00e7as olfativas surpreendentemente agrad\u00e1veis. Infin&#8217;Em \u00e9 um conceito e marca registada da Elixar S.R.L. &#8211; [&hellip;]\" \/>\n<meta property=\"og:url\" content=\"https:\/\/elixar.it\/pt-pt\/infinem\/\" \/>\n<meta property=\"og:site_name\" content=\"Elixar\" \/>\n<meta property=\"article:modified_time\" content=\"2026-02-09T17:03:32+00:00\" \/>\n<meta property=\"og:image\" content=\"https:\/\/i0.wp.com\/elixar.it\/wp-content\/uploads\/2024\/08\/Infinity-sharp.png?fit=300%2C300&ssl=1\" \/>\n\t<meta property=\"og:image:width\" content=\"300\" \/>\n\t<meta property=\"og:image:height\" content=\"300\" \/>\n\t<meta property=\"og:image:type\" content=\"image\/png\" \/>\n<meta name=\"twitter:card\" content=\"summary_large_image\" \/>\n<meta name=\"twitter:label1\" content=\"Tempo estimado de leitura\" \/>\n\t<meta name=\"twitter:data1\" content=\"1 minuto\" \/>\n<script type=\"application\/ld+json\" class=\"yoast-schema-graph\">{\"@context\":\"https:\\\/\\\/schema.org\",\"@graph\":[{\"@type\":\"WebPage\",\"@id\":\"https:\\\/\\\/elixar.it\\\/pt-pt\\\/infinem\\\/\",\"url\":\"https:\\\/\\\/elixar.it\\\/pt-pt\\\/infinem\\\/\",\"name\":\"Infin'Em - Elixar\",\"isPartOf\":{\"@id\":\"https:\\\/\\\/elixar.it\\\/pt-pt\\\/#website\"},\"primaryImageOfPage\":{\"@id\":\"https:\\\/\\\/elixar.it\\\/pt-pt\\\/infinem\\\/#primaryimage\"},\"image\":{\"@id\":\"https:\\\/\\\/elixar.it\\\/pt-pt\\\/infinem\\\/#primaryimage\"},\"thumbnailUrl\":\"https:\\\/\\\/elixar.it\\\/wp-content\\\/uploads\\\/2024\\\/08\\\/Infinity-sharp.png\",\"datePublished\":\"2024-08-31T16:03:06+00:00\",\"dateModified\":\"2026-02-09T17:03:32+00:00\",\"breadcrumb\":{\"@id\":\"https:\\\/\\\/elixar.it\\\/pt-pt\\\/infinem\\\/#breadcrumb\"},\"inLanguage\":\"pt-PT\",\"potentialAction\":[{\"@type\":\"ReadAction\",\"target\":[\"https:\\\/\\\/elixar.it\\\/pt-pt\\\/infinem\\\/\"]}]},{\"@type\":\"ImageObject\",\"inLanguage\":\"pt-PT\",\"@id\":\"https:\\\/\\\/elixar.it\\\/pt-pt\\\/infinem\\\/#primaryimage\",\"url\":\"https:\\\/\\\/elixar.it\\\/wp-content\\\/uploads\\\/2024\\\/08\\\/Infinity-sharp.png\",\"contentUrl\":\"https:\\\/\\\/elixar.it\\\/wp-content\\\/uploads\\\/2024\\\/08\\\/Infinity-sharp.png\"},{\"@type\":\"BreadcrumbList\",\"@id\":\"https:\\\/\\\/elixar.it\\\/pt-pt\\\/infinem\\\/#breadcrumb\",\"itemListElement\":[{\"@type\":\"ListItem\",\"position\":1,\"name\":\"Home\",\"item\":\"https:\\\/\\\/elixar.it\\\/pt-pt\\\/\"},{\"@type\":\"ListItem\",\"position\":2,\"name\":\"Infin&#8217;Em\"}]},{\"@type\":\"WebSite\",\"@id\":\"https:\\\/\\\/elixar.it\\\/pt-pt\\\/#website\",\"url\":\"https:\\\/\\\/elixar.it\\\/pt-pt\\\/\",\"name\":\"Elixar\",\"description\":\"activate your senses and shine\",\"publisher\":{\"@id\":\"https:\\\/\\\/elixar.it\\\/pt-pt\\\/#organization\"},\"potentialAction\":[{\"@type\":\"SearchAction\",\"target\":{\"@type\":\"EntryPoint\",\"urlTemplate\":\"https:\\\/\\\/elixar.it\\\/pt-pt\\\/?s={search_term_string}\"},\"query-input\":{\"@type\":\"PropertyValueSpecification\",\"valueRequired\":true,\"valueName\":\"search_term_string\"}}],\"inLanguage\":\"pt-PT\"},{\"@type\":\"Organization\",\"@id\":\"https:\\\/\\\/elixar.it\\\/pt-pt\\\/#organization\",\"name\":\"Elixar\",\"url\":\"https:\\\/\\\/elixar.it\\\/pt-pt\\\/\",\"logo\":{\"@type\":\"ImageObject\",\"inLanguage\":\"pt-PT\",\"@id\":\"https:\\\/\\\/elixar.it\\\/pt-pt\\\/#\\\/schema\\\/logo\\\/image\\\/\",\"url\":\"https:\\\/\\\/i0.wp.com\\\/elixar.it\\\/wp-content\\\/uploads\\\/2025\\\/10\\\/Color-logo-no-flame-no-background-L-Copy.png?fit=2592%2C1267&ssl=1\",\"contentUrl\":\"https:\\\/\\\/i0.wp.com\\\/elixar.it\\\/wp-content\\\/uploads\\\/2025\\\/10\\\/Color-logo-no-flame-no-background-L-Copy.png?fit=2592%2C1267&ssl=1\",\"width\":2592,\"height\":1267,\"caption\":\"Elixar\"},\"image\":{\"@id\":\"https:\\\/\\\/elixar.it\\\/pt-pt\\\/#\\\/schema\\\/logo\\\/image\\\/\"}}]}<\/script>\n<!-- \/ Yoast SEO plugin. -->","yoast_head_json":{"title":"Infin'Em - Elixar","robots":{"index":"index","follow":"follow","max-snippet":"max-snippet:-1","max-image-preview":"max-image-preview:large","max-video-preview":"max-video-preview:-1"},"canonical":"https:\/\/elixar.it\/pt-pt\/infinem\/","og_locale":"pt_PT","og_type":"article","og_title":"Infin'Em - Elixar","og_description":"Emo\u00e7\u00f5es Infinitas Os perfumes &#8211; Qelia, Olfim\u00e9, Alkyres, Zahemi &#8211; exprimem,na sua pr\u00f3pria linguagem olfactiva, 4 for\u00e7as cardeais:determina\u00e7\u00e3o, criatividade, serenidade, agilidade. Desenvolvemos estes 4 perfumes com cuidado para garantir a compatibilidade.Para que possam ser pulverizados um sobre o outroe revelar alian\u00e7as olfativas surpreendentemente agrad\u00e1veis. Infin&#8217;Em \u00e9 um conceito e marca registada da Elixar S.R.L. &#8211; [&hellip;]","og_url":"https:\/\/elixar.it\/pt-pt\/infinem\/","og_site_name":"Elixar","article_modified_time":"2026-02-09T17:03:32+00:00","og_image":[{"width":300,"height":300,"url":"https:\/\/i0.wp.com\/elixar.it\/wp-content\/uploads\/2024\/08\/Infinity-sharp.png?fit=300%2C300&ssl=1","type":"image\/png"}],"twitter_card":"summary_large_image","twitter_misc":{"Tempo estimado de leitura":"1 minuto"},"schema":{"@context":"https:\/\/schema.org","@graph":[{"@type":"WebPage","@id":"https:\/\/elixar.it\/pt-pt\/infinem\/","url":"https:\/\/elixar.it\/pt-pt\/infinem\/","name":"Infin'Em - Elixar","isPartOf":{"@id":"https:\/\/elixar.it\/pt-pt\/#website"},"primaryImageOfPage":{"@id":"https:\/\/elixar.it\/pt-pt\/infinem\/#primaryimage"},"image":{"@id":"https:\/\/elixar.it\/pt-pt\/infinem\/#primaryimage"},"thumbnailUrl":"https:\/\/elixar.it\/wp-content\/uploads\/2024\/08\/Infinity-sharp.png","datePublished":"2024-08-31T16:03:06+00:00","dateModified":"2026-02-09T17:03:32+00:00","breadcrumb":{"@id":"https:\/\/elixar.it\/pt-pt\/infinem\/#breadcrumb"},"inLanguage":"pt-PT","potentialAction":[{"@type":"ReadAction","target":["https:\/\/elixar.it\/pt-pt\/infinem\/"]}]},{"@type":"ImageObject","inLanguage":"pt-PT","@id":"https:\/\/elixar.it\/pt-pt\/infinem\/#primaryimage","url":"https:\/\/elixar.it\/wp-content\/uploads\/2024\/08\/Infinity-sharp.png","contentUrl":"https:\/\/elixar.it\/wp-content\/uploads\/2024\/08\/Infinity-sharp.png"},{"@type":"BreadcrumbList","@id":"https:\/\/elixar.it\/pt-pt\/infinem\/#breadcrumb","itemListElement":[{"@type":"ListItem","position":1,"name":"Home","item":"https:\/\/elixar.it\/pt-pt\/"},{"@type":"ListItem","position":2,"name":"Infin&#8217;Em"}]},{"@type":"WebSite","@id":"https:\/\/elixar.it\/pt-pt\/#website","url":"https:\/\/elixar.it\/pt-pt\/","name":"Elixar","description":"activate your senses and shine","publisher":{"@id":"https:\/\/elixar.it\/pt-pt\/#organization"},"potentialAction":[{"@type":"SearchAction","target":{"@type":"EntryPoint","urlTemplate":"https:\/\/elixar.it\/pt-pt\/?s={search_term_string}"},"query-input":{"@type":"PropertyValueSpecification","valueRequired":true,"valueName":"search_term_string"}}],"inLanguage":"pt-PT"},{"@type":"Organization","@id":"https:\/\/elixar.it\/pt-pt\/#organization","name":"Elixar","url":"https:\/\/elixar.it\/pt-pt\/","logo":{"@type":"ImageObject","inLanguage":"pt-PT","@id":"https:\/\/elixar.it\/pt-pt\/#\/schema\/logo\/image\/","url":"https:\/\/i0.wp.com\/elixar.it\/wp-content\/uploads\/2025\/10\/Color-logo-no-flame-no-background-L-Copy.png?fit=2592%2C1267&ssl=1","contentUrl":"https:\/\/i0.wp.com\/elixar.it\/wp-content\/uploads\/2025\/10\/Color-logo-no-flame-no-background-L-Copy.png?fit=2592%2C1267&ssl=1","width":2592,"height":1267,"caption":"Elixar"},"image":{"@id":"https:\/\/elixar.it\/pt-pt\/#\/schema\/logo\/image\/"}}]}},"jetpack_sharing_enabled":true,"jetpack_likes_enabled":true,"jetpack_shortlink":"https:\/\/wp.me\/PeVjk8-2hd","jetpack-related-posts":[],"_links":{"self":[{"href":"https:\/\/elixar.it\/pt-pt\/wp-json\/wp\/v2\/pages\/8755","targetHints":{"allow":["GET"]}}],"collection":[{"href":"https:\/\/elixar.it\/pt-pt\/wp-json\/wp\/v2\/pages"}],"about":[{"href":"https:\/\/elixar.it\/pt-pt\/wp-json\/wp\/v2\/types\/page"}],"author":[{"embeddable":true,"href":"https:\/\/elixar.it\/pt-pt\/wp-json\/wp\/v2\/users\/144146929"}],"replies":[{"embeddable":true,"href":"https:\/\/elixar.it\/pt-pt\/wp-json\/wp\/v2\/comments?post=8755"}],"version-history":[{"count":11,"href":"https:\/\/elixar.it\/pt-pt\/wp-json\/wp\/v2\/pages\/8755\/revisions"}],"predecessor-version":[{"id":14585,"href":"https:\/\/elixar.it\/pt-pt\/wp-json\/wp\/v2\/pages\/8755\/revisions\/14585"}],"wp:attachment":[{"href":"https:\/\/elixar.it\/pt-pt\/wp-json\/wp\/v2\/media?parent=8755"}],"curies":[{"name":"wp","href":"https:\/\/api.w.org\/{rel}","templated":true}]}}